{"id":3158,"date":"2019-04-20T06:34:36","date_gmt":"2019-04-20T06:34:36","guid":{"rendered":"http:\/\/veda.polac.cz\/?page_id=3158"},"modified":"2019-04-20T06:43:14","modified_gmt":"2019-04-20T06:43:14","slug":"13-2","status":"publish","type":"page","link":"https:\/\/veda.polac.cz\/?page_id=3158","title":{"rendered":""},"content":{"rendered":"<p style=\"text-align: center;\">Resum\u00e9 \u010dl\u00e1nku<\/p>\n<p style=\"font-weight: 400;\"><strong>V\u00fdznam informa\u010dn\u00edho syst\u00e9mu pro slu\u017ebu po\u0159\u00e1dkov\u00e9 policie<br \/>\n<\/strong><em>Mgr. Zden\u011bk Chmela, Bc. Petr K\u016fstka<\/em><\/p>\n<p style=\"font-weight: 400;\">Auto\u0159i se ve sv\u00e9m \u010dl\u00e1nku zab\u00fdvaj\u00ed v\u00fdznamem informa\u010dn\u00edho syst\u00e9mu z\u00a0hlediska pot\u0159eb Policie \u010cR, a to zejm\u00e9na z hlediska slu\u017eby po\u0159\u00e1dkov\u00e9 policie. C\u00edlem je administrativn\u011b zjednodu\u0161it trestn\u00ed \u0159\u00edzen\u00ed p\u0159eveden\u00edm\u00a0\u00a0dat do elektronick\u00e9 podoby. Po zku\u0161ebn\u00edm provozu bude zaveden do rutinn\u00edho provozu.<br \/>\n<strong>Kl\u00ed\u010dov\u00e1 slova:<\/strong>\u00a0informa\u010dn\u00ed syst\u00e9m, evidence trestn\u00edho \u0159\u00edzen\u00ed, pojem informace, kriminalisticky sledovan\u00e9 ud\u00e1losti.<\/p>\n<hr \/>\n<p><a href=\"https:\/\/veda.polac.cz\/?page_id=1645\">Zp\u011bt<\/a><\/p>\n","protected":false},"excerpt":{"rendered":"<p>Resum\u00e9 \u010dl\u00e1nku V\u00fdznam informa\u010dn\u00edho syst\u00e9mu pro slu\u017ebu po\u0159\u00e1dkov\u00e9 policie Mgr. Zden\u011bk Chmela, Bc. Petr K\u016fstka Auto\u0159i se ve sv\u00e9m \u010dl\u00e1nku zab\u00fdvaj\u00ed v\u00fdznamem informa\u010dn\u00edho syst\u00e9mu z\u00a0hlediska pot\u0159eb Policie \u010cR, a to zejm\u00e9na z hlediska slu\u017eby po\u0159\u00e1dkov\u00e9 policie. C\u00edlem je administrativn\u011b zjednodu\u0161it trestn\u00ed \u0159\u00edzen\u00ed p\u0159eveden\u00edm\u00a0\u00a0dat do elektronick\u00e9 podoby. Po zku\u0161ebn\u00edm provozu bude zaveden do rutinn\u00edho provozu. Kl\u00ed\u010dov\u00e1 [&hellip;]<\/p>\n","protected":false},"author":2,"featured_media":0,"parent":1645,"menu_order":0,"comment_status":"closed","ping_status":"closed","template":"","meta":{"footnotes":""},"class_list":["post-3158","page","type-page","status-publish","hentry"],"_links":{"self":[{"href":"https:\/\/veda.polac.cz\/index.php?rest_route=\/wp\/v2\/pages\/3158","targetHints":{"allow":["GET"]}}],"collection":[{"href":"https:\/\/veda.polac.cz\/index.php?rest_route=\/wp\/v2\/pages"}],"about":[{"href":"https:\/\/veda.polac.cz\/index.php?rest_route=\/wp\/v2\/types\/page"}],"author":[{"embeddable":true,"href":"https:\/\/veda.polac.cz\/index.php?rest_route=\/wp\/v2\/users\/2"}],"replies":[{"embeddable":true,"href":"https:\/\/veda.polac.cz\/index.php?rest_route=%2Fwp%2Fv2%2Fcomments&post=3158"}],"version-history":[{"count":2,"href":"https:\/\/veda.polac.cz\/index.php?rest_route=\/wp\/v2\/pages\/3158\/revisions"}],"predecessor-version":[{"id":3176,"href":"https:\/\/veda.polac.cz\/index.php?rest_route=\/wp\/v2\/pages\/3158\/revisions\/3176"}],"up":[{"embeddable":true,"href":"https:\/\/veda.polac.cz\/index.php?rest_route=\/wp\/v2\/pages\/1645"}],"wp:attachment":[{"href":"https:\/\/veda.polac.cz\/index.php?rest_route=%2Fwp%2Fv2%2Fmedia&parent=3158"}],"curies":[{"name":"wp","href":"https:\/\/api.w.org\/{rel}","templated":true}]}}