{"id":3156,"date":"2019-04-20T06:33:18","date_gmt":"2019-04-20T06:33:18","guid":{"rendered":"http:\/\/veda.polac.cz\/?page_id=3156"},"modified":"2019-04-20T06:43:12","modified_gmt":"2019-04-20T06:43:12","slug":"12-2","status":"publish","type":"page","link":"https:\/\/veda.polac.cz\/?page_id=3156","title":{"rendered":""},"content":{"rendered":"<p style=\"text-align: center;\">Resum\u00e9 \u010dl\u00e1nku<\/p>\n<p style=\"font-weight: 400;\"><strong>Fenom\u00e9n dopravn\u00edch nehod silni\u010dn\u00ed n\u00e1kladn\u00ed dopravy<br \/>\n<\/strong><em>doc. PhDr. Kamil Pavl\u00ed\u010dek, CSc.<\/em><\/p>\n<p style=\"font-weight: 400;\">Aktu\u00e1ln\u00ed probl\u00e9m &#8211; dopravn\u00ed nehodovost silni\u010dn\u00ed n\u00e1kladn\u00ed dopravy je nutno hodnotit syst\u00e9mov\u011b, z \u0159ady hodnot\u00edc\u00edch hledisek, kter\u00e1 maj\u00ed navz\u00e1jem velmi \u00fazk\u00e9 vazby a souvislosti. V\u00e1\u017en\u00e9 ot\u00e1zky \u0159idi\u010d\u016f a \u0159idi\u010dsk\u00e9 profese maj\u00ed pro \u0159e\u0161en\u00ed dopravn\u00ed nehodovosti tohoto druhu vozidel zcela z\u00e1sadn\u00ed v\u00fdznam. S t\u00edm souvis\u00ed i ot\u00e1zky specializace dohledu Policie \u010cR na tuto, spole\u010densky citlivou, oblast silni\u010dn\u00edho provozu.<br \/>\n<strong>Kl\u00ed\u010dov\u00e1 slova:<\/strong>\u00a0Silni\u010dn\u00ed n\u00e1kladn\u00ed doprava, dopravn\u00ed nehodovost, p\u0159\u00ed\u010diny dopravn\u00edch nehod, druhy n\u00e1kladn\u00edch vozidel, \u0159idi\u010di s kr\u00e1tkou dobou \u0159idi\u010dsk\u00e9 praxe, media-lizace dopravn\u00ed nehodovosti.<\/p>\n<hr \/>\n<p><a href=\"https:\/\/veda.polac.cz\/?page_id=1645\">Zp\u011bt<\/a><\/p>\n","protected":false},"excerpt":{"rendered":"<p>Resum\u00e9 \u010dl\u00e1nku Fenom\u00e9n dopravn\u00edch nehod silni\u010dn\u00ed n\u00e1kladn\u00ed dopravy doc. PhDr. Kamil Pavl\u00ed\u010dek, CSc. Aktu\u00e1ln\u00ed probl\u00e9m &#8211; dopravn\u00ed nehodovost silni\u010dn\u00ed n\u00e1kladn\u00ed dopravy je nutno hodnotit syst\u00e9mov\u011b, z \u0159ady hodnot\u00edc\u00edch hledisek, kter\u00e1 maj\u00ed navz\u00e1jem velmi \u00fazk\u00e9 vazby a souvislosti. V\u00e1\u017en\u00e9 ot\u00e1zky \u0159idi\u010d\u016f a \u0159idi\u010dsk\u00e9 profese maj\u00ed pro \u0159e\u0161en\u00ed dopravn\u00ed nehodovosti tohoto druhu vozidel zcela z\u00e1sadn\u00ed v\u00fdznam. S [&hellip;]<\/p>\n","protected":false},"author":2,"featured_media":0,"parent":1645,"menu_order":0,"comment_status":"closed","ping_status":"closed","template":"","meta":{"footnotes":""},"class_list":["post-3156","page","type-page","status-publish","hentry"],"_links":{"self":[{"href":"https:\/\/veda.polac.cz\/index.php?rest_route=\/wp\/v2\/pages\/3156","targetHints":{"allow":["GET"]}}],"collection":[{"href":"https:\/\/veda.polac.cz\/index.php?rest_route=\/wp\/v2\/pages"}],"about":[{"href":"https:\/\/veda.polac.cz\/index.php?rest_route=\/wp\/v2\/types\/page"}],"author":[{"embeddable":true,"href":"https:\/\/veda.polac.cz\/index.php?rest_route=\/wp\/v2\/users\/2"}],"replies":[{"embeddable":true,"href":"https:\/\/veda.polac.cz\/index.php?rest_route=%2Fwp%2Fv2%2Fcomments&post=3156"}],"version-history":[{"count":2,"href":"https:\/\/veda.polac.cz\/index.php?rest_route=\/wp\/v2\/pages\/3156\/revisions"}],"predecessor-version":[{"id":3175,"href":"https:\/\/veda.polac.cz\/index.php?rest_route=\/wp\/v2\/pages\/3156\/revisions\/3175"}],"up":[{"embeddable":true,"href":"https:\/\/veda.polac.cz\/index.php?rest_route=\/wp\/v2\/pages\/1645"}],"wp:attachment":[{"href":"https:\/\/veda.polac.cz\/index.php?rest_route=%2Fwp%2Fv2%2Fmedia&parent=3156"}],"curies":[{"name":"wp","href":"https:\/\/api.w.org\/{rel}","templated":true}]}}