{"id":3154,"date":"2019-04-20T06:32:02","date_gmt":"2019-04-20T06:32:02","guid":{"rendered":"http:\/\/veda.polac.cz\/?page_id=3154"},"modified":"2019-04-20T06:43:08","modified_gmt":"2019-04-20T06:43:08","slug":"11-2","status":"publish","type":"page","link":"https:\/\/veda.polac.cz\/?page_id=3154","title":{"rendered":""},"content":{"rendered":"<p style=\"text-align: center;\">Resum\u00e9 \u010dl\u00e1nku<\/p>\n<p style=\"font-weight: 400;\"><strong>Hled\u00e1n\u00ed optim\u00e1ln\u00edch p\u0159\u00edstup\u016f k \u00fa\u010dinn\u00e9 prevenci dopravn\u00ed nehodovosti za\u010d\u00ednaj\u00edc\u00edch \u0159idi\u010d\u016f<br \/>\n<\/strong><em>doc. PhDr. Kamil Pavl\u00ed\u010dek, CSc., pplk. Mgr. David Z\u00e1mek<\/em><\/p>\n<p style=\"font-weight: 400;\">Studie si klade za c\u00edl nal\u00e9zt a zmapovat strukturu poznatk\u016f a p\u0159\u00edstup\u016f k\u00a0pon\u011bkud u\u017e\u0161\u00ed oblasti dopravn\u011b bezpe\u010dnostn\u00ed prevence, kter\u00e1 se t\u00fdk\u00e1 v sou\u010dasn\u00e9 dob\u011b u n\u00e1s velmi akcentovan\u00e9ho probl\u00e9mu, kter\u00fd je mo\u017eno ozna\u010dit ve zcela ned\u00e1vn\u00e9m obdob\u00ed jako neopr\u00e1vn\u011bn\u011b opom\u00edjen\u00fd a sou\u010dasn\u011b i nedostate\u010dn\u011b reflekto-van\u00fd v oblasti pr\u00e1vn\u00ed \u00fapravy zasahuj\u00edc\u00ed do sledovan\u00e9 oblasti zkoum\u00e1n\u00ed.<br \/>\n<strong>Kl\u00ed\u010dov\u00e1 slova:<\/strong>\u00a0dopravn\u00ed nehoda, Policie \u010cR, \u0159\u00edzen\u00ed motorov\u00fdch vozidel, prevence, dopravn\u00ed prost\u0159edky, za\u010d\u00ednaj\u00edc\u00ed \u0159idi\u010d.<\/p>\n<hr \/>\n<p><a href=\"https:\/\/veda.polac.cz\/?page_id=1645\">Zp\u011bt<\/a><\/p>\n","protected":false},"excerpt":{"rendered":"<p>Resum\u00e9 \u010dl\u00e1nku Hled\u00e1n\u00ed optim\u00e1ln\u00edch p\u0159\u00edstup\u016f k \u00fa\u010dinn\u00e9 prevenci dopravn\u00ed nehodovosti za\u010d\u00ednaj\u00edc\u00edch \u0159idi\u010d\u016f doc. PhDr. Kamil Pavl\u00ed\u010dek, CSc., pplk. Mgr. David Z\u00e1mek Studie si klade za c\u00edl nal\u00e9zt a zmapovat strukturu poznatk\u016f a p\u0159\u00edstup\u016f k\u00a0pon\u011bkud u\u017e\u0161\u00ed oblasti dopravn\u011b bezpe\u010dnostn\u00ed prevence, kter\u00e1 se t\u00fdk\u00e1 v sou\u010dasn\u00e9 dob\u011b u n\u00e1s velmi akcentovan\u00e9ho probl\u00e9mu, kter\u00fd je mo\u017eno ozna\u010dit ve [&hellip;]<\/p>\n","protected":false},"author":2,"featured_media":0,"parent":1645,"menu_order":0,"comment_status":"closed","ping_status":"closed","template":"","meta":{"footnotes":""},"class_list":["post-3154","page","type-page","status-publish","hentry"],"_links":{"self":[{"href":"https:\/\/veda.polac.cz\/index.php?rest_route=\/wp\/v2\/pages\/3154","targetHints":{"allow":["GET"]}}],"collection":[{"href":"https:\/\/veda.polac.cz\/index.php?rest_route=\/wp\/v2\/pages"}],"about":[{"href":"https:\/\/veda.polac.cz\/index.php?rest_route=\/wp\/v2\/types\/page"}],"author":[{"embeddable":true,"href":"https:\/\/veda.polac.cz\/index.php?rest_route=\/wp\/v2\/users\/2"}],"replies":[{"embeddable":true,"href":"https:\/\/veda.polac.cz\/index.php?rest_route=%2Fwp%2Fv2%2Fcomments&post=3154"}],"version-history":[{"count":2,"href":"https:\/\/veda.polac.cz\/index.php?rest_route=\/wp\/v2\/pages\/3154\/revisions"}],"predecessor-version":[{"id":3174,"href":"https:\/\/veda.polac.cz\/index.php?rest_route=\/wp\/v2\/pages\/3154\/revisions\/3174"}],"up":[{"embeddable":true,"href":"https:\/\/veda.polac.cz\/index.php?rest_route=\/wp\/v2\/pages\/1645"}],"wp:attachment":[{"href":"https:\/\/veda.polac.cz\/index.php?rest_route=%2Fwp%2Fv2%2Fmedia&parent=3154"}],"curies":[{"name":"wp","href":"https:\/\/api.w.org\/{rel}","templated":true}]}}