{"id":3150,"date":"2019-04-20T06:28:37","date_gmt":"2019-04-20T06:28:37","guid":{"rendered":"http:\/\/veda.polac.cz\/?page_id=3150"},"modified":"2019-04-20T06:43:49","modified_gmt":"2019-04-20T06:43:49","slug":"9-2","status":"publish","type":"page","link":"https:\/\/veda.polac.cz\/?page_id=3150","title":{"rendered":""},"content":{"rendered":"<p style=\"text-align: center;\">Resum\u00e9 \u010dl\u00e1nku<\/p>\n<p style=\"font-weight: 400;\"><strong>Je \u201eMetropolitn\u00ed policie\u201c \u0159e\u0161en\u00edm pro Prahu?<br \/>\n<\/strong><em>plk. JUDr. Mgr. Jan Br\u00e1zda, Ph.D.<\/em><\/p>\n<p style=\"font-weight: 400;\">Autor ve sv\u00e9m p\u0159\u00edsp\u011bvku polemizuje s\u00a0n\u00e1vrhem hl. m\u011bsta Prahy na z\u0159\u00edzen\u00ed \u201eMetropolitn\u00ed policie\u201c. Rozeb\u00edr\u00e1 jednotliv\u00e9 skute\u010dnosti, kter\u00e9 nejsou zcela dopra-cov\u00e1ny a upozor\u0148uje na nedostatky, kter\u00e9 jsou v\u00a0sou\u010dasn\u00e9m \u0159\u00edzen\u00ed komun\u00e1ln\u00ed policie.<br \/>\n<strong>Kl\u00ed\u010dov\u00e1 slova:<\/strong>\u00a0M\u011bstsk\u00e1 policie, obecn\u00ed policie, hl. m\u011bsto Praha, komun\u00e1ln\u00ed policie, organizace a \u0159\u00edzen\u00ed, Metropolitn\u00ed policie.<\/p>\n<hr \/>\n<p><a href=\"https:\/\/veda.polac.cz\/?page_id=1645\">Zp\u011bt<\/a><\/p>\n","protected":false},"excerpt":{"rendered":"<p>Resum\u00e9 \u010dl\u00e1nku Je \u201eMetropolitn\u00ed policie\u201c \u0159e\u0161en\u00edm pro Prahu? plk. JUDr. Mgr. Jan Br\u00e1zda, Ph.D. Autor ve sv\u00e9m p\u0159\u00edsp\u011bvku polemizuje s\u00a0n\u00e1vrhem hl. m\u011bsta Prahy na z\u0159\u00edzen\u00ed \u201eMetropolitn\u00ed policie\u201c. Rozeb\u00edr\u00e1 jednotliv\u00e9 skute\u010dnosti, kter\u00e9 nejsou zcela dopra-cov\u00e1ny a upozor\u0148uje na nedostatky, kter\u00e9 jsou v\u00a0sou\u010dasn\u00e9m \u0159\u00edzen\u00ed komun\u00e1ln\u00ed policie. Kl\u00ed\u010dov\u00e1 slova:\u00a0M\u011bstsk\u00e1 policie, obecn\u00ed policie, hl. m\u011bsto Praha, komun\u00e1ln\u00ed policie, organizace [&hellip;]<\/p>\n","protected":false},"author":2,"featured_media":0,"parent":1645,"menu_order":0,"comment_status":"closed","ping_status":"closed","template":"","meta":{"footnotes":""},"class_list":["post-3150","page","type-page","status-publish","hentry"],"_links":{"self":[{"href":"https:\/\/veda.polac.cz\/index.php?rest_route=\/wp\/v2\/pages\/3150","targetHints":{"allow":["GET"]}}],"collection":[{"href":"https:\/\/veda.polac.cz\/index.php?rest_route=\/wp\/v2\/pages"}],"about":[{"href":"https:\/\/veda.polac.cz\/index.php?rest_route=\/wp\/v2\/types\/page"}],"author":[{"embeddable":true,"href":"https:\/\/veda.polac.cz\/index.php?rest_route=\/wp\/v2\/users\/2"}],"replies":[{"embeddable":true,"href":"https:\/\/veda.polac.cz\/index.php?rest_route=%2Fwp%2Fv2%2Fcomments&post=3150"}],"version-history":[{"count":2,"href":"https:\/\/veda.polac.cz\/index.php?rest_route=\/wp\/v2\/pages\/3150\/revisions"}],"predecessor-version":[{"id":3187,"href":"https:\/\/veda.polac.cz\/index.php?rest_route=\/wp\/v2\/pages\/3150\/revisions\/3187"}],"up":[{"embeddable":true,"href":"https:\/\/veda.polac.cz\/index.php?rest_route=\/wp\/v2\/pages\/1645"}],"wp:attachment":[{"href":"https:\/\/veda.polac.cz\/index.php?rest_route=%2Fwp%2Fv2%2Fmedia&parent=3150"}],"curies":[{"name":"wp","href":"https:\/\/api.w.org\/{rel}","templated":true}]}}