{"id":3148,"date":"2019-04-20T06:26:45","date_gmt":"2019-04-20T06:26:45","guid":{"rendered":"http:\/\/veda.polac.cz\/?page_id=3148"},"modified":"2019-04-20T06:43:47","modified_gmt":"2019-04-20T06:43:47","slug":"8-2","status":"publish","type":"page","link":"https:\/\/veda.polac.cz\/?page_id=3148","title":{"rendered":""},"content":{"rendered":"<p style=\"text-align: center;\">Resum\u00e9 \u010dl\u00e1nku<\/p>\n<p style=\"font-weight: 400;\"><strong>Aktu\u00e1lnos\u0165 a\u00a0celospolo\u010densk\u00fd v\u00fdznam bezpe\u010dnosti cestnej prem\u00e1vky<br \/>\n<\/strong><em>pplk. JUDr. Miroslav Felcan, PhD.<\/em><\/p>\n<p style=\"font-weight: 400;\">\u0160t\u00fadia analyzuje a z\u00e1rove\u0148 poukazuje na plnenie Eur\u00f3pskeho ak\u010dn\u00e9ho programu bezpe\u010dnosti na cest\u00e1ch o zn\u00ed\u017een\u00ed po\u010dtu obet\u00ed dopravn\u00fdch neh\u00f4d v\u00a0Eur\u00f3pskej \u00fanii na polovicu do roku 2010. Uveden\u00fd cie\u013e podporil i Eur\u00f3psky parlament. Hlavn\u00fd cie\u013e \u0161t\u00fadie je zameran\u00fd na aproxim\u00e1ciu pr\u00e1vnych predpisov pre oblas\u0165 bezpe\u010dnosti cestnej dopravy jej \u0161pecifik\u00e1ciu do oblast\u00ed, kde je nevyhnutn\u00e9 uskuto\u010dni\u0165 zmeny v niektor\u00fdch na\u0161ich pr\u00e1vnych norm\u00e1ch a predpisoch, ako i na odpor\u00fa\u010dania Eur\u00f3pskej komisii \u010dlensk\u00fdm \u0161t\u00e1tom na nutn\u00e9 opatrenia v oblasti bezpe\u010dnosti cestnej dopravy u\u017e zo spom\u00ednan\u00fdm cie\u013eom zn\u00ed\u017ei\u0165 po\u010det \u00famrt\u00ed a zranen\u00ed v\u00a0cestnej doprave. \u010eal\u0161ie probl\u00e9my analyzujem v r\u00e1mci \u0161pecifik\u00e1cie obsahu uvedenej \u0161t\u00fadie.<\/p>\n<p style=\"font-weight: 400;\"><strong>K\u013e\u00fa\u010dov\u00e9 slov\u00e1:<\/strong>\u00a0Eur\u00f3pska \u00fania, harmoniz\u00e1cia, aproxim\u00e1cia, integr\u00e1cia, spolupr\u00e1ca, cestn\u00e1 doprava, dopravn\u00fd syst\u00e9m, bezpe\u010dnos\u0165 cestnej dopravy, cestn\u00e9 dopravn\u00e9 nehody, motoriz\u00e1cia,\u00a0\u00a0infra\u0161trukt\u00fara, kongescie, \u017eivotn\u00e9 prostredie.<\/p>\n<hr \/>\n<p><a href=\"https:\/\/veda.polac.cz\/?page_id=1645\">Zp\u011bt<\/a><\/p>\n","protected":false},"excerpt":{"rendered":"<p>Resum\u00e9 \u010dl\u00e1nku Aktu\u00e1lnos\u0165 a\u00a0celospolo\u010densk\u00fd v\u00fdznam bezpe\u010dnosti cestnej prem\u00e1vky pplk. JUDr. Miroslav Felcan, PhD. \u0160t\u00fadia analyzuje a z\u00e1rove\u0148 poukazuje na plnenie Eur\u00f3pskeho ak\u010dn\u00e9ho programu bezpe\u010dnosti na cest\u00e1ch o zn\u00ed\u017een\u00ed po\u010dtu obet\u00ed dopravn\u00fdch neh\u00f4d v\u00a0Eur\u00f3pskej \u00fanii na polovicu do roku 2010. Uveden\u00fd cie\u013e podporil i Eur\u00f3psky parlament. Hlavn\u00fd cie\u013e \u0161t\u00fadie je zameran\u00fd na aproxim\u00e1ciu pr\u00e1vnych predpisov pre [&hellip;]<\/p>\n","protected":false},"author":2,"featured_media":0,"parent":1645,"menu_order":0,"comment_status":"closed","ping_status":"closed","template":"","meta":{"footnotes":""},"class_list":["post-3148","page","type-page","status-publish","hentry"],"_links":{"self":[{"href":"https:\/\/veda.polac.cz\/index.php?rest_route=\/wp\/v2\/pages\/3148","targetHints":{"allow":["GET"]}}],"collection":[{"href":"https:\/\/veda.polac.cz\/index.php?rest_route=\/wp\/v2\/pages"}],"about":[{"href":"https:\/\/veda.polac.cz\/index.php?rest_route=\/wp\/v2\/types\/page"}],"author":[{"embeddable":true,"href":"https:\/\/veda.polac.cz\/index.php?rest_route=\/wp\/v2\/users\/2"}],"replies":[{"embeddable":true,"href":"https:\/\/veda.polac.cz\/index.php?rest_route=%2Fwp%2Fv2%2Fcomments&post=3148"}],"version-history":[{"count":2,"href":"https:\/\/veda.polac.cz\/index.php?rest_route=\/wp\/v2\/pages\/3148\/revisions"}],"predecessor-version":[{"id":3186,"href":"https:\/\/veda.polac.cz\/index.php?rest_route=\/wp\/v2\/pages\/3148\/revisions\/3186"}],"up":[{"embeddable":true,"href":"https:\/\/veda.polac.cz\/index.php?rest_route=\/wp\/v2\/pages\/1645"}],"wp:attachment":[{"href":"https:\/\/veda.polac.cz\/index.php?rest_route=%2Fwp%2Fv2%2Fmedia&parent=3148"}],"curies":[{"name":"wp","href":"https:\/\/api.w.org\/{rel}","templated":true}]}}