{"id":3142,"date":"2019-04-20T06:21:25","date_gmt":"2019-04-20T06:21:25","guid":{"rendered":"http:\/\/veda.polac.cz\/?page_id=3142"},"modified":"2019-04-20T06:43:42","modified_gmt":"2019-04-20T06:43:42","slug":"6-2","status":"publish","type":"page","link":"https:\/\/veda.polac.cz\/?page_id=3142","title":{"rendered":""},"content":{"rendered":"<p style=\"text-align: center;\">Resum\u00e9 \u010dl\u00e1nku<\/p>\n<p style=\"font-weight: 400;\"><strong>Blokov\u00e9 a p\u0159\u00edkazn\u00ed \u0159\u00edzen\u00ed<br \/>\n<\/strong><em>JUDr. Jozef Band\u017eak, Mgr. Zden\u011bk Fiala<\/em><\/p>\n<p style=\"font-weight: 400;\">Blokov\u00e9 a p\u0159\u00edkazn\u00ed \u0159\u00edzen\u00ed jsou ji\u017e tradi\u010dn\u011b ch\u00e1p\u00e1ny jako zvl\u00e1\u0161tn\u00ed (zkr\u00e1cen\u00e9) formy \u0159\u00edzen\u00ed v\u00a0oblasti projedn\u00e1v\u00e1n\u00ed p\u0159estupk\u016f.\u00a0\u00a0Pro \u00faplnost uve\u010fme, \u017ee v\u00a0oblasti spr\u00e1vn\u00edho pr\u00e1va trestn\u00edho existuj\u00ed z\u00e1kony, kter\u00e9 umo\u017e\u0148uj\u00ed ve zkr\u00e1cen\u00e9m \u0159\u00edzen\u00ed projednat i delikty, kter\u00e9 nejsou za p\u0159estupek v\u00fdslovn\u011b ozna\u010deny. Tyto z\u00e1kony v\u00a0n\u011bkter\u00fdch p\u0159\u00edpadech tato \u0159\u00edzen\u00ed ozna\u010duj\u00ed p\u0159\u00edmo za blokov\u00e1, v jin\u00fdch n\u00e1s v\u0161ak pouze po procesn\u00ed str\u00e1nce odkazuj\u00ed na z\u00e1kon \u010d. 200\/1990 Sb., z\u00e1kon o p\u0159estupc\u00edch, ve zn\u011bn\u00ed pozd\u011bj\u0161\u00edch p\u0159edpis\u016f (d\u00e1le jen \u201ep\u0159estupkov\u00fd z\u00e1kon\u201c). V\u00a0tomto \u010dl\u00e1nku se proto zam\u011b\u0159\u00edme pouze na projedn\u00e1v\u00e1n\u00ed p\u0159estupk\u016f v\u00a0t\u011bchto zvl\u00e1\u0161tn\u00edch form\u00e1ch \u0159\u00edzen\u00ed.<br \/>\n<strong>Kl\u00ed\u010dov\u00e1 slova:<\/strong>\u00a0zkr\u00e1cen\u00e9 formy trestn\u00edho \u0159\u00edzen\u00ed, p\u0159estupky.<\/p>\n<hr \/>\n<p><a href=\"https:\/\/veda.polac.cz\/?page_id=1645\">Zp\u011bt<\/a><\/p>\n","protected":false},"excerpt":{"rendered":"<p>Resum\u00e9 \u010dl\u00e1nku Blokov\u00e9 a p\u0159\u00edkazn\u00ed \u0159\u00edzen\u00ed JUDr. Jozef Band\u017eak, Mgr. Zden\u011bk Fiala Blokov\u00e9 a p\u0159\u00edkazn\u00ed \u0159\u00edzen\u00ed jsou ji\u017e tradi\u010dn\u011b ch\u00e1p\u00e1ny jako zvl\u00e1\u0161tn\u00ed (zkr\u00e1cen\u00e9) formy \u0159\u00edzen\u00ed v\u00a0oblasti projedn\u00e1v\u00e1n\u00ed p\u0159estupk\u016f.\u00a0\u00a0Pro \u00faplnost uve\u010fme, \u017ee v\u00a0oblasti spr\u00e1vn\u00edho pr\u00e1va trestn\u00edho existuj\u00ed z\u00e1kony, kter\u00e9 umo\u017e\u0148uj\u00ed ve zkr\u00e1cen\u00e9m \u0159\u00edzen\u00ed projednat i delikty, kter\u00e9 nejsou za p\u0159estupek v\u00fdslovn\u011b ozna\u010deny. Tyto z\u00e1kony v\u00a0n\u011bkter\u00fdch p\u0159\u00edpadech [&hellip;]<\/p>\n","protected":false},"author":2,"featured_media":0,"parent":1645,"menu_order":0,"comment_status":"closed","ping_status":"closed","template":"","meta":{"footnotes":""},"class_list":["post-3142","page","type-page","status-publish","hentry"],"_links":{"self":[{"href":"https:\/\/veda.polac.cz\/index.php?rest_route=\/wp\/v2\/pages\/3142","targetHints":{"allow":["GET"]}}],"collection":[{"href":"https:\/\/veda.polac.cz\/index.php?rest_route=\/wp\/v2\/pages"}],"about":[{"href":"https:\/\/veda.polac.cz\/index.php?rest_route=\/wp\/v2\/types\/page"}],"author":[{"embeddable":true,"href":"https:\/\/veda.polac.cz\/index.php?rest_route=\/wp\/v2\/users\/2"}],"replies":[{"embeddable":true,"href":"https:\/\/veda.polac.cz\/index.php?rest_route=%2Fwp%2Fv2%2Fcomments&post=3142"}],"version-history":[{"count":2,"href":"https:\/\/veda.polac.cz\/index.php?rest_route=\/wp\/v2\/pages\/3142\/revisions"}],"predecessor-version":[{"id":3184,"href":"https:\/\/veda.polac.cz\/index.php?rest_route=\/wp\/v2\/pages\/3142\/revisions\/3184"}],"up":[{"embeddable":true,"href":"https:\/\/veda.polac.cz\/index.php?rest_route=\/wp\/v2\/pages\/1645"}],"wp:attachment":[{"href":"https:\/\/veda.polac.cz\/index.php?rest_route=%2Fwp%2Fv2%2Fmedia&parent=3142"}],"curies":[{"name":"wp","href":"https:\/\/api.w.org\/{rel}","templated":true}]}}