{"id":3140,"date":"2019-04-20T06:19:27","date_gmt":"2019-04-20T06:19:27","guid":{"rendered":"http:\/\/veda.polac.cz\/?page_id=3140"},"modified":"2019-04-20T06:43:34","modified_gmt":"2019-04-20T06:43:34","slug":"5-2","status":"publish","type":"page","link":"https:\/\/veda.polac.cz\/?page_id=3140","title":{"rendered":""},"content":{"rendered":"<p style=\"text-align: center;\">Resum\u00e9 \u010dl\u00e1nku<\/p>\n<p style=\"font-weight: 400;\"><strong>M\u016f\u017ee b\u00fdt odborn\u00fd posudek znaleck\u00e9 komise pou\u017eit jako d\u016fkaz v\u00a0trestn\u00edm \u0159\u00edzen\u00ed?<em><br \/>\n<\/em><\/strong><em>JUDr. Nikolaj Hrib<\/em><\/p>\n<p style=\"font-weight: 400;\">\u010cl\u00e1nek upozor\u0148uje na odli\u0161n\u00e9 p\u0159\u00edstupy k\u00a0hodnocen\u00ed toho, co m\u016f\u017ee b\u00fdt d\u016fkazem v\u00a0trestn\u00edm \u0159\u00edzen\u00ed s\u00a0p\u0159ihl\u00e9dnut\u00edm k\u00a0ustanoven\u00ed \u00a7 89 odst. 2 T\u0158, ze strany org\u00e1n\u016f \u010dinn\u00fdch v\u00a0trestn\u00edm \u0159\u00edzen\u00ed. Speci\u00e1ln\u011b pak k\u00a0z\u00e1pis\u016fm \u00fazemn\u00edch a \u00dast\u0159edn\u00ed znaleck\u00e9 komise MZ \u010cR Praha, kter\u00e9 maj\u00ed charakter odborn\u00fdch posudk\u016f v\u00a0oboru zdravotnictv\u00ed ve smyslu ustanoven\u00ed \u00a7 4 odst. 5, vyhl\u00e1\u0161ky MZ \u010cR \u010d. 221\/1995 Sb. o znaleck\u00fdch komis\u00edch. Autor zast\u00e1v\u00e1 n\u00e1zor, \u017ee jde o listinn\u00fd d\u016fkaz ve smyslu ustanoven\u00ed \u00a7 89 odst. 2 T\u0158.<br \/>\n<strong>Kl\u00ed\u010dov\u00e1 slova:<\/strong>\u00a0\u00dazemn\u00ed znaleck\u00e1 komise kraje, \u00dast\u0159edn\u00ed znaleck\u00e1 komise MZ \u010cR Praha, d\u016fkaz, odborn\u00fd posudek, soudn\u00ed znalec, listinn\u00fd d\u016fkaz.<\/p>\n<hr \/>\n<p><a href=\"https:\/\/veda.polac.cz\/?page_id=1645\">Zp\u011bt<\/a><\/p>\n","protected":false},"excerpt":{"rendered":"<p>Resum\u00e9 \u010dl\u00e1nku M\u016f\u017ee b\u00fdt odborn\u00fd posudek znaleck\u00e9 komise pou\u017eit jako d\u016fkaz v\u00a0trestn\u00edm \u0159\u00edzen\u00ed? JUDr. Nikolaj Hrib \u010cl\u00e1nek upozor\u0148uje na odli\u0161n\u00e9 p\u0159\u00edstupy k\u00a0hodnocen\u00ed toho, co m\u016f\u017ee b\u00fdt d\u016fkazem v\u00a0trestn\u00edm \u0159\u00edzen\u00ed s\u00a0p\u0159ihl\u00e9dnut\u00edm k\u00a0ustanoven\u00ed \u00a7 89 odst. 2 T\u0158, ze strany org\u00e1n\u016f \u010dinn\u00fdch v\u00a0trestn\u00edm \u0159\u00edzen\u00ed. Speci\u00e1ln\u011b pak k\u00a0z\u00e1pis\u016fm \u00fazemn\u00edch a \u00dast\u0159edn\u00ed znaleck\u00e9 komise MZ \u010cR Praha, kter\u00e9 maj\u00ed [&hellip;]<\/p>\n","protected":false},"author":2,"featured_media":0,"parent":1645,"menu_order":0,"comment_status":"closed","ping_status":"closed","template":"","meta":{"footnotes":""},"class_list":["post-3140","page","type-page","status-publish","hentry"],"_links":{"self":[{"href":"https:\/\/veda.polac.cz\/index.php?rest_route=\/wp\/v2\/pages\/3140","targetHints":{"allow":["GET"]}}],"collection":[{"href":"https:\/\/veda.polac.cz\/index.php?rest_route=\/wp\/v2\/pages"}],"about":[{"href":"https:\/\/veda.polac.cz\/index.php?rest_route=\/wp\/v2\/types\/page"}],"author":[{"embeddable":true,"href":"https:\/\/veda.polac.cz\/index.php?rest_route=\/wp\/v2\/users\/2"}],"replies":[{"embeddable":true,"href":"https:\/\/veda.polac.cz\/index.php?rest_route=%2Fwp%2Fv2%2Fcomments&post=3140"}],"version-history":[{"count":2,"href":"https:\/\/veda.polac.cz\/index.php?rest_route=\/wp\/v2\/pages\/3140\/revisions"}],"predecessor-version":[{"id":3183,"href":"https:\/\/veda.polac.cz\/index.php?rest_route=\/wp\/v2\/pages\/3140\/revisions\/3183"}],"up":[{"embeddable":true,"href":"https:\/\/veda.polac.cz\/index.php?rest_route=\/wp\/v2\/pages\/1645"}],"wp:attachment":[{"href":"https:\/\/veda.polac.cz\/index.php?rest_route=%2Fwp%2Fv2%2Fmedia&parent=3140"}],"curies":[{"name":"wp","href":"https:\/\/api.w.org\/{rel}","templated":true}]}}