{"id":3138,"date":"2019-04-20T06:17:51","date_gmt":"2019-04-20T06:17:51","guid":{"rendered":"http:\/\/veda.polac.cz\/?page_id=3138"},"modified":"2019-04-20T06:43:31","modified_gmt":"2019-04-20T06:43:31","slug":"4-2","status":"publish","type":"page","link":"https:\/\/veda.polac.cz\/?page_id=3138","title":{"rendered":""},"content":{"rendered":"<p style=\"text-align: center;\">Resum\u00e9 \u010dl\u00e1nku<\/p>\n<p style=\"font-weight: 400;\"><strong>K\u00a0aplikaci institutu n\u00e1sil\u00ed v\u00a0pr\u00e1vu<br \/>\n<\/strong><em>plk. JUDr. Milan Ku\u010dera, Ph.D., Mgr. Milan Ku\u010dera<\/em><\/p>\n<p style=\"font-weight: 400;\">P\u0159es pom\u00edjivost n\u00e1sil\u00ed v\u00a0d\u011bjin\u00e1ch lidsk\u00e9 pospolitosti a pokles jeho sou\u010dasn\u00e9ho v\u00fdskytu v\u00a0civilizovan\u00e9 spole\u010dnosti v\u0161ak existuj\u00ed i dnes situace, kdy je nutn\u00e9 v\u00a0z\u00e1jmu majority pou\u017e\u00edt prvek n\u00e1sil\u00ed a donucen\u00ed k\u00a0vytvo\u0159en\u00ed respektu k\u00a0soci\u00e1ln\u00edm norm\u00e1m a\u00a0ochran\u011b z\u00e1jm\u016f spole\u010dnosti. To je \u00falohou pr\u00e1va, kter\u00e9 ur\u010duje pravidla chov\u00e1n\u00ed lid\u00ed a\u00a0kter\u00e9 stanov\u00ed postup v\u00fdkonn\u00e9 exekutivy p\u0159i regulaci spole\u010densk\u00fdch proces\u016f. \u010cl\u00e1nek se proto v\u011bnuje i p\u0159\u00edpad\u016fm, kdy je mo\u017en\u00e9 ve\u0159ejnou silou integrovat do jinak nedotknuteln\u00e9 sf\u00e9ry osobn\u00ed integrity, pop\u0159. pou\u017e\u00edt v\u00a0souladu s\u00a0pr\u00e1vn\u00edm \u0159\u00e1dem i vlastn\u00ed sv\u00e9pomoc a p\u0159isp\u011bt tak k\u00a0udr\u017een\u00ed pr\u00e1vn\u00edho stavu bez pomoci org\u00e1n\u016f ve\u0159ejn\u00e9 spr\u00e1vy. Teorie pr\u00e1va tuto problematiku ozna\u010duje jako okolnosti vylu\u010duj\u00edc\u00ed protipr\u00e1vnost.<br \/>\n<strong>Kl\u00ed\u010dov\u00e1 slova:<\/strong>\u00a0n\u00e1sil\u00ed, okolnosti vylu\u010duj\u00edc\u00ed protipr\u00e1vnost, nutn\u00e1 obrana.<\/p>\n<hr \/>\n<p><a href=\"https:\/\/veda.polac.cz\/?page_id=1645\">Zp\u011bt<\/a><\/p>\n","protected":false},"excerpt":{"rendered":"<p>Resum\u00e9 \u010dl\u00e1nku K\u00a0aplikaci institutu n\u00e1sil\u00ed v\u00a0pr\u00e1vu plk. JUDr. Milan Ku\u010dera, Ph.D., Mgr. Milan Ku\u010dera P\u0159es pom\u00edjivost n\u00e1sil\u00ed v\u00a0d\u011bjin\u00e1ch lidsk\u00e9 pospolitosti a pokles jeho sou\u010dasn\u00e9ho v\u00fdskytu v\u00a0civilizovan\u00e9 spole\u010dnosti v\u0161ak existuj\u00ed i dnes situace, kdy je nutn\u00e9 v\u00a0z\u00e1jmu majority pou\u017e\u00edt prvek n\u00e1sil\u00ed a donucen\u00ed k\u00a0vytvo\u0159en\u00ed respektu k\u00a0soci\u00e1ln\u00edm norm\u00e1m a\u00a0ochran\u011b z\u00e1jm\u016f spole\u010dnosti. To je \u00falohou pr\u00e1va, kter\u00e9 ur\u010duje [&hellip;]<\/p>\n","protected":false},"author":2,"featured_media":0,"parent":1645,"menu_order":0,"comment_status":"closed","ping_status":"closed","template":"","meta":{"footnotes":""},"class_list":["post-3138","page","type-page","status-publish","hentry"],"_links":{"self":[{"href":"https:\/\/veda.polac.cz\/index.php?rest_route=\/wp\/v2\/pages\/3138","targetHints":{"allow":["GET"]}}],"collection":[{"href":"https:\/\/veda.polac.cz\/index.php?rest_route=\/wp\/v2\/pages"}],"about":[{"href":"https:\/\/veda.polac.cz\/index.php?rest_route=\/wp\/v2\/types\/page"}],"author":[{"embeddable":true,"href":"https:\/\/veda.polac.cz\/index.php?rest_route=\/wp\/v2\/users\/2"}],"replies":[{"embeddable":true,"href":"https:\/\/veda.polac.cz\/index.php?rest_route=%2Fwp%2Fv2%2Fcomments&post=3138"}],"version-history":[{"count":2,"href":"https:\/\/veda.polac.cz\/index.php?rest_route=\/wp\/v2\/pages\/3138\/revisions"}],"predecessor-version":[{"id":3182,"href":"https:\/\/veda.polac.cz\/index.php?rest_route=\/wp\/v2\/pages\/3138\/revisions\/3182"}],"up":[{"embeddable":true,"href":"https:\/\/veda.polac.cz\/index.php?rest_route=\/wp\/v2\/pages\/1645"}],"wp:attachment":[{"href":"https:\/\/veda.polac.cz\/index.php?rest_route=%2Fwp%2Fv2%2Fmedia&parent=3138"}],"curies":[{"name":"wp","href":"https:\/\/api.w.org\/{rel}","templated":true}]}}