{"id":3136,"date":"2019-04-20T06:16:40","date_gmt":"2019-04-20T06:16:40","guid":{"rendered":"http:\/\/veda.polac.cz\/?page_id=3136"},"modified":"2019-04-20T06:43:28","modified_gmt":"2019-04-20T06:43:28","slug":"3-2","status":"publish","type":"page","link":"https:\/\/veda.polac.cz\/?page_id=3136","title":{"rendered":""},"content":{"rendered":"<p style=\"text-align: center;\">Resum\u00e9 \u010dl\u00e1nku<\/p>\n<p style=\"font-weight: 400;\"><strong>Trestn\u011bpr\u00e1vn\u00ed aspekty dom\u00e1c\u00edho n\u00e1sil\u00ed<br \/>\n<\/strong><em>JUDr. Milan \u0160ubrt, Ph.D., por. Mgr. Petra H\u00e1jkov\u00e1<\/em><\/p>\n<p style=\"font-weight: 400;\">\u010cl\u00e1nek se zab\u00fdv\u00e1 zejm\u00e9na trestn\u011bpr\u00e1vn\u00edmi aspekty dom\u00e1c\u00edho n\u00e1sil\u00ed. V \u00favodu je u\u010din\u011bna komparace pojet\u00ed pojmu \u201edom\u00e1c\u00edho n\u00e1sil\u00ed\u201c z\u00a0hlediska kriminologie, psycho-logie, kriminalistiky a trestn\u00edho pr\u00e1va. D\u00e1le je provedena podrobn\u00e1 anal\u00fdza z\u00e1konn\u00e9 skutkov\u00e9 podstaty trestn\u00e9ho \u010dinu t\u00fdr\u00e1n\u00ed osoby \u017eij\u00edc\u00ed ve spole\u010dn\u011b ob\u00fdvan\u00e9m byt\u011b nebo dom\u011b podle \u00a7 215a trestn\u00edho z\u00e1kona a stru\u010dn\u011b jsou zm\u00edn\u011bny n\u011bkter\u00e9 dal\u0161\u00ed skutkov\u00e9 podstaty trestn\u00fdch \u010din\u016f souvisej\u00edc\u00edch s\u00a0dom\u00e1c\u00edm n\u00e1sil\u00edm. Nakonec je r\u00e1mcov\u011b pops\u00e1n postup p\u0159\u00edslu\u0161n\u00edk\u016f P\u010cR v\u00a0p\u0159\u00edpadech dom\u00e1c\u00edho n\u00e1sil\u00ed.<br \/>\n<strong>Kl\u00ed\u010dov\u00e1 slova:<\/strong>\u00a0dom\u00e1c\u00ed n\u00e1sil\u00ed, trestn\u00ed z\u00e1kon, trestn\u00ed \u0159\u00e1d, t\u00fdr\u00e1n\u00ed, z\u00e1kon o P \u010cR.<\/p>\n<hr \/>\n<p><a href=\"https:\/\/veda.polac.cz\/?page_id=1645\">Zp\u011bt<\/a><\/p>\n","protected":false},"excerpt":{"rendered":"<p>Resum\u00e9 \u010dl\u00e1nku Trestn\u011bpr\u00e1vn\u00ed aspekty dom\u00e1c\u00edho n\u00e1sil\u00ed JUDr. Milan \u0160ubrt, Ph.D., por. Mgr. Petra H\u00e1jkov\u00e1 \u010cl\u00e1nek se zab\u00fdv\u00e1 zejm\u00e9na trestn\u011bpr\u00e1vn\u00edmi aspekty dom\u00e1c\u00edho n\u00e1sil\u00ed. V \u00favodu je u\u010din\u011bna komparace pojet\u00ed pojmu \u201edom\u00e1c\u00edho n\u00e1sil\u00ed\u201c z\u00a0hlediska kriminologie, psycho-logie, kriminalistiky a trestn\u00edho pr\u00e1va. D\u00e1le je provedena podrobn\u00e1 anal\u00fdza z\u00e1konn\u00e9 skutkov\u00e9 podstaty trestn\u00e9ho \u010dinu t\u00fdr\u00e1n\u00ed osoby \u017eij\u00edc\u00ed ve spole\u010dn\u011b ob\u00fdvan\u00e9m byt\u011b [&hellip;]<\/p>\n","protected":false},"author":2,"featured_media":0,"parent":1645,"menu_order":0,"comment_status":"closed","ping_status":"closed","template":"","meta":{"footnotes":""},"class_list":["post-3136","page","type-page","status-publish","hentry"],"_links":{"self":[{"href":"https:\/\/veda.polac.cz\/index.php?rest_route=\/wp\/v2\/pages\/3136","targetHints":{"allow":["GET"]}}],"collection":[{"href":"https:\/\/veda.polac.cz\/index.php?rest_route=\/wp\/v2\/pages"}],"about":[{"href":"https:\/\/veda.polac.cz\/index.php?rest_route=\/wp\/v2\/types\/page"}],"author":[{"embeddable":true,"href":"https:\/\/veda.polac.cz\/index.php?rest_route=\/wp\/v2\/users\/2"}],"replies":[{"embeddable":true,"href":"https:\/\/veda.polac.cz\/index.php?rest_route=%2Fwp%2Fv2%2Fcomments&post=3136"}],"version-history":[{"count":2,"href":"https:\/\/veda.polac.cz\/index.php?rest_route=\/wp\/v2\/pages\/3136\/revisions"}],"predecessor-version":[{"id":3181,"href":"https:\/\/veda.polac.cz\/index.php?rest_route=\/wp\/v2\/pages\/3136\/revisions\/3181"}],"up":[{"embeddable":true,"href":"https:\/\/veda.polac.cz\/index.php?rest_route=\/wp\/v2\/pages\/1645"}],"wp:attachment":[{"href":"https:\/\/veda.polac.cz\/index.php?rest_route=%2Fwp%2Fv2%2Fmedia&parent=3136"}],"curies":[{"name":"wp","href":"https:\/\/api.w.org\/{rel}","templated":true}]}}