{"id":3134,"date":"2019-04-20T06:15:12","date_gmt":"2019-04-20T06:15:12","guid":{"rendered":"http:\/\/veda.polac.cz\/?page_id=3134"},"modified":"2019-04-20T06:43:25","modified_gmt":"2019-04-20T06:43:25","slug":"2-2","status":"publish","type":"page","link":"https:\/\/veda.polac.cz\/?page_id=3134","title":{"rendered":""},"content":{"rendered":"<p style=\"text-align: center;\">Resum\u00e9 \u010dl\u00e1nku<\/p>\n<p style=\"font-weight: 400;\"><strong>Hrozba n\u00e1sil\u00edm a jej\u00ed vyhodnocov\u00e1n\u00ed<br \/>\n<\/strong><em>doc. PhDr. Ludmila \u010c\u00edrtkov\u00e1, CSc.<\/em><\/p>\n<p style=\"font-weight: 400;\">\u010cl\u00e1nek seznamuje s\u00a0relativn\u011b nov\u00fdm sm\u011brem zkoum\u00e1n\u00ed, kter\u00fd je ozna\u010dov\u00e1n jako vyhodnocov\u00e1n\u00ed v\u00e1\u017enosti ur\u010dit\u00e9 hrozby. Jde o hrozby, kter\u00e9 poch\u00e1z\u00ed z\u00a0chov\u00e1n\u00ed \u010dlov\u011bka, a\u0165 u\u017e zn\u00e1m\u00e9ho \u010di nezn\u00e1m\u00e9ho. Z\u00e1kladem pro predikci, ale i prevenci hrozby je psychologick\u00fd rozbor chov\u00e1n\u00ed. V\u00a0\u010dl\u00e1nku jsou ilustrativn\u011b prezentov\u00e1ny vybran\u00e9 postupy predikce a prevence t\u00e9 podoby agrese, kter\u00e1 je charakterizov\u00e1na jako c\u00edlen\u00e9 n\u00e1sil\u00ed.<br \/>\n<strong>Kl\u00ed\u010dov\u00e1 slova:<\/strong>\u00a0vyhodnocov\u00e1n\u00ed v\u00e1\u017enosti hrozby, m\u00fdty o n\u00e1sil\u00ed, c\u00edlen\u00e1 agrese, predikce a prevence n\u00e1sil\u00ed.<\/p>\n<hr \/>\n<p><a href=\"https:\/\/veda.polac.cz\/?page_id=1645\">Zp\u011bt<\/a><\/p>\n","protected":false},"excerpt":{"rendered":"<p>Resum\u00e9 \u010dl\u00e1nku Hrozba n\u00e1sil\u00edm a jej\u00ed vyhodnocov\u00e1n\u00ed doc. PhDr. Ludmila \u010c\u00edrtkov\u00e1, CSc. \u010cl\u00e1nek seznamuje s\u00a0relativn\u011b nov\u00fdm sm\u011brem zkoum\u00e1n\u00ed, kter\u00fd je ozna\u010dov\u00e1n jako vyhodnocov\u00e1n\u00ed v\u00e1\u017enosti ur\u010dit\u00e9 hrozby. Jde o hrozby, kter\u00e9 poch\u00e1z\u00ed z\u00a0chov\u00e1n\u00ed \u010dlov\u011bka, a\u0165 u\u017e zn\u00e1m\u00e9ho \u010di nezn\u00e1m\u00e9ho. Z\u00e1kladem pro predikci, ale i prevenci hrozby je psychologick\u00fd rozbor chov\u00e1n\u00ed. V\u00a0\u010dl\u00e1nku jsou ilustrativn\u011b prezentov\u00e1ny vybran\u00e9 postupy [&hellip;]<\/p>\n","protected":false},"author":2,"featured_media":0,"parent":1645,"menu_order":0,"comment_status":"closed","ping_status":"closed","template":"","meta":{"footnotes":""},"class_list":["post-3134","page","type-page","status-publish","hentry"],"_links":{"self":[{"href":"https:\/\/veda.polac.cz\/index.php?rest_route=\/wp\/v2\/pages\/3134","targetHints":{"allow":["GET"]}}],"collection":[{"href":"https:\/\/veda.polac.cz\/index.php?rest_route=\/wp\/v2\/pages"}],"about":[{"href":"https:\/\/veda.polac.cz\/index.php?rest_route=\/wp\/v2\/types\/page"}],"author":[{"embeddable":true,"href":"https:\/\/veda.polac.cz\/index.php?rest_route=\/wp\/v2\/users\/2"}],"replies":[{"embeddable":true,"href":"https:\/\/veda.polac.cz\/index.php?rest_route=%2Fwp%2Fv2%2Fcomments&post=3134"}],"version-history":[{"count":2,"href":"https:\/\/veda.polac.cz\/index.php?rest_route=\/wp\/v2\/pages\/3134\/revisions"}],"predecessor-version":[{"id":3180,"href":"https:\/\/veda.polac.cz\/index.php?rest_route=\/wp\/v2\/pages\/3134\/revisions\/3180"}],"up":[{"embeddable":true,"href":"https:\/\/veda.polac.cz\/index.php?rest_route=\/wp\/v2\/pages\/1645"}],"wp:attachment":[{"href":"https:\/\/veda.polac.cz\/index.php?rest_route=%2Fwp%2Fv2%2Fmedia&parent=3134"}],"curies":[{"name":"wp","href":"https:\/\/api.w.org\/{rel}","templated":true}]}}