{"id":3125,"date":"2019-04-19T19:27:38","date_gmt":"2019-04-19T19:27:38","guid":{"rendered":"http:\/\/veda.polac.cz\/?page_id=3125"},"modified":"2019-04-20T06:43:03","modified_gmt":"2019-04-20T06:43:03","slug":"1-2","status":"publish","type":"page","link":"https:\/\/veda.polac.cz\/?page_id=3125","title":{"rendered":""},"content":{"rendered":"<p style=\"text-align: center;\">Resum\u00e9 \u010dl\u00e1nku<\/p>\n<p style=\"font-weight: 400;\"><strong>Estonsko \u2013 zem\u011b s\u00a0malou, ale efektivn\u00ed polici\u00ed<br \/>\n<\/strong><em>pplk. JUDr. Martin Bohman, pplk. JUDr. Josef Hrudka<\/em><\/p>\n<p style=\"font-weight: 400;\">Auto\u0159i se zam\u00fd\u0161l\u00ed nad stavem vnit\u0159n\u00ed bezpe\u010dnosti v\u00a0Estonsku, zejm\u00e9na pak popisuj\u00ed a analyzuj\u00ed strukturu a fungov\u00e1n\u00ed estonsk\u00e9 policie. Tak\u00e9 ve stati p\u0159edkl\u00e1daj\u00ed ur\u010dit\u00e1 inovativn\u00ed \u0159e\u0161en\u00ed ov\u011b\u0159en\u00e1 v\u00a0praxi pr\u00e1v\u011b v\u00a0t\u00e9to pobaltsk\u00e9 zemi.<br \/>\n<strong>Kl\u00ed\u010dov\u00e1 slova:<\/strong>\u00a0Estonsko, estonsk\u00e1 policie, reforma policie.<\/p>\n<hr \/>\n<p><a href=\"https:\/\/veda.polac.cz\/?page_id=1645\">Zp\u011bt<\/a><\/p>\n","protected":false},"excerpt":{"rendered":"<p>Resum\u00e9 \u010dl\u00e1nku Estonsko \u2013 zem\u011b s\u00a0malou, ale efektivn\u00ed polici\u00ed pplk. JUDr. Martin Bohman, pplk. JUDr. Josef Hrudka Auto\u0159i se zam\u00fd\u0161l\u00ed nad stavem vnit\u0159n\u00ed bezpe\u010dnosti v\u00a0Estonsku, zejm\u00e9na pak popisuj\u00ed a analyzuj\u00ed strukturu a fungov\u00e1n\u00ed estonsk\u00e9 policie. Tak\u00e9 ve stati p\u0159edkl\u00e1daj\u00ed ur\u010dit\u00e1 inovativn\u00ed \u0159e\u0161en\u00ed ov\u011b\u0159en\u00e1 v\u00a0praxi pr\u00e1v\u011b v\u00a0t\u00e9to pobaltsk\u00e9 zemi. Kl\u00ed\u010dov\u00e1 slova:\u00a0Estonsko, estonsk\u00e1 policie, reforma policie. Zp\u011bt<\/p>\n","protected":false},"author":2,"featured_media":0,"parent":1645,"menu_order":0,"comment_status":"closed","ping_status":"closed","template":"","meta":{"footnotes":""},"class_list":["post-3125","page","type-page","status-publish","hentry"],"_links":{"self":[{"href":"https:\/\/veda.polac.cz\/index.php?rest_route=\/wp\/v2\/pages\/3125","targetHints":{"allow":["GET"]}}],"collection":[{"href":"https:\/\/veda.polac.cz\/index.php?rest_route=\/wp\/v2\/pages"}],"about":[{"href":"https:\/\/veda.polac.cz\/index.php?rest_route=\/wp\/v2\/types\/page"}],"author":[{"embeddable":true,"href":"https:\/\/veda.polac.cz\/index.php?rest_route=\/wp\/v2\/users\/2"}],"replies":[{"embeddable":true,"href":"https:\/\/veda.polac.cz\/index.php?rest_route=%2Fwp%2Fv2%2Fcomments&post=3125"}],"version-history":[{"count":4,"href":"https:\/\/veda.polac.cz\/index.php?rest_route=\/wp\/v2\/pages\/3125\/revisions"}],"predecessor-version":[{"id":3172,"href":"https:\/\/veda.polac.cz\/index.php?rest_route=\/wp\/v2\/pages\/3125\/revisions\/3172"}],"up":[{"embeddable":true,"href":"https:\/\/veda.polac.cz\/index.php?rest_route=\/wp\/v2\/pages\/1645"}],"wp:attachment":[{"href":"https:\/\/veda.polac.cz\/index.php?rest_route=%2Fwp%2Fv2%2Fmedia&parent=3125"}],"curies":[{"name":"wp","href":"https:\/\/api.w.org\/{rel}","templated":true}]}}