{"id":3058,"date":"2019-04-19T08:32:27","date_gmt":"2019-04-19T08:32:27","guid":{"rendered":"http:\/\/veda.polac.cz\/?page_id=3058"},"modified":"2019-04-19T08:36:24","modified_gmt":"2019-04-19T08:36:24","slug":"12-2","status":"publish","type":"page","link":"https:\/\/veda.polac.cz\/?page_id=3058","title":{"rendered":""},"content":{"rendered":"<p style=\"text-align: center;\">Resum\u00e9 \u010dl\u00e1nku<\/p>\n<p align=\"justify\"><b>Ojedin\u011bl\u00e1 uk\u00e1zka cenzurn\u00ed \u010dinnosti rakousk\u00e9 policie<br \/>\n<\/b><em>Mgr. Lubom\u00edr Uhl\u00ed\u0159<\/em><b><br \/>\n<\/b><\/p>\n<p align=\"justify\">\u010cl\u00e1nek prezentuje ojedin\u011bl\u00fd p\u0159\u00edklad dochovan\u00e9 \u010dinnosti rakousk\u00fdch cenzor\u016f z poloviny 19. stolet\u00ed, kter\u00fd byl dokonce publikov\u00e1n v t\u00e9 sam\u00e9 dob\u011b na \u00fazem\u00ed Rakousk\u00e9ho c\u00edsa\u0159stv\u00ed. V \u00favodn\u00ed \u010d\u00e1sti je shrnut v\u00fdvoj cenzury v habsbursk\u00e9 monarchii od druh\u00e9 poloviny 17. stolet\u00ed, kdy za\u010dal pozvoln\u00fd proces systematick\u00e9ho p\u0159eb\u00edr\u00e1n\u00ed cenzury st\u00e1tem, p\u0159es obdob\u00ed terezi\u00e1nsk\u00e9 a josef\u00ednsk\u00e9, kdy se cenzura stala v\u00fdsadn\u00ed dom\u00e9nou st\u00e1tu, a\u017e do \u00e9ry koali\u010dn\u00edch v\u00e1lek, kdy byla vytvo\u0159ena p\u0159\u00edsn\u00e1 cenzurn\u00ed pravidla, platn\u00e1 a\u017e do poloviny 19. stolet\u00ed. Sou\u010dasn\u011b byla v t\u00e9to dob\u011b (1801) cenzura zcela sv\u011b\u0159ena policii. V tomto duchu pak byly cenzurn\u00ed \u010dinnosti praktikov\u00e1ny po celou prvn\u00ed polovinu 19. stolet\u00ed, tj. v obdob\u00ed Metternichovy vl\u00e1dy. Zlom p\u0159inesla a\u017e revolu\u010dn\u00ed l\u00e9ta 1848 a 1849, kdy byla cenzura na kr\u00e1tkou dobu zru\u0161ena, aby byla z\u00e1hy de facto (nikoliv de jure) obnovena<br \/>\n<strong>Kl\u00ed\u010dov\u00e1 slova:<\/strong>\u00a0cenzura, historie, v\u00fdvoj.<\/p>\n<hr \/>\n<p><a href=\"https:\/\/veda.polac.cz\/?page_id=1628\">Zp\u011bt<\/a><\/p>\n","protected":false},"excerpt":{"rendered":"<p>Resum\u00e9 \u010dl\u00e1nku Ojedin\u011bl\u00e1 uk\u00e1zka cenzurn\u00ed \u010dinnosti rakousk\u00e9 policie Mgr. Lubom\u00edr Uhl\u00ed\u0159 \u010cl\u00e1nek prezentuje ojedin\u011bl\u00fd p\u0159\u00edklad dochovan\u00e9 \u010dinnosti rakousk\u00fdch cenzor\u016f z poloviny 19. stolet\u00ed, kter\u00fd byl dokonce publikov\u00e1n v t\u00e9 sam\u00e9 dob\u011b na \u00fazem\u00ed Rakousk\u00e9ho c\u00edsa\u0159stv\u00ed. V \u00favodn\u00ed \u010d\u00e1sti je shrnut v\u00fdvoj cenzury v habsbursk\u00e9 monarchii od druh\u00e9 poloviny 17. stolet\u00ed, kdy za\u010dal pozvoln\u00fd proces systematick\u00e9ho [&hellip;]<\/p>\n","protected":false},"author":2,"featured_media":0,"parent":1628,"menu_order":0,"comment_status":"closed","ping_status":"closed","template":"","meta":{"footnotes":""},"class_list":["post-3058","page","type-page","status-publish","hentry"],"_links":{"self":[{"href":"https:\/\/veda.polac.cz\/index.php?rest_route=\/wp\/v2\/pages\/3058","targetHints":{"allow":["GET"]}}],"collection":[{"href":"https:\/\/veda.polac.cz\/index.php?rest_route=\/wp\/v2\/pages"}],"about":[{"href":"https:\/\/veda.polac.cz\/index.php?rest_route=\/wp\/v2\/types\/page"}],"author":[{"embeddable":true,"href":"https:\/\/veda.polac.cz\/index.php?rest_route=\/wp\/v2\/users\/2"}],"replies":[{"embeddable":true,"href":"https:\/\/veda.polac.cz\/index.php?rest_route=%2Fwp%2Fv2%2Fcomments&post=3058"}],"version-history":[{"count":2,"href":"https:\/\/veda.polac.cz\/index.php?rest_route=\/wp\/v2\/pages\/3058\/revisions"}],"predecessor-version":[{"id":3066,"href":"https:\/\/veda.polac.cz\/index.php?rest_route=\/wp\/v2\/pages\/3058\/revisions\/3066"}],"up":[{"embeddable":true,"href":"https:\/\/veda.polac.cz\/index.php?rest_route=\/wp\/v2\/pages\/1628"}],"wp:attachment":[{"href":"https:\/\/veda.polac.cz\/index.php?rest_route=%2Fwp%2Fv2%2Fmedia&parent=3058"}],"curies":[{"name":"wp","href":"https:\/\/api.w.org\/{rel}","templated":true}]}}