{"id":3054,"date":"2019-04-19T08:30:25","date_gmt":"2019-04-19T08:30:25","guid":{"rendered":"http:\/\/veda.polac.cz\/?page_id=3054"},"modified":"2019-04-19T08:36:07","modified_gmt":"2019-04-19T08:36:07","slug":"10-2","status":"publish","type":"page","link":"https:\/\/veda.polac.cz\/?page_id=3054","title":{"rendered":""},"content":{"rendered":"<p style=\"text-align: center;\">Resum\u00e9 \u010dl\u00e1nku<\/p>\n<p align=\"justify\"><b>Vymezen\u00ed z\u00e1kladn\u00edch pojm\u016f mana\u017eersk\u00e9ho vzd\u011bl\u00e1v\u00e1n\u00ed<br \/>\n<\/b><em>Mgr. Anton\u00edn Slab\u00fd<\/em><b><br \/>\n<\/b><\/p>\n<p align=\"justify\">P\u0159\u00edsp\u011bvek se zab\u00fdv\u00e1 problematikou vzd\u011bl\u00e1n\u00ed, vzd\u011bl\u00e1v\u00e1n\u00ed ve spojitosti s lidsk\u00fdmi zdroji. Poukazuje na d\u016fle\u017eitost spr\u00e1vn\u00e9ho u\u017e\u00edv\u00e1n\u00ed pojm\u016f jak\u00fdmi je vzd\u011bl\u00e1n\u00ed, vzd\u011bl\u00e1v\u00e1n\u00ed a celo\u017eivotn\u00ed u\u010den\u00ed.<br \/>\n<strong>Kl\u00ed\u010dov\u00e1 slova:<\/strong>\u00a0vzd\u011bl\u00e1n\u00ed, vzd\u011bl\u00e1v\u00e1n\u00ed, celo\u017eivotn\u00ed u\u010den\u00ed, lidsk\u00e9 zdroje, \u0159\u00edzen\u00ed lidsk\u00fdch zdroj\u016f.<\/p>\n<hr \/>\n<p><a href=\"https:\/\/veda.polac.cz\/?page_id=1628\">Zp\u011bt<\/a><\/p>\n","protected":false},"excerpt":{"rendered":"<p>Resum\u00e9 \u010dl\u00e1nku Vymezen\u00ed z\u00e1kladn\u00edch pojm\u016f mana\u017eersk\u00e9ho vzd\u011bl\u00e1v\u00e1n\u00ed Mgr. Anton\u00edn Slab\u00fd P\u0159\u00edsp\u011bvek se zab\u00fdv\u00e1 problematikou vzd\u011bl\u00e1n\u00ed, vzd\u011bl\u00e1v\u00e1n\u00ed ve spojitosti s lidsk\u00fdmi zdroji. Poukazuje na d\u016fle\u017eitost spr\u00e1vn\u00e9ho u\u017e\u00edv\u00e1n\u00ed pojm\u016f jak\u00fdmi je vzd\u011bl\u00e1n\u00ed, vzd\u011bl\u00e1v\u00e1n\u00ed a celo\u017eivotn\u00ed u\u010den\u00ed. Kl\u00ed\u010dov\u00e1 slova:\u00a0vzd\u011bl\u00e1n\u00ed, vzd\u011bl\u00e1v\u00e1n\u00ed, celo\u017eivotn\u00ed u\u010den\u00ed, lidsk\u00e9 zdroje, \u0159\u00edzen\u00ed lidsk\u00fdch zdroj\u016f. Zp\u011bt<\/p>\n","protected":false},"author":2,"featured_media":0,"parent":1628,"menu_order":0,"comment_status":"closed","ping_status":"closed","template":"","meta":{"footnotes":""},"class_list":["post-3054","page","type-page","status-publish","hentry"],"_links":{"self":[{"href":"https:\/\/veda.polac.cz\/index.php?rest_route=\/wp\/v2\/pages\/3054","targetHints":{"allow":["GET"]}}],"collection":[{"href":"https:\/\/veda.polac.cz\/index.php?rest_route=\/wp\/v2\/pages"}],"about":[{"href":"https:\/\/veda.polac.cz\/index.php?rest_route=\/wp\/v2\/types\/page"}],"author":[{"embeddable":true,"href":"https:\/\/veda.polac.cz\/index.php?rest_route=\/wp\/v2\/users\/2"}],"replies":[{"embeddable":true,"href":"https:\/\/veda.polac.cz\/index.php?rest_route=%2Fwp%2Fv2%2Fcomments&post=3054"}],"version-history":[{"count":2,"href":"https:\/\/veda.polac.cz\/index.php?rest_route=\/wp\/v2\/pages\/3054\/revisions"}],"predecessor-version":[{"id":3064,"href":"https:\/\/veda.polac.cz\/index.php?rest_route=\/wp\/v2\/pages\/3054\/revisions\/3064"}],"up":[{"embeddable":true,"href":"https:\/\/veda.polac.cz\/index.php?rest_route=\/wp\/v2\/pages\/1628"}],"wp:attachment":[{"href":"https:\/\/veda.polac.cz\/index.php?rest_route=%2Fwp%2Fv2%2Fmedia&parent=3054"}],"curies":[{"name":"wp","href":"https:\/\/api.w.org\/{rel}","templated":true}]}}