{"id":3052,"date":"2019-04-19T08:29:35","date_gmt":"2019-04-19T08:29:35","guid":{"rendered":"http:\/\/veda.polac.cz\/?page_id=3052"},"modified":"2019-04-19T08:36:45","modified_gmt":"2019-04-19T08:36:45","slug":"9-2","status":"publish","type":"page","link":"https:\/\/veda.polac.cz\/?page_id=3052","title":{"rendered":""},"content":{"rendered":"<p style=\"text-align: center;\">Resum\u00e9 \u010dl\u00e1nku<\/p>\n<p align=\"justify\"><b>Mana\u017eersk\u00e9 kompetence<br \/>\n<\/b><em>Mgr. Anton\u00edn Slab\u00fd<\/em><b><br \/>\n<\/b><\/p>\n<p align=\"justify\">V posledn\u00edch letech doch\u00e1z\u00ed ke zm\u011bn\u011b zp\u016fsobu definov\u00e1n\u00ed obsahu \u010dinnosti jednotliv\u00fdch mana\u017eer\u016f a z nich vypl\u00fdvaj\u00edc\u00edch n\u00e1rok\u016f na tyto mana\u017eery. Modern\u00ed uplat\u0148ov\u00e1n\u00ed kompeten\u010dn\u00edho p\u0159\u00edstupu se v\u0161ak rovn\u011b\u017e velice dynamicky vyv\u00edj\u00ed, co\u017e je zp\u016fsobeno zejm\u00e9na skute\u010dnost\u00ed, \u017ee pr\u016fvodn\u00edm znakem managementu jednadva-c\u00e1t\u00e9ho stolet\u00ed je pot\u0159eba zvl\u00e1dnout v\u0161echny zm\u011bny, kter\u00e9 dynamick\u00fd v\u00fdvoj p\u0159in\u00e1\u0161\u00ed. Proto doch\u00e1z\u00ed i k posunu v pojet\u00ed a definov\u00e1n\u00ed mana\u017eersk\u00fdch kompetenc\u00ed a n\u00e1vazn\u011b doch\u00e1z\u00ed i ke zm\u011bn\u00e1m forem a zp\u016fsob\u016f z\u00edsk\u00e1v\u00e1n\u00ed, rozv\u00edjen\u00ed a obnovov\u00e1n\u00ed t\u011bchto kompetenc\u00ed.<br \/>\n<strong>Kl\u00ed\u010dov\u00e1 slova:<\/strong>\u00a0mana\u017eersk\u00e9 kompetence, definov\u00e1n\u00ed a z\u00edsk\u00e1v\u00e1n\u00ed mana\u017eersk\u00fdch kompetenc\u00ed.<\/p>\n<hr \/>\n<p><a href=\"https:\/\/veda.polac.cz\/?page_id=1628\">Zp\u011bt<\/a><\/p>\n","protected":false},"excerpt":{"rendered":"<p>Resum\u00e9 \u010dl\u00e1nku Mana\u017eersk\u00e9 kompetence Mgr. Anton\u00edn Slab\u00fd V posledn\u00edch letech doch\u00e1z\u00ed ke zm\u011bn\u011b zp\u016fsobu definov\u00e1n\u00ed obsahu \u010dinnosti jednotliv\u00fdch mana\u017eer\u016f a z nich vypl\u00fdvaj\u00edc\u00edch n\u00e1rok\u016f na tyto mana\u017eery. Modern\u00ed uplat\u0148ov\u00e1n\u00ed kompeten\u010dn\u00edho p\u0159\u00edstupu se v\u0161ak rovn\u011b\u017e velice dynamicky vyv\u00edj\u00ed, co\u017e je zp\u016fsobeno zejm\u00e9na skute\u010dnost\u00ed, \u017ee pr\u016fvodn\u00edm znakem managementu jednadva-c\u00e1t\u00e9ho stolet\u00ed je pot\u0159eba zvl\u00e1dnout v\u0161echny zm\u011bny, kter\u00e9 dynamick\u00fd [&hellip;]<\/p>\n","protected":false},"author":2,"featured_media":0,"parent":1628,"menu_order":0,"comment_status":"closed","ping_status":"closed","template":"","meta":{"footnotes":""},"class_list":["post-3052","page","type-page","status-publish","hentry"],"_links":{"self":[{"href":"https:\/\/veda.polac.cz\/index.php?rest_route=\/wp\/v2\/pages\/3052","targetHints":{"allow":["GET"]}}],"collection":[{"href":"https:\/\/veda.polac.cz\/index.php?rest_route=\/wp\/v2\/pages"}],"about":[{"href":"https:\/\/veda.polac.cz\/index.php?rest_route=\/wp\/v2\/types\/page"}],"author":[{"embeddable":true,"href":"https:\/\/veda.polac.cz\/index.php?rest_route=\/wp\/v2\/users\/2"}],"replies":[{"embeddable":true,"href":"https:\/\/veda.polac.cz\/index.php?rest_route=%2Fwp%2Fv2%2Fcomments&post=3052"}],"version-history":[{"count":2,"href":"https:\/\/veda.polac.cz\/index.php?rest_route=\/wp\/v2\/pages\/3052\/revisions"}],"predecessor-version":[{"id":3074,"href":"https:\/\/veda.polac.cz\/index.php?rest_route=\/wp\/v2\/pages\/3052\/revisions\/3074"}],"up":[{"embeddable":true,"href":"https:\/\/veda.polac.cz\/index.php?rest_route=\/wp\/v2\/pages\/1628"}],"wp:attachment":[{"href":"https:\/\/veda.polac.cz\/index.php?rest_route=%2Fwp%2Fv2%2Fmedia&parent=3052"}],"curies":[{"name":"wp","href":"https:\/\/api.w.org\/{rel}","templated":true}]}}