{"id":3048,"date":"2019-04-19T08:27:20","date_gmt":"2019-04-19T08:27:20","guid":{"rendered":"http:\/\/veda.polac.cz\/?page_id=3048"},"modified":"2019-04-19T08:36:43","modified_gmt":"2019-04-19T08:36:43","slug":"8-2","status":"publish","type":"page","link":"https:\/\/veda.polac.cz\/?page_id=3048","title":{"rendered":""},"content":{"rendered":"<p style=\"text-align: center;\">Resum\u00e9 \u010dl\u00e1nku<\/p>\n<p align=\"justify\"><b>Management znalost\u00ed a jeho v\u00fdznam pro policejn\u00ed pr\u00e1ci<br \/>\n<\/b><em>doc. Ing. Ludmila Ml\u00e1dkov\u00e1, Ph.D.<\/em><b><br \/>\n<\/b><\/p>\n<p align=\"justify\">\u010cl\u00e1nek se zab\u00fdv\u00e1 v\u00fdznamem managementu znalost\u00ed pro policii. Hlavn\u00edm \u00fakolem managementu znalost\u00ed je zajistit vyu\u017eit\u00ed explicitn\u00ed a taktn\u00ed dimenze znalosti v organizaci. Pro znalostn\u011b n\u00e1ro\u010dn\u00e9 obory, mezi kter\u00e9 policie jednozna\u010dn\u011b pat\u0159\u00ed, je obzvl\u00e1\u0161t\u011b d\u016fle\u017eit\u00e1 tacitn\u00ed dimenze znalosti. Zku\u0161en\u00ed policist\u00e9 maj\u00ed tacitn\u00ed znalosti, kter\u00e9 nov\u00e1\u010dk\u016fm chyb\u00ed. D\u00edky nim jsou schopni reagovat i na podn\u011bty, kter\u00e9 jejich h\u016f\u0159e znalostn\u011b vybaven\u00fdm koleg\u016fm z\u016fst\u00e1vaj\u00ed skryt\u00e9. D\u00edky sv\u00fdm tacitn\u00edm znalostem jsou rychlej\u0161\u00ed, produktivn\u011bj\u0161\u00ed, \u00fasp\u011b\u0161n\u011bj\u0161\u00ed a d\u011blaj\u00ed m\u00e9n\u011b chyb. P\u0159esto\u017ee by jako ka\u017ed\u00e1 jin\u00e1 organizace m\u011bla i policie vyv\u00e1\u017een\u011b pracovat s ob\u011bma dimenzemi znalosti, je v\u00fdznam tacitn\u00edch znalost\u00ed pro \u00fasp\u011bch policisty zcela z\u00e1sadn\u00ed. Policejn\u00ed mana\u017ee\u0159i by proto m\u011bli v\u011bnovat tacitn\u00edm znalostem sv\u00fdch pod\u0159\u00edzen\u00fdch velkou pozornost a m\u011bli by iniciovat jejich sd\u00edlen\u00ed<br \/>\n<strong>Kl\u00ed\u010dov\u00e1 slova:\u00a0<\/strong>znalost, management znalost\u00ed, explicitn\u00ed znalost, tacitn\u00ed znalost.<\/p>\n<hr \/>\n<p><a href=\"https:\/\/veda.polac.cz\/?page_id=1628\">Zp\u011bt<\/a><\/p>\n","protected":false},"excerpt":{"rendered":"<p>Resum\u00e9 \u010dl\u00e1nku Management znalost\u00ed a jeho v\u00fdznam pro policejn\u00ed pr\u00e1ci doc. Ing. Ludmila Ml\u00e1dkov\u00e1, Ph.D. \u010cl\u00e1nek se zab\u00fdv\u00e1 v\u00fdznamem managementu znalost\u00ed pro policii. Hlavn\u00edm \u00fakolem managementu znalost\u00ed je zajistit vyu\u017eit\u00ed explicitn\u00ed a taktn\u00ed dimenze znalosti v organizaci. Pro znalostn\u011b n\u00e1ro\u010dn\u00e9 obory, mezi kter\u00e9 policie jednozna\u010dn\u011b pat\u0159\u00ed, je obzvl\u00e1\u0161t\u011b d\u016fle\u017eit\u00e1 tacitn\u00ed dimenze znalosti. Zku\u0161en\u00ed policist\u00e9 maj\u00ed [&hellip;]<\/p>\n","protected":false},"author":2,"featured_media":0,"parent":1628,"menu_order":0,"comment_status":"closed","ping_status":"closed","template":"","meta":{"footnotes":""},"class_list":["post-3048","page","type-page","status-publish","hentry"],"_links":{"self":[{"href":"https:\/\/veda.polac.cz\/index.php?rest_route=\/wp\/v2\/pages\/3048","targetHints":{"allow":["GET"]}}],"collection":[{"href":"https:\/\/veda.polac.cz\/index.php?rest_route=\/wp\/v2\/pages"}],"about":[{"href":"https:\/\/veda.polac.cz\/index.php?rest_route=\/wp\/v2\/types\/page"}],"author":[{"embeddable":true,"href":"https:\/\/veda.polac.cz\/index.php?rest_route=\/wp\/v2\/users\/2"}],"replies":[{"embeddable":true,"href":"https:\/\/veda.polac.cz\/index.php?rest_route=%2Fwp%2Fv2%2Fcomments&post=3048"}],"version-history":[{"count":2,"href":"https:\/\/veda.polac.cz\/index.php?rest_route=\/wp\/v2\/pages\/3048\/revisions"}],"predecessor-version":[{"id":3073,"href":"https:\/\/veda.polac.cz\/index.php?rest_route=\/wp\/v2\/pages\/3048\/revisions\/3073"}],"up":[{"embeddable":true,"href":"https:\/\/veda.polac.cz\/index.php?rest_route=\/wp\/v2\/pages\/1628"}],"wp:attachment":[{"href":"https:\/\/veda.polac.cz\/index.php?rest_route=%2Fwp%2Fv2%2Fmedia&parent=3048"}],"curies":[{"name":"wp","href":"https:\/\/api.w.org\/{rel}","templated":true}]}}