{"id":3043,"date":"2019-04-19T08:24:03","date_gmt":"2019-04-19T08:24:03","guid":{"rendered":"http:\/\/veda.polac.cz\/?page_id=3043"},"modified":"2019-04-19T08:36:37","modified_gmt":"2019-04-19T08:36:37","slug":"6-2","status":"publish","type":"page","link":"https:\/\/veda.polac.cz\/?page_id=3043","title":{"rendered":""},"content":{"rendered":"<p style=\"text-align: center;\">Resum\u00e9 \u010dl\u00e1nku<\/p>\n<p align=\"justify\"><b>N\u00e1vrh dopravno-bezpe\u010dnostn\u00fdch opatren\u00ed z h\u013eadiska dopravn\u00e9ho in\u017einierstva na rie\u0161enie kritick\u00fdch nehodov\u00fdch lokal\u00edt<br \/>\n<\/b><em>pplk. JUDr. Miroslav Felcan, PhD.\u00a0<\/em><b><br \/>\n<\/b><\/p>\n<p align=\"justify\">Doprava je k\u013e\u00fa\u010dov\u00fd faktor v modernej ekonomike. Napriek tomu je neust\u00e1ly rozpor medzi uspokojovan\u00edm mobility a zv\u00fd\u0161en\u00fdm oneskoren\u00edm. Dopravn\u00fd syst\u00e9m mus\u00ed by\u0165 optimalizovan\u00fd, aby sa zabezpe\u010dili v\u0161etky po\u017eiadavky na trvalo udr\u017eate\u013en\u00fd rozvoj. V s\u00fa\u010dasnosti cestn\u00e1 doprava vytv\u00e1ra cca 84 % celkov\u00fdch negat\u00edvnych extern\u00fdch n\u00e1kladov. Spolo\u010dnos\u0165 po\u017eaduje st\u00e1le v\u00e4\u010d\u0161iu mobilitu, ale je st\u00e1le menej tolerantn\u00e1 vo\u010di rastu extern\u00fdch n\u00e1kladov. Sk\u00fasenosti ukazuj\u00fa, \u017ee invest\u00edcie do infra\u0161trukt\u00fary iba pritiahn\u00fa \u010fal\u0161ie automobily, a t\u00fdm sa extern\u00e9 n\u00e1klady nezn\u00ed\u017eia, tak\u017ee probl\u00e9my sa nedaj\u00fa len rie\u0161i\u0165 novou cestnou infra\u0161trukt\u00farou. V spracovanej \u0161t\u00fadii sa jej autor zameral na zni\u017eovanie kritick\u00fdch nehodov\u00fdch lokal\u00edt v cestnej infra\u0161trukt\u00fare s n\u00e1-vrhom dopravno-bezpe\u010dnostn\u00fdch opatren\u00ed z h\u013eadiska dopravn\u00e9ho in\u017einierstva.<br \/>\n<strong>K\u013e\u00fa\u010dov\u00e9 slov\u00e1:<\/strong>\u00a0dopravno-bezpe\u010dnostn\u00e9 opatrenia, dopravn\u00e9 in\u017einierstvo, kritick\u00e9 nehodov\u00e9 lokality, dopravn\u00fd syst\u00e9m, cestn\u00e1 infra\u0161trukt\u00fara, motorov\u00e9 vozidl\u00e1, dopravn\u00e1 nehodovos\u0165, bezpe\u010dnos\u0165 cestnej dopravy, \u00fa\u010dastn\u00edk cestnej prem\u00e1vky, stavebn\u00e1 charakteristika miesta, sveteln\u00e1 signaliz\u00e1cia.<\/p>\n<hr \/>\n<p><a href=\"https:\/\/veda.polac.cz\/?page_id=1628\">Zp\u011bt<\/a><\/p>\n","protected":false},"excerpt":{"rendered":"<p>Resum\u00e9 \u010dl\u00e1nku N\u00e1vrh dopravno-bezpe\u010dnostn\u00fdch opatren\u00ed z h\u013eadiska dopravn\u00e9ho in\u017einierstva na rie\u0161enie kritick\u00fdch nehodov\u00fdch lokal\u00edt pplk. JUDr. Miroslav Felcan, PhD.\u00a0 Doprava je k\u013e\u00fa\u010dov\u00fd faktor v modernej ekonomike. Napriek tomu je neust\u00e1ly rozpor medzi uspokojovan\u00edm mobility a zv\u00fd\u0161en\u00fdm oneskoren\u00edm. Dopravn\u00fd syst\u00e9m mus\u00ed by\u0165 optimalizovan\u00fd, aby sa zabezpe\u010dili v\u0161etky po\u017eiadavky na trvalo udr\u017eate\u013en\u00fd rozvoj. V s\u00fa\u010dasnosti cestn\u00e1 doprava [&hellip;]<\/p>\n","protected":false},"author":2,"featured_media":0,"parent":1628,"menu_order":0,"comment_status":"closed","ping_status":"closed","template":"","meta":{"footnotes":""},"class_list":["post-3043","page","type-page","status-publish","hentry"],"_links":{"self":[{"href":"https:\/\/veda.polac.cz\/index.php?rest_route=\/wp\/v2\/pages\/3043","targetHints":{"allow":["GET"]}}],"collection":[{"href":"https:\/\/veda.polac.cz\/index.php?rest_route=\/wp\/v2\/pages"}],"about":[{"href":"https:\/\/veda.polac.cz\/index.php?rest_route=\/wp\/v2\/types\/page"}],"author":[{"embeddable":true,"href":"https:\/\/veda.polac.cz\/index.php?rest_route=\/wp\/v2\/users\/2"}],"replies":[{"embeddable":true,"href":"https:\/\/veda.polac.cz\/index.php?rest_route=%2Fwp%2Fv2%2Fcomments&post=3043"}],"version-history":[{"count":2,"href":"https:\/\/veda.polac.cz\/index.php?rest_route=\/wp\/v2\/pages\/3043\/revisions"}],"predecessor-version":[{"id":3071,"href":"https:\/\/veda.polac.cz\/index.php?rest_route=\/wp\/v2\/pages\/3043\/revisions\/3071"}],"up":[{"embeddable":true,"href":"https:\/\/veda.polac.cz\/index.php?rest_route=\/wp\/v2\/pages\/1628"}],"wp:attachment":[{"href":"https:\/\/veda.polac.cz\/index.php?rest_route=%2Fwp%2Fv2%2Fmedia&parent=3043"}],"curies":[{"name":"wp","href":"https:\/\/api.w.org\/{rel}","templated":true}]}}