{"id":3039,"date":"2019-04-19T08:20:06","date_gmt":"2019-04-19T08:20:06","guid":{"rendered":"http:\/\/veda.polac.cz\/?page_id=3039"},"modified":"2019-04-19T08:36:35","modified_gmt":"2019-04-19T08:36:35","slug":"5-2","status":"publish","type":"page","link":"https:\/\/veda.polac.cz\/?page_id=3039","title":{"rendered":""},"content":{"rendered":"<p style=\"text-align: center;\">Resum\u00e9 \u010dl\u00e1nku<\/p>\n<p align=\"justify\"><b>Nieko\u013eko pozn\u00e1mok k dokazovaniu v trestnom konan\u00ed &#8211; II. \u010das\u0165<br \/>\n<\/b><em>doc. JUDr. Mgr. Jana Viktoryov\u00e1, PhD., Mgr. Lubo\u0161 Turek<\/em><b><br \/>\n<\/b><\/p>\n<p align=\"justify\">Pr\u00edspevok sa venuje aktu\u00e1lnej a na probl\u00e9my bohatej t\u00e9me dokazovania v preds\u00fadnom konan\u00ed. Autori postupne prech\u00e1dzaj\u00fa od v\u0161eobecn\u00fdch pojmov\u00fdch v\u00fdchod\u00edsk dokazovania, cez etapy dokazovania, predmet a rozsah dokazovania a\u017e po ot\u00e1zky pr\u00edpustnosti d\u00f4kazov a z\u00e1kaz dokazovania. Z\u00e1konn\u00e9 a spo\u013eahliv\u00e9 zistenie skutkov\u00e9ho stavu veci bez d\u00f4vodn\u00fdch pochybnost\u00ed je predpokladom spr\u00e1vneho, spravodliv\u00e9ho a efekt\u00edvneho rozhodnutia v ka\u017edej trestnej veci. Zistenie skutkov\u00e9ho stavu veci je \u00falohou dokazovania. Dokazovanie tvor\u00ed podstatn\u00fa \u010das\u0165 n\u00e1plne \u010dinnosti org\u00e1nov \u010dinn\u00fdch v trestnom konan\u00ed a s\u00fadu. Postup pri vyh\u013ead\u00e1van\u00ed d\u00f4kazov, pri ich vykon\u00e1van\u00ed, previerke a hodnoten\u00ed v preds\u00fadnom konan\u00ed upravuj\u00fa procesn\u00e9 predpisy, ktor\u00e9 sa opieraj\u00fa o te\u00f3riu dokazovania, v niektor\u00fdch odborn\u00fdch prame\u0148och naz\u00fdvan\u00fa aj ako d\u00f4kazn\u00e9 pr\u00e1vo. Autorsk\u00e1 dvojica sa podrobne zaober\u00e1 pr\u00e1cami tak\u00fdch pr\u00e1vnych odborn\u00edkov na oblas\u0165 dokazovania, ako je napr. V. Mathern, E. Hus\u00e1r, J. Ivor, P. Bal\u00e1\u017e, J. Musil, J. Jel\u00ednek, P. \u0160\u00e1mal, J. \u010cent\u00e9\u0161, rozober\u00e1 ich posto-je, komparuje ich a h\u013ead\u00e1 mo\u017en\u00e9 v\u00fdchodisk\u00e1 pre skvalitnenie procesu dokazovania.<br \/>\n<strong>K\u013e\u00fa\u010dov\u00e9 slov\u00e1:<\/strong>\u00a0dokazovanie, predmet a rozsah dokazovania, etapy procesu dokazovania, pr\u00edpustnos\u0165, z\u00e1konnos\u0165, z\u00e1va\u017enos\u0165, vierohodnos\u0165 d\u00f4kazu, nepr\u00edpustn\u00fd d\u00f4kaz.<\/p>\n<hr \/>\n<p><a href=\"https:\/\/veda.polac.cz\/?page_id=1628\">Zp\u011bt<\/a><\/p>\n","protected":false},"excerpt":{"rendered":"<p>Resum\u00e9 \u010dl\u00e1nku Nieko\u013eko pozn\u00e1mok k dokazovaniu v trestnom konan\u00ed &#8211; II. \u010das\u0165 doc. JUDr. Mgr. Jana Viktoryov\u00e1, PhD., Mgr. Lubo\u0161 Turek Pr\u00edspevok sa venuje aktu\u00e1lnej a na probl\u00e9my bohatej t\u00e9me dokazovania v preds\u00fadnom konan\u00ed. Autori postupne prech\u00e1dzaj\u00fa od v\u0161eobecn\u00fdch pojmov\u00fdch v\u00fdchod\u00edsk dokazovania, cez etapy dokazovania, predmet a rozsah dokazovania a\u017e po ot\u00e1zky pr\u00edpustnosti d\u00f4kazov a [&hellip;]<\/p>\n","protected":false},"author":2,"featured_media":0,"parent":1628,"menu_order":0,"comment_status":"closed","ping_status":"closed","template":"","meta":{"footnotes":""},"class_list":["post-3039","page","type-page","status-publish","hentry"],"_links":{"self":[{"href":"https:\/\/veda.polac.cz\/index.php?rest_route=\/wp\/v2\/pages\/3039","targetHints":{"allow":["GET"]}}],"collection":[{"href":"https:\/\/veda.polac.cz\/index.php?rest_route=\/wp\/v2\/pages"}],"about":[{"href":"https:\/\/veda.polac.cz\/index.php?rest_route=\/wp\/v2\/types\/page"}],"author":[{"embeddable":true,"href":"https:\/\/veda.polac.cz\/index.php?rest_route=\/wp\/v2\/users\/2"}],"replies":[{"embeddable":true,"href":"https:\/\/veda.polac.cz\/index.php?rest_route=%2Fwp%2Fv2%2Fcomments&post=3039"}],"version-history":[{"count":2,"href":"https:\/\/veda.polac.cz\/index.php?rest_route=\/wp\/v2\/pages\/3039\/revisions"}],"predecessor-version":[{"id":3070,"href":"https:\/\/veda.polac.cz\/index.php?rest_route=\/wp\/v2\/pages\/3039\/revisions\/3070"}],"up":[{"embeddable":true,"href":"https:\/\/veda.polac.cz\/index.php?rest_route=\/wp\/v2\/pages\/1628"}],"wp:attachment":[{"href":"https:\/\/veda.polac.cz\/index.php?rest_route=%2Fwp%2Fv2%2Fmedia&parent=3039"}],"curies":[{"name":"wp","href":"https:\/\/api.w.org\/{rel}","templated":true}]}}