{"id":3037,"date":"2019-04-19T08:18:48","date_gmt":"2019-04-19T08:18:48","guid":{"rendered":"http:\/\/veda.polac.cz\/?page_id=3037"},"modified":"2019-04-19T08:36:32","modified_gmt":"2019-04-19T08:36:32","slug":"4-2","status":"publish","type":"page","link":"https:\/\/veda.polac.cz\/?page_id=3037","title":{"rendered":""},"content":{"rendered":"<p style=\"text-align: center;\">Resum\u00e9 \u010dl\u00e1nku<\/p>\n<p align=\"justify\"><b>N\u00e1sil\u00ed na fotbalov\u00fdch stadionech v \u010cR a privatizace jeho \u0159e\u0161en\u00ed<br \/>\n<\/b><em>Bc. Petr Kupka<\/em><b><br \/>\n<\/b><\/p>\n<p align=\"justify\">P\u0159\u00edsp\u011bvek se zab\u00fdv\u00e1 privatizac\u00ed \u0159e\u0161en\u00ed fotbalov\u00e9ho n\u00e1sil\u00ed na fotbalov\u00fdch stadionech v \u010cR, p\u0159i\u010dem\u017e hlavn\u00edm motivem textu je navr\u017een\u00ed tzv. &#8222;ide\u00e1ln\u00edho modelu&#8220; privatizace na t\u0159ech \u00farovn\u00edch &#8211; strategick\u00e9, taktick\u00e9 a opera\u010dn\u00ed. Autor v p\u0159\u00edsp\u011bvku syntetizuje poznatky z\u00edskan\u00e9 na z\u00e1klad\u011b vlastn\u00ed zku\u0161enosti z ter\u00e9nn\u00ed pr\u00e1ce s fotbalov\u00fdmi fanou\u0161ky i z odborn\u00e9 literatury.<br \/>\n<strong>Kl\u00ed\u010dov\u00e1 slova:<\/strong>\u00a0privatizace bezpe\u010dnosti, fotbalov\u00e9 n\u00e1sil\u00ed, management krizov\u00fdch situac\u00ed, Evropsk\u00e1 \u00famluva k div\u00e1ck\u00e9mu n\u00e1sil\u00ed.<\/p>\n<hr \/>\n<p><a href=\"https:\/\/veda.polac.cz\/?page_id=1628\">Zp\u011bt<\/a><\/p>\n","protected":false},"excerpt":{"rendered":"<p>Resum\u00e9 \u010dl\u00e1nku N\u00e1sil\u00ed na fotbalov\u00fdch stadionech v \u010cR a privatizace jeho \u0159e\u0161en\u00ed Bc. Petr Kupka P\u0159\u00edsp\u011bvek se zab\u00fdv\u00e1 privatizac\u00ed \u0159e\u0161en\u00ed fotbalov\u00e9ho n\u00e1sil\u00ed na fotbalov\u00fdch stadionech v \u010cR, p\u0159i\u010dem\u017e hlavn\u00edm motivem textu je navr\u017een\u00ed tzv. &#8222;ide\u00e1ln\u00edho modelu&#8220; privatizace na t\u0159ech \u00farovn\u00edch &#8211; strategick\u00e9, taktick\u00e9 a opera\u010dn\u00ed. Autor v p\u0159\u00edsp\u011bvku syntetizuje poznatky z\u00edskan\u00e9 na z\u00e1klad\u011b vlastn\u00ed zku\u0161enosti [&hellip;]<\/p>\n","protected":false},"author":2,"featured_media":0,"parent":1628,"menu_order":0,"comment_status":"closed","ping_status":"closed","template":"","meta":{"footnotes":""},"class_list":["post-3037","page","type-page","status-publish","hentry"],"_links":{"self":[{"href":"https:\/\/veda.polac.cz\/index.php?rest_route=\/wp\/v2\/pages\/3037","targetHints":{"allow":["GET"]}}],"collection":[{"href":"https:\/\/veda.polac.cz\/index.php?rest_route=\/wp\/v2\/pages"}],"about":[{"href":"https:\/\/veda.polac.cz\/index.php?rest_route=\/wp\/v2\/types\/page"}],"author":[{"embeddable":true,"href":"https:\/\/veda.polac.cz\/index.php?rest_route=\/wp\/v2\/users\/2"}],"replies":[{"embeddable":true,"href":"https:\/\/veda.polac.cz\/index.php?rest_route=%2Fwp%2Fv2%2Fcomments&post=3037"}],"version-history":[{"count":2,"href":"https:\/\/veda.polac.cz\/index.php?rest_route=\/wp\/v2\/pages\/3037\/revisions"}],"predecessor-version":[{"id":3069,"href":"https:\/\/veda.polac.cz\/index.php?rest_route=\/wp\/v2\/pages\/3037\/revisions\/3069"}],"up":[{"embeddable":true,"href":"https:\/\/veda.polac.cz\/index.php?rest_route=\/wp\/v2\/pages\/1628"}],"wp:attachment":[{"href":"https:\/\/veda.polac.cz\/index.php?rest_route=%2Fwp%2Fv2%2Fmedia&parent=3037"}],"curies":[{"name":"wp","href":"https:\/\/api.w.org\/{rel}","templated":true}]}}