{"id":3031,"date":"2019-04-19T08:15:09","date_gmt":"2019-04-19T08:15:09","guid":{"rendered":"http:\/\/veda.polac.cz\/?page_id=3031"},"modified":"2019-04-19T08:36:03","modified_gmt":"2019-04-19T08:36:03","slug":"1-2","status":"publish","type":"page","link":"https:\/\/veda.polac.cz\/?page_id=3031","title":{"rendered":""},"content":{"rendered":"<p style=\"text-align: center;\">Resum\u00e9 \u010dl\u00e1nku<\/p>\n<p align=\"justify\"><b>\u010ce\u0161ky a \u010ce\u0161i v kyberprostoru<br \/>\n<\/b><em>PhDr. Ing. Petr Soukup a kolektiv<\/em><b><br \/>\n<\/b><\/p>\n<p align=\"justify\">Zestru\u010dn\u011bn\u00e1 zpr\u00e1va v\u00fdzkumn\u00e9ho t\u00fdmu sociologie a psychologie v r\u00e1mci projektu bezpe\u010dnostn\u00edho v\u00fdzkumu &#8222;Problematika kybernetick\u00fdch hrozeb z hlediska bezpe\u010dnostn\u00edch z\u00e1jm\u016f \u010cesk\u00e9 republiky&#8220; &#8211; II. \u010d\u00e1st<br \/>\nV r\u00e1mci bezpe\u010dnostn\u00edho v\u00fdzkumu Ministerstva byl v roce 2007 zah\u00e1jen projekt\u00a0<strong>&#8222;Problematika kybernetick\u00fdch hrozeb z hlediska bezpe\u010dnostn\u00edch z\u00e1jm\u016f \u010cesk\u00e9 republiky&#8220;<\/strong>. Jedn\u00edm z v\u00fdstup\u016f projektu jsou\u00a0<strong>studie, t\u00fdkaj\u00edc\u00ed se soci\u00e1ln\u011b-psycho-logick\u00fdch profil\u016f populace kyberprostoru.<\/strong>\u00a0Tyto studie pr\u016fb\u011b\u017en\u011b p\u0159ipravuje Fakulta soci\u00e1ln\u00edch studi\u00ed University Karlovy. \u010cten\u00e1\u0159\u016fm p\u0159edkl\u00e1d\u00e1me sumarizaci prvn\u00ed z nich, zam\u011b\u0159enou na n\u011bkolik konkr\u00e9tn\u00edch zji\u0161t\u011bn\u00ed v t\u00e9to oblasti.<\/p>\n<hr \/>\n<p><a href=\"https:\/\/veda.polac.cz\/?page_id=1628\">Zp\u011bt<\/a><\/p>\n","protected":false},"excerpt":{"rendered":"<p>Resum\u00e9 \u010dl\u00e1nku \u010ce\u0161ky a \u010ce\u0161i v kyberprostoru PhDr. Ing. Petr Soukup a kolektiv Zestru\u010dn\u011bn\u00e1 zpr\u00e1va v\u00fdzkumn\u00e9ho t\u00fdmu sociologie a psychologie v r\u00e1mci projektu bezpe\u010dnostn\u00edho v\u00fdzkumu &#8222;Problematika kybernetick\u00fdch hrozeb z hlediska bezpe\u010dnostn\u00edch z\u00e1jm\u016f \u010cesk\u00e9 republiky&#8220; &#8211; II. \u010d\u00e1st V r\u00e1mci bezpe\u010dnostn\u00edho v\u00fdzkumu Ministerstva byl v roce 2007 zah\u00e1jen projekt\u00a0&#8222;Problematika kybernetick\u00fdch hrozeb z hlediska bezpe\u010dnostn\u00edch z\u00e1jm\u016f \u010cesk\u00e9 [&hellip;]<\/p>\n","protected":false},"author":2,"featured_media":0,"parent":1628,"menu_order":0,"comment_status":"closed","ping_status":"closed","template":"","meta":{"footnotes":""},"class_list":["post-3031","page","type-page","status-publish","hentry"],"_links":{"self":[{"href":"https:\/\/veda.polac.cz\/index.php?rest_route=\/wp\/v2\/pages\/3031","targetHints":{"allow":["GET"]}}],"collection":[{"href":"https:\/\/veda.polac.cz\/index.php?rest_route=\/wp\/v2\/pages"}],"about":[{"href":"https:\/\/veda.polac.cz\/index.php?rest_route=\/wp\/v2\/types\/page"}],"author":[{"embeddable":true,"href":"https:\/\/veda.polac.cz\/index.php?rest_route=\/wp\/v2\/users\/2"}],"replies":[{"embeddable":true,"href":"https:\/\/veda.polac.cz\/index.php?rest_route=%2Fwp%2Fv2%2Fcomments&post=3031"}],"version-history":[{"count":2,"href":"https:\/\/veda.polac.cz\/index.php?rest_route=\/wp\/v2\/pages\/3031\/revisions"}],"predecessor-version":[{"id":3063,"href":"https:\/\/veda.polac.cz\/index.php?rest_route=\/wp\/v2\/pages\/3031\/revisions\/3063"}],"up":[{"embeddable":true,"href":"https:\/\/veda.polac.cz\/index.php?rest_route=\/wp\/v2\/pages\/1628"}],"wp:attachment":[{"href":"https:\/\/veda.polac.cz\/index.php?rest_route=%2Fwp%2Fv2%2Fmedia&parent=3031"}],"curies":[{"name":"wp","href":"https:\/\/api.w.org\/{rel}","templated":true}]}}