{"id":3016,"date":"2019-04-19T08:10:16","date_gmt":"2019-04-19T08:10:16","guid":{"rendered":"http:\/\/veda.polac.cz\/?page_id=3016"},"modified":"2019-04-19T08:12:59","modified_gmt":"2019-04-19T08:12:59","slug":"13-2","status":"publish","type":"page","link":"https:\/\/veda.polac.cz\/?page_id=3016","title":{"rendered":""},"content":{"rendered":"<p style=\"text-align: center;\">Resum\u00e9 \u010dl\u00e1nku<\/p>\n<p align=\"justify\"><b>Integrace opera\u010dn\u00edch st\u0159edisek v Policii \u010cesk\u00e9 republiky<br \/>\n<\/b><em>Mgr. Zden\u011bk Chmela<\/em><\/p>\n<p align=\"justify\">Autor nast\u00ednil prob\u00edhaj\u00edc\u00ed reformu na \u00faseku opera\u010dn\u00edch st\u0159edisek Policie \u010cesk\u00e9 republiky. Jedn\u00e1 se o v\u00fdznamnou ud\u00e1lost na \u00faseku toku informac\u00ed a \u0159e\u0161en\u00ed bezpe\u010dnostn\u00edch a krizov\u00fdch situaci v \u010dinnosti policie.<br \/>\n<strong>Kl\u00ed\u010dov\u00e1 slova:<\/strong>\u00a0reforma opera\u010dn\u00edch st\u0159edisek, technologick\u00e9 d\u016fvody reformy, integrovan\u00e1 opera\u010dn\u00ed st\u0159ediska, funk\u010dn\u00ed pojet\u00ed integrace, pracovi\u0161t\u011b pro opera\u010dn\u00ed \u0159\u00edzen\u00ed, specializovan\u00e1 pracovi\u0161t\u011b.<\/p>\n<hr \/>\n<p><a href=\"https:\/\/veda.polac.cz\/?page_id=1630\">Zp\u011bt<\/a><\/p>\n","protected":false},"excerpt":{"rendered":"<p>Resum\u00e9 \u010dl\u00e1nku Integrace opera\u010dn\u00edch st\u0159edisek v Policii \u010cesk\u00e9 republiky Mgr. Zden\u011bk Chmela Autor nast\u00ednil prob\u00edhaj\u00edc\u00ed reformu na \u00faseku opera\u010dn\u00edch st\u0159edisek Policie \u010cesk\u00e9 republiky. Jedn\u00e1 se o v\u00fdznamnou ud\u00e1lost na \u00faseku toku informac\u00ed a \u0159e\u0161en\u00ed bezpe\u010dnostn\u00edch a krizov\u00fdch situaci v \u010dinnosti policie. Kl\u00ed\u010dov\u00e1 slova:\u00a0reforma opera\u010dn\u00edch st\u0159edisek, technologick\u00e9 d\u016fvody reformy, integrovan\u00e1 opera\u010dn\u00ed st\u0159ediska, funk\u010dn\u00ed pojet\u00ed integrace, pracovi\u0161t\u011b [&hellip;]<\/p>\n","protected":false},"author":2,"featured_media":0,"parent":1630,"menu_order":0,"comment_status":"closed","ping_status":"closed","template":"","meta":{"footnotes":""},"class_list":["post-3016","page","type-page","status-publish","hentry"],"_links":{"self":[{"href":"https:\/\/veda.polac.cz\/index.php?rest_route=\/wp\/v2\/pages\/3016","targetHints":{"allow":["GET"]}}],"collection":[{"href":"https:\/\/veda.polac.cz\/index.php?rest_route=\/wp\/v2\/pages"}],"about":[{"href":"https:\/\/veda.polac.cz\/index.php?rest_route=\/wp\/v2\/types\/page"}],"author":[{"embeddable":true,"href":"https:\/\/veda.polac.cz\/index.php?rest_route=\/wp\/v2\/users\/2"}],"replies":[{"embeddable":true,"href":"https:\/\/veda.polac.cz\/index.php?rest_route=%2Fwp%2Fv2%2Fcomments&post=3016"}],"version-history":[{"count":2,"href":"https:\/\/veda.polac.cz\/index.php?rest_route=\/wp\/v2\/pages\/3016\/revisions"}],"predecessor-version":[{"id":3023,"href":"https:\/\/veda.polac.cz\/index.php?rest_route=\/wp\/v2\/pages\/3016\/revisions\/3023"}],"up":[{"embeddable":true,"href":"https:\/\/veda.polac.cz\/index.php?rest_route=\/wp\/v2\/pages\/1630"}],"wp:attachment":[{"href":"https:\/\/veda.polac.cz\/index.php?rest_route=%2Fwp%2Fv2%2Fmedia&parent=3016"}],"curies":[{"name":"wp","href":"https:\/\/api.w.org\/{rel}","templated":true}]}}