{"id":3014,"date":"2019-04-19T08:09:06","date_gmt":"2019-04-19T08:09:06","guid":{"rendered":"http:\/\/veda.polac.cz\/?page_id=3014"},"modified":"2019-04-19T08:12:56","modified_gmt":"2019-04-19T08:12:56","slug":"12-2","status":"publish","type":"page","link":"https:\/\/veda.polac.cz\/?page_id=3014","title":{"rendered":""},"content":{"rendered":"<p style=\"text-align: center;\">Resum\u00e9 \u010dl\u00e1nku<\/p>\n<p align=\"justify\"><b>Reforma policejn\u00edch \u00fatvar\u016f s \u00fazemn\u011b vymezenou p\u016fsobnost\u00ed<br \/>\n<\/b><em>Mgr. Zden\u011bk Chmela, JUDr. Jan Daleck\u00fd<\/em><b><br \/>\n<\/b><\/p>\n<p align=\"justify\">Auto\u0159i se ve sv\u00e9m \u010dl\u00e1nku zab\u00fdvaj\u00ed reformou policie na nejni\u017e\u0161\u00edm organiza\u010dn\u00edm \u010dl\u00e1nku. Od 1. 1. 2009 byly zru\u0161eny okresn\u00ed \u0159editelstv\u00ed policie. Pod\u00e1vaj\u00ed ucelenou informaci o organizaci a pracovn\u00ed n\u00e1pln\u011b vedouc\u00edch pracovn\u00edk\u016f nov\u011b vznikl\u00e9ho \u00fazemn\u00edho odboru pro vn\u011bj\u0161\u00ed slu\u017ebu.<br \/>\n<strong>Kl\u00ed\u010dov\u00e1 slova:<\/strong>\u00a0organiza\u010dn\u00ed struktura policie, syst\u00e9m \u0159\u00edzen\u00ed, community policing, v\u011bcn\u00e1 p\u0159\u00edslu\u0161nost.<\/p>\n<hr \/>\n<p><a href=\"https:\/\/veda.polac.cz\/?page_id=1630\">Zp\u011bt<\/a><\/p>\n","protected":false},"excerpt":{"rendered":"<p>Resum\u00e9 \u010dl\u00e1nku Reforma policejn\u00edch \u00fatvar\u016f s \u00fazemn\u011b vymezenou p\u016fsobnost\u00ed Mgr. Zden\u011bk Chmela, JUDr. Jan Daleck\u00fd Auto\u0159i se ve sv\u00e9m \u010dl\u00e1nku zab\u00fdvaj\u00ed reformou policie na nejni\u017e\u0161\u00edm organiza\u010dn\u00edm \u010dl\u00e1nku. Od 1. 1. 2009 byly zru\u0161eny okresn\u00ed \u0159editelstv\u00ed policie. Pod\u00e1vaj\u00ed ucelenou informaci o organizaci a pracovn\u00ed n\u00e1pln\u011b vedouc\u00edch pracovn\u00edk\u016f nov\u011b vznikl\u00e9ho \u00fazemn\u00edho odboru pro vn\u011bj\u0161\u00ed slu\u017ebu. Kl\u00ed\u010dov\u00e1 slova:\u00a0organiza\u010dn\u00ed [&hellip;]<\/p>\n","protected":false},"author":2,"featured_media":0,"parent":1630,"menu_order":0,"comment_status":"closed","ping_status":"closed","template":"","meta":{"footnotes":""},"class_list":["post-3014","page","type-page","status-publish","hentry"],"_links":{"self":[{"href":"https:\/\/veda.polac.cz\/index.php?rest_route=\/wp\/v2\/pages\/3014","targetHints":{"allow":["GET"]}}],"collection":[{"href":"https:\/\/veda.polac.cz\/index.php?rest_route=\/wp\/v2\/pages"}],"about":[{"href":"https:\/\/veda.polac.cz\/index.php?rest_route=\/wp\/v2\/types\/page"}],"author":[{"embeddable":true,"href":"https:\/\/veda.polac.cz\/index.php?rest_route=\/wp\/v2\/users\/2"}],"replies":[{"embeddable":true,"href":"https:\/\/veda.polac.cz\/index.php?rest_route=%2Fwp%2Fv2%2Fcomments&post=3014"}],"version-history":[{"count":2,"href":"https:\/\/veda.polac.cz\/index.php?rest_route=\/wp\/v2\/pages\/3014\/revisions"}],"predecessor-version":[{"id":3022,"href":"https:\/\/veda.polac.cz\/index.php?rest_route=\/wp\/v2\/pages\/3014\/revisions\/3022"}],"up":[{"embeddable":true,"href":"https:\/\/veda.polac.cz\/index.php?rest_route=\/wp\/v2\/pages\/1630"}],"wp:attachment":[{"href":"https:\/\/veda.polac.cz\/index.php?rest_route=%2Fwp%2Fv2%2Fmedia&parent=3014"}],"curies":[{"name":"wp","href":"https:\/\/api.w.org\/{rel}","templated":true}]}}