{"id":3010,"date":"2019-04-19T08:08:23","date_gmt":"2019-04-19T08:08:23","guid":{"rendered":"http:\/\/veda.polac.cz\/?page_id=3010"},"modified":"2019-04-19T08:12:54","modified_gmt":"2019-04-19T08:12:54","slug":"11-2","status":"publish","type":"page","link":"https:\/\/veda.polac.cz\/?page_id=3010","title":{"rendered":""},"content":{"rendered":"<p style=\"text-align: center;\">Resum\u00e9 \u010dl\u00e1nku<\/p>\n<p align=\"justify\"><b>Slu\u017eebn\u00ed hodnocen\u00ed p\u0159\u00edslu\u0161n\u00edk\u016f Policie \u010cesk\u00e9 republiky, \u00fa\u010dinn\u00fd n\u00e1stroj kari\u00e9rn\u00edho r\u016fstu ka\u017ed\u00e9ho policisty<br \/>\n<\/b><em>PhDr. Petr Jedin\u00e1k, Ph.D.<\/em><b><br \/>\n<\/b><\/p>\n<p align=\"justify\">\u010cl\u00e1nek se zab\u00fdv\u00e1 ot\u00e1zkou prov\u00e1zanosti slu\u017eebn\u00edho hodnocen\u00ed p\u0159\u00edslu\u0161n\u00edk\u016f Policie \u010cesk\u00e9 republiky s kari\u00e9rn\u00edm \u0159\u00e1dem. Uplat\u0148ovan\u00e9 metody v syst\u00e9mu hodnocen\u00ed jednotliv\u00fdch p\u0159\u00edslu\u0161n\u00edk\u016f policie jsou v souladu s nejnov\u011bj\u0161\u00edmi koncepcemi modern\u00edho \u0159\u00edzen\u00ed lid\u00ed, tzv. \u0159\u00edzen\u00edm pracovn\u00edho v\u00fdkonu. Ka\u017ed\u00fd p\u0159\u00edslu\u0161n\u00edk policie si m\u016f\u017ee v r\u00e1mci dan\u00e9ho syst\u00e9mu hodnocen\u00ed pr\u016fb\u011b\u017en\u011b hodnotit a n\u00e1sledn\u011b i \u0159\u00eddit sv\u016fj pracovn\u00ed v\u00fdkon tak, aby dosahoval alespo\u0148 velmi dobr\u00fdch v\u00fdsledk\u016f, co\u017e mu umo\u017e\u0148uje z\u00fa\u010dast\u0148ovat se r\u016fzn\u00fdch v\u00fdb\u011brov\u00fdch \u0159\u00edzen\u00ed na vy\u0161\u0161\u00ed slu\u017eebn\u00ed pozice. Jedinou nutnou podm\u00ednkou je zn\u00e1t dob\u0159e metodiku slu\u017eebn\u00edho hodnocen\u00ed a po\u017ea-dovan\u00fd stanoven\u00fd standard v\u00fdkonu slu\u017eby, kter\u00fd mu nastavuje jeho p\u0159\u00edm\u00fd nad\u0159\u00edzen\u00fd.<br \/>\n<strong>Kl\u00ed\u010dov\u00e1 slova:<\/strong>\u00a0hodnota &#8211; hodnocen\u00ed, pracovn\u00ed v\u00fdkon, hodnocen\u00ed pracovn\u00edho v\u00fdkonu, metody hodnocen\u00ed, standard.<\/p>\n<hr \/>\n<p><a href=\"https:\/\/veda.polac.cz\/?page_id=1630\">Zp\u011bt<\/a><\/p>\n","protected":false},"excerpt":{"rendered":"<p>Resum\u00e9 \u010dl\u00e1nku Slu\u017eebn\u00ed hodnocen\u00ed p\u0159\u00edslu\u0161n\u00edk\u016f Policie \u010cesk\u00e9 republiky, \u00fa\u010dinn\u00fd n\u00e1stroj kari\u00e9rn\u00edho r\u016fstu ka\u017ed\u00e9ho policisty PhDr. Petr Jedin\u00e1k, Ph.D. \u010cl\u00e1nek se zab\u00fdv\u00e1 ot\u00e1zkou prov\u00e1zanosti slu\u017eebn\u00edho hodnocen\u00ed p\u0159\u00edslu\u0161n\u00edk\u016f Policie \u010cesk\u00e9 republiky s kari\u00e9rn\u00edm \u0159\u00e1dem. Uplat\u0148ovan\u00e9 metody v syst\u00e9mu hodnocen\u00ed jednotliv\u00fdch p\u0159\u00edslu\u0161n\u00edk\u016f policie jsou v souladu s nejnov\u011bj\u0161\u00edmi koncepcemi modern\u00edho \u0159\u00edzen\u00ed lid\u00ed, tzv. \u0159\u00edzen\u00edm pracovn\u00edho v\u00fdkonu. Ka\u017ed\u00fd p\u0159\u00edslu\u0161n\u00edk [&hellip;]<\/p>\n","protected":false},"author":2,"featured_media":0,"parent":1630,"menu_order":0,"comment_status":"closed","ping_status":"closed","template":"","meta":{"footnotes":""},"class_list":["post-3010","page","type-page","status-publish","hentry"],"_links":{"self":[{"href":"https:\/\/veda.polac.cz\/index.php?rest_route=\/wp\/v2\/pages\/3010","targetHints":{"allow":["GET"]}}],"collection":[{"href":"https:\/\/veda.polac.cz\/index.php?rest_route=\/wp\/v2\/pages"}],"about":[{"href":"https:\/\/veda.polac.cz\/index.php?rest_route=\/wp\/v2\/types\/page"}],"author":[{"embeddable":true,"href":"https:\/\/veda.polac.cz\/index.php?rest_route=\/wp\/v2\/users\/2"}],"replies":[{"embeddable":true,"href":"https:\/\/veda.polac.cz\/index.php?rest_route=%2Fwp%2Fv2%2Fcomments&post=3010"}],"version-history":[{"count":2,"href":"https:\/\/veda.polac.cz\/index.php?rest_route=\/wp\/v2\/pages\/3010\/revisions"}],"predecessor-version":[{"id":3021,"href":"https:\/\/veda.polac.cz\/index.php?rest_route=\/wp\/v2\/pages\/3010\/revisions\/3021"}],"up":[{"embeddable":true,"href":"https:\/\/veda.polac.cz\/index.php?rest_route=\/wp\/v2\/pages\/1630"}],"wp:attachment":[{"href":"https:\/\/veda.polac.cz\/index.php?rest_route=%2Fwp%2Fv2%2Fmedia&parent=3010"}],"curies":[{"name":"wp","href":"https:\/\/api.w.org\/{rel}","templated":true}]}}