{"id":3008,"date":"2019-04-19T08:05:31","date_gmt":"2019-04-19T08:05:31","guid":{"rendered":"http:\/\/veda.polac.cz\/?page_id=3008"},"modified":"2019-04-19T08:12:51","modified_gmt":"2019-04-19T08:12:51","slug":"10-2","status":"publish","type":"page","link":"https:\/\/veda.polac.cz\/?page_id=3008","title":{"rendered":""},"content":{"rendered":"<p style=\"text-align: center;\">Resum\u00e9 \u010dl\u00e1nku<\/p>\n<p align=\"justify\"><b>V\u00fdvoj policejn\u00ed hustoty ve vybran\u00fdch st\u00e1tech Evropy mezi lety 1993 &#8211; 2008<br \/>\n<\/b><em>pplk. JUDr. Martin Bohman<\/em><b><br \/>\n<\/b><\/p>\n<p align=\"justify\">Autor se soust\u0159edil na srovn\u00e1n\u00ed policejn\u00ed hustoty vybran\u00fdch st\u00e1t\u016f Evropy (a sv\u011bta) v obdob\u00ed posledn\u00edch 15 let. Vych\u00e1z\u00ed p\u0159itom z kompara\u010dn\u00ed studie Evropsk\u00e9ho institutu pro prevenci kriminality a jej\u00ed kontrolu a z podklad\u016f, kter\u00e9 byly z\u00edsk\u00e1ny p\u0159i zpracov\u00e1n\u00ed publikace Policejn\u00ed sbory v zem\u00edch Evropsk\u00e9 unie: Inspirace pro \u010ceskou republiku.<br \/>\n<strong>Kl\u00ed\u010dov\u00e1 slova:<\/strong>\u00a0policie, policejn\u00ed hustota, po\u010dty policist\u016f.<\/p>\n<hr \/>\n<p><a href=\"https:\/\/veda.polac.cz\/?page_id=1630\">Zp\u011bt<\/a><\/p>\n","protected":false},"excerpt":{"rendered":"<p>Resum\u00e9 \u010dl\u00e1nku V\u00fdvoj policejn\u00ed hustoty ve vybran\u00fdch st\u00e1tech Evropy mezi lety 1993 &#8211; 2008 pplk. JUDr. Martin Bohman Autor se soust\u0159edil na srovn\u00e1n\u00ed policejn\u00ed hustoty vybran\u00fdch st\u00e1t\u016f Evropy (a sv\u011bta) v obdob\u00ed posledn\u00edch 15 let. Vych\u00e1z\u00ed p\u0159itom z kompara\u010dn\u00ed studie Evropsk\u00e9ho institutu pro prevenci kriminality a jej\u00ed kontrolu a z podklad\u016f, kter\u00e9 byly z\u00edsk\u00e1ny p\u0159i [&hellip;]<\/p>\n","protected":false},"author":2,"featured_media":0,"parent":1630,"menu_order":0,"comment_status":"closed","ping_status":"closed","template":"","meta":{"footnotes":""},"class_list":["post-3008","page","type-page","status-publish","hentry"],"_links":{"self":[{"href":"https:\/\/veda.polac.cz\/index.php?rest_route=\/wp\/v2\/pages\/3008","targetHints":{"allow":["GET"]}}],"collection":[{"href":"https:\/\/veda.polac.cz\/index.php?rest_route=\/wp\/v2\/pages"}],"about":[{"href":"https:\/\/veda.polac.cz\/index.php?rest_route=\/wp\/v2\/types\/page"}],"author":[{"embeddable":true,"href":"https:\/\/veda.polac.cz\/index.php?rest_route=\/wp\/v2\/users\/2"}],"replies":[{"embeddable":true,"href":"https:\/\/veda.polac.cz\/index.php?rest_route=%2Fwp%2Fv2%2Fcomments&post=3008"}],"version-history":[{"count":2,"href":"https:\/\/veda.polac.cz\/index.php?rest_route=\/wp\/v2\/pages\/3008\/revisions"}],"predecessor-version":[{"id":3020,"href":"https:\/\/veda.polac.cz\/index.php?rest_route=\/wp\/v2\/pages\/3008\/revisions\/3020"}],"up":[{"embeddable":true,"href":"https:\/\/veda.polac.cz\/index.php?rest_route=\/wp\/v2\/pages\/1630"}],"wp:attachment":[{"href":"https:\/\/veda.polac.cz\/index.php?rest_route=%2Fwp%2Fv2%2Fmedia&parent=3008"}],"curies":[{"name":"wp","href":"https:\/\/api.w.org\/{rel}","templated":true}]}}