{"id":3006,"date":"2019-04-19T08:04:26","date_gmt":"2019-04-19T08:04:26","guid":{"rendered":"http:\/\/veda.polac.cz\/?page_id=3006"},"modified":"2019-04-19T08:13:15","modified_gmt":"2019-04-19T08:13:15","slug":"9-2","status":"publish","type":"page","link":"https:\/\/veda.polac.cz\/?page_id=3006","title":{"rendered":""},"content":{"rendered":"<p style=\"text-align: center;\">Resum\u00e9 \u010dl\u00e1nku<\/p>\n<p align=\"justify\"><b>Aplikace teoretick\u00e9ho modelu zaji\u0161t\u011bn\u00ed bezpe\u010dnosti organizace v programech prevence kriminality<br \/>\n<\/b><em>Mgr. Zden\u011bk \u0160t\u011bp\u00e1nek<\/em><b><br \/>\n<\/b><\/p>\n<p align=\"justify\">P\u0159\u00edsp\u011bvek pojedn\u00e1v\u00e1 o mo\u017enosti aplikace Teoretick\u00e9ho modelu zaji\u0161t\u011bn\u00ed bezpe\u010dnosti organizace v programech prevence kriminality realizovan\u00fdch v sou\u010dasn\u00e9 dob\u011b v \u010cR, konkr\u00e9tn\u011b v programu Bezpe\u010dn\u00e1 lokalita a v programu Partnerstv\u00ed. \u010cl\u00e1nek popisuje mo\u017enosti dopln\u011bn\u00ed st\u00e1vaj\u00edc\u00edch anal\u00fdz trestn\u00e9 \u010dinnosti zpracov\u00e1van\u00fdch Polici\u00ed \u010cR o dal\u0161\u00ed mo\u017en\u00e1 krit\u00e9ria v r\u00e1mci programu Partnerstv\u00ed a sna\u017e\u00ed se uk\u00e1zat \u0161ir\u0161\u00ed pohled na bezpe\u010dnostn\u00ed anal\u00fdzu obce. Obdobn\u00fdm zp\u016fsobem \u010dl\u00e1nek popisuje mo\u017enosti vyu\u017eit\u00ed z\u00e1kladn\u00edch princip\u016f Teoretick\u00e9ho modelu zaji\u0161t\u011bn\u00ed bezpe\u010dnosti organizace po ur\u010dit\u00e9m zjednodu\u0161en\u00ed i v programu bezpe\u010dn\u00e1 lokalita.<br \/>\n<strong>Kl\u00ed\u010dov\u00e1 slova:<\/strong>\u00a0bezpe\u010dnostn\u00ed anal\u00fdza, teoretick\u00fd model bezpe\u010dnosti organizace, prevence kriminality.<\/p>\n<hr \/>\n<p><a href=\"https:\/\/veda.polac.cz\/?page_id=1630\">Zp\u011bt<\/a><\/p>\n","protected":false},"excerpt":{"rendered":"<p>Resum\u00e9 \u010dl\u00e1nku Aplikace teoretick\u00e9ho modelu zaji\u0161t\u011bn\u00ed bezpe\u010dnosti organizace v programech prevence kriminality Mgr. Zden\u011bk \u0160t\u011bp\u00e1nek P\u0159\u00edsp\u011bvek pojedn\u00e1v\u00e1 o mo\u017enosti aplikace Teoretick\u00e9ho modelu zaji\u0161t\u011bn\u00ed bezpe\u010dnosti organizace v programech prevence kriminality realizovan\u00fdch v sou\u010dasn\u00e9 dob\u011b v \u010cR, konkr\u00e9tn\u011b v programu Bezpe\u010dn\u00e1 lokalita a v programu Partnerstv\u00ed. \u010cl\u00e1nek popisuje mo\u017enosti dopln\u011bn\u00ed st\u00e1vaj\u00edc\u00edch anal\u00fdz trestn\u00e9 \u010dinnosti zpracov\u00e1van\u00fdch Polici\u00ed \u010cR [&hellip;]<\/p>\n","protected":false},"author":2,"featured_media":0,"parent":1630,"menu_order":0,"comment_status":"closed","ping_status":"closed","template":"","meta":{"footnotes":""},"class_list":["post-3006","page","type-page","status-publish","hentry"],"_links":{"self":[{"href":"https:\/\/veda.polac.cz\/index.php?rest_route=\/wp\/v2\/pages\/3006","targetHints":{"allow":["GET"]}}],"collection":[{"href":"https:\/\/veda.polac.cz\/index.php?rest_route=\/wp\/v2\/pages"}],"about":[{"href":"https:\/\/veda.polac.cz\/index.php?rest_route=\/wp\/v2\/types\/page"}],"author":[{"embeddable":true,"href":"https:\/\/veda.polac.cz\/index.php?rest_route=\/wp\/v2\/users\/2"}],"replies":[{"embeddable":true,"href":"https:\/\/veda.polac.cz\/index.php?rest_route=%2Fwp%2Fv2%2Fcomments&post=3006"}],"version-history":[{"count":2,"href":"https:\/\/veda.polac.cz\/index.php?rest_route=\/wp\/v2\/pages\/3006\/revisions"}],"predecessor-version":[{"id":3030,"href":"https:\/\/veda.polac.cz\/index.php?rest_route=\/wp\/v2\/pages\/3006\/revisions\/3030"}],"up":[{"embeddable":true,"href":"https:\/\/veda.polac.cz\/index.php?rest_route=\/wp\/v2\/pages\/1630"}],"wp:attachment":[{"href":"https:\/\/veda.polac.cz\/index.php?rest_route=%2Fwp%2Fv2%2Fmedia&parent=3006"}],"curies":[{"name":"wp","href":"https:\/\/api.w.org\/{rel}","templated":true}]}}