{"id":3003,"date":"2019-04-19T08:03:26","date_gmt":"2019-04-19T08:03:26","guid":{"rendered":"http:\/\/veda.polac.cz\/?page_id=3003"},"modified":"2019-04-19T08:13:12","modified_gmt":"2019-04-19T08:13:12","slug":"8-2","status":"publish","type":"page","link":"https:\/\/veda.polac.cz\/?page_id=3003","title":{"rendered":""},"content":{"rendered":"<p style=\"text-align: center;\">Resum\u00e9 \u010dl\u00e1nku<\/p>\n<p align=\"justify\"><b>Sebevra\u017eedn\u00e9 \u00fatoky: historie, sou\u010dasnost a budouc\u00ed v\u00fdvoj<br \/>\n<\/b><em>pplk. Ing. Bc. Lud\u011bk Mich\u00e1lek\u00a0<\/em><b><br \/>\n<\/b><\/p>\n<p align=\"justify\">\u010cl\u00e1nek nasti\u0148uje historii vyu\u017e\u00edv\u00e1n\u00ed metody sebevra\u017eedn\u00fdch \u00fatok\u016f jako opera\u010dn\u00ed bojov\u00e9 metody pou\u017eit\u00e9 k dosa\u017een\u00ed politick\u00fdch, ideologick\u00fdch, n\u00e1bo\u017eensk\u00fdch nebo vojensk\u00fdch c\u00edl\u016f. Podrobn\u011b se zab\u00fdv\u00e1 modern\u00ed histori\u00ed pou\u017e\u00edv\u00e1n\u00ed t\u00e9to metody (od roku 1981), rozeb\u00edr\u00e1 zm\u011bny, ke kter\u00fdm do\u0161lo v posledn\u00edm obdob\u00ed a nazna\u010duje mo\u017en\u00fd v\u00fdvoj do budoucna.<br \/>\n<strong>Kl\u00ed\u010dov\u00e1 slova:<\/strong>\u00a0sebevra\u017eedn\u00fd \u00fatok, sebevra\u017eedn\u00fd \u00fato\u010dn\u00edk, sebevra\u017eedn\u00fd terorismus.<\/p>\n<hr \/>\n<p><a href=\"https:\/\/veda.polac.cz\/?page_id=1630\">Zp\u011bt<\/a><\/p>\n","protected":false},"excerpt":{"rendered":"<p>Resum\u00e9 \u010dl\u00e1nku Sebevra\u017eedn\u00e9 \u00fatoky: historie, sou\u010dasnost a budouc\u00ed v\u00fdvoj pplk. Ing. Bc. Lud\u011bk Mich\u00e1lek\u00a0 \u010cl\u00e1nek nasti\u0148uje historii vyu\u017e\u00edv\u00e1n\u00ed metody sebevra\u017eedn\u00fdch \u00fatok\u016f jako opera\u010dn\u00ed bojov\u00e9 metody pou\u017eit\u00e9 k dosa\u017een\u00ed politick\u00fdch, ideologick\u00fdch, n\u00e1bo\u017eensk\u00fdch nebo vojensk\u00fdch c\u00edl\u016f. Podrobn\u011b se zab\u00fdv\u00e1 modern\u00ed histori\u00ed pou\u017e\u00edv\u00e1n\u00ed t\u00e9to metody (od roku 1981), rozeb\u00edr\u00e1 zm\u011bny, ke kter\u00fdm do\u0161lo v posledn\u00edm obdob\u00ed a nazna\u010duje [&hellip;]<\/p>\n","protected":false},"author":2,"featured_media":0,"parent":1630,"menu_order":0,"comment_status":"closed","ping_status":"closed","template":"","meta":{"footnotes":""},"class_list":["post-3003","page","type-page","status-publish","hentry"],"_links":{"self":[{"href":"https:\/\/veda.polac.cz\/index.php?rest_route=\/wp\/v2\/pages\/3003","targetHints":{"allow":["GET"]}}],"collection":[{"href":"https:\/\/veda.polac.cz\/index.php?rest_route=\/wp\/v2\/pages"}],"about":[{"href":"https:\/\/veda.polac.cz\/index.php?rest_route=\/wp\/v2\/types\/page"}],"author":[{"embeddable":true,"href":"https:\/\/veda.polac.cz\/index.php?rest_route=\/wp\/v2\/users\/2"}],"replies":[{"embeddable":true,"href":"https:\/\/veda.polac.cz\/index.php?rest_route=%2Fwp%2Fv2%2Fcomments&post=3003"}],"version-history":[{"count":2,"href":"https:\/\/veda.polac.cz\/index.php?rest_route=\/wp\/v2\/pages\/3003\/revisions"}],"predecessor-version":[{"id":3029,"href":"https:\/\/veda.polac.cz\/index.php?rest_route=\/wp\/v2\/pages\/3003\/revisions\/3029"}],"up":[{"embeddable":true,"href":"https:\/\/veda.polac.cz\/index.php?rest_route=\/wp\/v2\/pages\/1630"}],"wp:attachment":[{"href":"https:\/\/veda.polac.cz\/index.php?rest_route=%2Fwp%2Fv2%2Fmedia&parent=3003"}],"curies":[{"name":"wp","href":"https:\/\/api.w.org\/{rel}","templated":true}]}}