{"id":300,"date":"2018-09-08T13:09:20","date_gmt":"2018-09-08T13:09:20","guid":{"rendered":"http:\/\/veda.polac.cz\/?page_id=300"},"modified":"2018-11-02T22:32:45","modified_gmt":"2018-11-02T22:32:45","slug":"300-2","status":"publish","type":"page","link":"https:\/\/veda.polac.cz\/?page_id=300","title":{"rendered":""},"content":{"rendered":"<p style=\"text-align: center;\">Resum\u00e9 \u010dl\u00e1nku<\/p>\n<p><strong>Forenzn\u011b psychologick\u00e9 aspekty pachatele trestn\u00e9ho \u010dinu podvodu<\/strong><br \/>\n<em>Mgr. Martin Vysko\u010dil, Policejn\u00ed akademie \u010cR v Praze, student doktorsk\u00e9ho studia<\/em><\/p>\n<p>Prvn\u00ed \u010d\u00e1st \u010dl\u00e1nku obsahuje nezbytn\u00e9 vymezen\u00ed vybran\u00fdch z\u00e1kladn\u00edch pojm\u016f problematiky &#8211; podvod, pachatel podvodu a psychologie osobnosti.<br \/>\nDruh\u00e1 \u010d\u00e1st p\u0159\u00edsp\u011bvku se zab\u00fdv\u00e1 typologi\u00ed pachatele podvodu dle vybran\u00fdch forenzn\u011b psychologick\u00fdch a \u010d\u00e1ste\u010dn\u011b kriminologick\u00fdch aspekt\u016f. Autor vych\u00e1z\u00ed z v\u00fdsledk\u016f vybran\u00fdch zahrani\u010dn\u00edch v\u00fdzkum\u016f a re\u0161er\u0161e dostupn\u00e9 tuzemsk\u00e9 i zahrani\u010dn\u00ed literatury k dan\u00e9 problematice.<br \/>\n<strong>Kl\u00ed\u010dov\u00e1 slova:<\/strong>\u00a0Podvod, pojistn\u00fd podvod, pachatel, psychologie osobnosti, typologie pachatele, forenzn\u00ed psychologie, vn\u00edm\u00e1n\u00ed pachatele, kriminogenn\u00ed faktory, protektivn\u00ed faktory, teorie korpor\u00e1tn\u00edch psychopat\u016f.<\/p>\n<p><a href=\"https:\/\/veda.polac.cz\/?page_id=94\">04\/2017<\/a><\/p>\n","protected":false},"excerpt":{"rendered":"<p>Resum\u00e9 \u010dl\u00e1nku Forenzn\u011b psychologick\u00e9 aspekty pachatele trestn\u00e9ho \u010dinu podvodu Mgr. Martin Vysko\u010dil, Policejn\u00ed akademie \u010cR v Praze, student doktorsk\u00e9ho studia Prvn\u00ed \u010d\u00e1st \u010dl\u00e1nku obsahuje nezbytn\u00e9 vymezen\u00ed vybran\u00fdch z\u00e1kladn\u00edch pojm\u016f problematiky &#8211; podvod, pachatel podvodu a psychologie osobnosti. Druh\u00e1 \u010d\u00e1st p\u0159\u00edsp\u011bvku se zab\u00fdv\u00e1 typologi\u00ed pachatele podvodu dle vybran\u00fdch forenzn\u011b psychologick\u00fdch a \u010d\u00e1ste\u010dn\u011b kriminologick\u00fdch aspekt\u016f. Autor vych\u00e1z\u00ed [&hellip;]<\/p>\n","protected":false},"author":2,"featured_media":0,"parent":94,"menu_order":9,"comment_status":"closed","ping_status":"closed","template":"","meta":{"footnotes":""},"class_list":["post-300","page","type-page","status-publish","hentry"],"_links":{"self":[{"href":"https:\/\/veda.polac.cz\/index.php?rest_route=\/wp\/v2\/pages\/300","targetHints":{"allow":["GET"]}}],"collection":[{"href":"https:\/\/veda.polac.cz\/index.php?rest_route=\/wp\/v2\/pages"}],"about":[{"href":"https:\/\/veda.polac.cz\/index.php?rest_route=\/wp\/v2\/types\/page"}],"author":[{"embeddable":true,"href":"https:\/\/veda.polac.cz\/index.php?rest_route=\/wp\/v2\/users\/2"}],"replies":[{"embeddable":true,"href":"https:\/\/veda.polac.cz\/index.php?rest_route=%2Fwp%2Fv2%2Fcomments&post=300"}],"version-history":[{"count":4,"href":"https:\/\/veda.polac.cz\/index.php?rest_route=\/wp\/v2\/pages\/300\/revisions"}],"predecessor-version":[{"id":421,"href":"https:\/\/veda.polac.cz\/index.php?rest_route=\/wp\/v2\/pages\/300\/revisions\/421"}],"up":[{"embeddable":true,"href":"https:\/\/veda.polac.cz\/index.php?rest_route=\/wp\/v2\/pages\/94"}],"wp:attachment":[{"href":"https:\/\/veda.polac.cz\/index.php?rest_route=%2Fwp%2Fv2%2Fmedia&parent=300"}],"curies":[{"name":"wp","href":"https:\/\/api.w.org\/{rel}","templated":true}]}}