{"id":2994,"date":"2019-04-19T07:59:37","date_gmt":"2019-04-19T07:59:37","guid":{"rendered":"http:\/\/veda.polac.cz\/?page_id=2994"},"modified":"2019-04-19T08:13:07","modified_gmt":"2019-04-19T08:13:07","slug":"6-2","status":"publish","type":"page","link":"https:\/\/veda.polac.cz\/?page_id=2994","title":{"rendered":""},"content":{"rendered":"<p style=\"text-align: center;\">Resum\u00e9 \u010dl\u00e1nku<\/p>\n<p align=\"justify\"><b>K niektor\u00fdm pr\u00e1vnym in\u0161tit\u00fatom pracovn\u00e9ho pomeru z h\u013eadiska Holandskej legislat\u00edvy<br \/>\n<\/b><em>JUDr. Michal Kuril, PhD.<\/em><b><br \/>\n<\/b><\/p>\n<p align=\"justify\">V predlo\u017eenom \u010dl\u00e1nku sa autor zaober\u00e1 skon\u010den\u00edm pracovn\u00e9ho pomeru z h\u013eadiska pr\u00e1vnej \u00fapravy pracovnopr\u00e1vnych vz\u0165ahov v Holandsku, neopom\u00ednaj\u00fac pritom nietor\u00e9 komparatistick\u00e9 \u00favahy smerom k pr\u00e1vnej \u00faprave pracovnopr\u00e1vnych vz\u0165ahov v Slovenskej republike. Osobitn\u00fd pr\u00ednos pr\u00e1ce spo\u010d\u00edva predov\u0161etk\u00fdm v skuto\u010dnosti, \u017ee ide o problematiku, ktor\u00e1 je tuzemskou vedou pracovn\u00e9ho pr\u00e1va rozpracovan\u00e1 iba minim\u00e1lne. \u0160trukt\u00fara spracovanej mat\u00e9rie stru\u010dne interpretuje vybran\u00e9 sp\u00f4soby skon\u010denia pracovn\u00e9ho pomeru, ako aj viacer\u00e9 relevantn\u00e9 pracovnopr\u00e1vne in\u0161tit\u00faty, inter alia ochrann\u00fa dobu, niektor\u00e9 osobitn\u00e9 pr\u00e1va a povinnosti zamestnanca a zamestn\u00e1vate\u013ea, n\u00e1le\u017eitosti pracovnej zmluvy a pod. S\u00fa\u010das\u0165ou pr\u00e1ce je aj nieko\u013eko \u00favah de lege ferenda, resp. legislat\u00edvnych odpor\u00fa\u010dan\u00ed.<br \/>\n<strong>K\u013e\u00fa\u010dov\u00e9 slov\u00e1:<\/strong>\u00a0zamestnanec, zamestn\u00e1vate\u013e, pracovn\u00fd pomer, Holandsko, Burgerlijk Wetboek (BW), Z\u00e1konn\u00edk pr\u00e1ce.<\/p>\n<hr \/>\n<p><a href=\"https:\/\/veda.polac.cz\/?page_id=1630\">Zp\u011bt<\/a><\/p>\n","protected":false},"excerpt":{"rendered":"<p>Resum\u00e9 \u010dl\u00e1nku K niektor\u00fdm pr\u00e1vnym in\u0161tit\u00fatom pracovn\u00e9ho pomeru z h\u013eadiska Holandskej legislat\u00edvy JUDr. Michal Kuril, PhD. V predlo\u017eenom \u010dl\u00e1nku sa autor zaober\u00e1 skon\u010den\u00edm pracovn\u00e9ho pomeru z h\u013eadiska pr\u00e1vnej \u00fapravy pracovnopr\u00e1vnych vz\u0165ahov v Holandsku, neopom\u00ednaj\u00fac pritom nietor\u00e9 komparatistick\u00e9 \u00favahy smerom k pr\u00e1vnej \u00faprave pracovnopr\u00e1vnych vz\u0165ahov v Slovenskej republike. Osobitn\u00fd pr\u00ednos pr\u00e1ce spo\u010d\u00edva predov\u0161etk\u00fdm v skuto\u010dnosti, \u017ee [&hellip;]<\/p>\n","protected":false},"author":2,"featured_media":0,"parent":1630,"menu_order":0,"comment_status":"closed","ping_status":"closed","template":"","meta":{"footnotes":""},"class_list":["post-2994","page","type-page","status-publish","hentry"],"_links":{"self":[{"href":"https:\/\/veda.polac.cz\/index.php?rest_route=\/wp\/v2\/pages\/2994","targetHints":{"allow":["GET"]}}],"collection":[{"href":"https:\/\/veda.polac.cz\/index.php?rest_route=\/wp\/v2\/pages"}],"about":[{"href":"https:\/\/veda.polac.cz\/index.php?rest_route=\/wp\/v2\/types\/page"}],"author":[{"embeddable":true,"href":"https:\/\/veda.polac.cz\/index.php?rest_route=\/wp\/v2\/users\/2"}],"replies":[{"embeddable":true,"href":"https:\/\/veda.polac.cz\/index.php?rest_route=%2Fwp%2Fv2%2Fcomments&post=2994"}],"version-history":[{"count":2,"href":"https:\/\/veda.polac.cz\/index.php?rest_route=\/wp\/v2\/pages\/2994\/revisions"}],"predecessor-version":[{"id":3027,"href":"https:\/\/veda.polac.cz\/index.php?rest_route=\/wp\/v2\/pages\/2994\/revisions\/3027"}],"up":[{"embeddable":true,"href":"https:\/\/veda.polac.cz\/index.php?rest_route=\/wp\/v2\/pages\/1630"}],"wp:attachment":[{"href":"https:\/\/veda.polac.cz\/index.php?rest_route=%2Fwp%2Fv2%2Fmedia&parent=2994"}],"curies":[{"name":"wp","href":"https:\/\/api.w.org\/{rel}","templated":true}]}}