{"id":2987,"date":"2019-04-19T07:25:24","date_gmt":"2019-04-19T07:25:24","guid":{"rendered":"http:\/\/veda.polac.cz\/?page_id=2987"},"modified":"2019-04-19T08:13:03","modified_gmt":"2019-04-19T08:13:03","slug":"4-2","status":"publish","type":"page","link":"https:\/\/veda.polac.cz\/?page_id=2987","title":{"rendered":""},"content":{"rendered":"<p style=\"text-align: center;\">Resum\u00e9 \u010dl\u00e1nku<\/p>\n<p align=\"justify\"><b>Nieko\u013eko \u00favah k odha\u013eovaniu trestn\u00fdch \u010dinov korupcie<br \/>\n<\/b><em>doc. Ing. Miroslav Liso\u0148, PhD.<\/em><b><br \/>\n<\/b><\/p>\n<p align=\"justify\">V policajnej praxi v Slovenskej republike s\u00fa aj na \u00faseku odha\u013eovania trestn\u00fdch \u010dinov korupcie zis\u0165ovan\u00e9 rezervy. Sme presved\u010den\u00ed, \u017ee ich vyu\u017eitie definovan\u00edm (napr. vedecko-v\u00fdskumnou \u010dinnos\u0165ou) je mo\u017en\u00e9 v\u00fdrazne zv\u00fd\u0161i\u0165 efektivitu pr\u00e1ce pr\u00edslu\u0161n\u00edkov pol\u00edcie v s\u00falade s po\u017eiadavkami ob\u010dana a spolo\u010dnosti. Na katedre krimin\u00e1lnej pol\u00edcie Akad\u00e9mie PZ v Bratislave v s\u00fa\u010dasnej dobe je realizovan\u00fd v\u00fdskum, ktor\u00e9ho predmetom je \u010dinnos\u0165 PZ na \u00faseku odha\u013eovania trestn\u00fdch \u010dinov korup\u010dnej kriminality. \u010ciastkov\u00e9 v\u00fdsledky tohto v\u00fdskumu s\u00fa spracovan\u00e9 vo forme konkr\u00e9tnych n\u00e1metov pre odborn\u00fa diskusiu. Autor je presved\u010den\u00fd, \u017ee aj odbornou diskusiou k spracovan\u00fdm n\u00e1metom bud\u00fa z\u00edskan\u00e9 relevantn\u00e9 inform\u00e1cie v s\u00falade s vyt\u00fd\u010den\u00fdmi cie\u013emi vedecko-v\u00fdskumnej \u010dinnosti.<\/p>\n<hr \/>\n<p><a href=\"https:\/\/veda.polac.cz\/?page_id=1630\">Zp\u011bt<\/a><\/p>\n","protected":false},"excerpt":{"rendered":"<p>Resum\u00e9 \u010dl\u00e1nku Nieko\u013eko \u00favah k odha\u013eovaniu trestn\u00fdch \u010dinov korupcie doc. Ing. Miroslav Liso\u0148, PhD. V policajnej praxi v Slovenskej republike s\u00fa aj na \u00faseku odha\u013eovania trestn\u00fdch \u010dinov korupcie zis\u0165ovan\u00e9 rezervy. Sme presved\u010den\u00ed, \u017ee ich vyu\u017eitie definovan\u00edm (napr. vedecko-v\u00fdskumnou \u010dinnos\u0165ou) je mo\u017en\u00e9 v\u00fdrazne zv\u00fd\u0161i\u0165 efektivitu pr\u00e1ce pr\u00edslu\u0161n\u00edkov pol\u00edcie v s\u00falade s po\u017eiadavkami ob\u010dana a spolo\u010dnosti. Na [&hellip;]<\/p>\n","protected":false},"author":2,"featured_media":0,"parent":1630,"menu_order":0,"comment_status":"closed","ping_status":"closed","template":"","meta":{"footnotes":""},"class_list":["post-2987","page","type-page","status-publish","hentry"],"_links":{"self":[{"href":"https:\/\/veda.polac.cz\/index.php?rest_route=\/wp\/v2\/pages\/2987","targetHints":{"allow":["GET"]}}],"collection":[{"href":"https:\/\/veda.polac.cz\/index.php?rest_route=\/wp\/v2\/pages"}],"about":[{"href":"https:\/\/veda.polac.cz\/index.php?rest_route=\/wp\/v2\/types\/page"}],"author":[{"embeddable":true,"href":"https:\/\/veda.polac.cz\/index.php?rest_route=\/wp\/v2\/users\/2"}],"replies":[{"embeddable":true,"href":"https:\/\/veda.polac.cz\/index.php?rest_route=%2Fwp%2Fv2%2Fcomments&post=2987"}],"version-history":[{"count":2,"href":"https:\/\/veda.polac.cz\/index.php?rest_route=\/wp\/v2\/pages\/2987\/revisions"}],"predecessor-version":[{"id":3025,"href":"https:\/\/veda.polac.cz\/index.php?rest_route=\/wp\/v2\/pages\/2987\/revisions\/3025"}],"up":[{"embeddable":true,"href":"https:\/\/veda.polac.cz\/index.php?rest_route=\/wp\/v2\/pages\/1630"}],"wp:attachment":[{"href":"https:\/\/veda.polac.cz\/index.php?rest_route=%2Fwp%2Fv2%2Fmedia&parent=2987"}],"curies":[{"name":"wp","href":"https:\/\/api.w.org\/{rel}","templated":true}]}}