{"id":2983,"date":"2019-04-19T07:22:00","date_gmt":"2019-04-19T07:22:00","guid":{"rendered":"http:\/\/veda.polac.cz\/?page_id=2983"},"modified":"2019-04-19T08:13:01","modified_gmt":"2019-04-19T08:13:01","slug":"3-2","status":"publish","type":"page","link":"https:\/\/veda.polac.cz\/?page_id=2983","title":{"rendered":""},"content":{"rendered":"<p style=\"text-align: center;\">Resum\u00e9 \u010dl\u00e1nku<\/p>\n<p align=\"justify\"><b>Odha\u013eovanie trestn\u00fdch \u010dinov kriminality p\u00e1chanej v ekonomike<br \/>\n<\/b><em>Ing. Pavol August\u00edn, CSc., doc. Ing. Miroslav Liso\u0148, PhD.<\/em><\/p>\n<p align=\"justify\">Autori v spracovanej \u0161t\u00fadii vedeck\u00fdm sk\u00faman\u00edm charakterizuj\u00fa kriminalitu p\u00e1chan\u00fa v ekonomike a faktory, ktor\u00e9 dominantn\u00fdm sp\u00f4sobom ovplyv\u0148uj\u00fa proces odha\u013eovania trestn\u00fdch \u010dinov tohto druhu kriminality. V z\u00e1vere\u010dnom sum\u00e1re definuje konkr\u00e9tne opatrenia, ktor\u00fdch realiz\u00e1ciou je mo\u017en\u00e9 dosiahnu\u0165 vy\u0161\u0161iu \u00fa\u010dinnos\u0165 a efektivitu odha\u013eovacej \u010dinnosti.<br \/>\n<strong>K\u013e\u00fa\u010dov\u00e9 slov\u00e1:<\/strong>\u00a0kriminalita p\u00e1chan\u00e1 v ekonomike, ekonomick\u00e1 kriminalita, finan\u010dn\u00e1 kriminalita, latencia kriminality, odha\u013eovanie, taktika odha\u013eovania, faktory ovplyv\u0148uj\u00face odha\u013eovanie trestn\u00fdch \u010dinov v ekonomike.<\/p>\n<hr \/>\n<p><a href=\"https:\/\/veda.polac.cz\/?page_id=1630\">Zp\u011bt<\/a><\/p>\n","protected":false},"excerpt":{"rendered":"<p>Resum\u00e9 \u010dl\u00e1nku Odha\u013eovanie trestn\u00fdch \u010dinov kriminality p\u00e1chanej v ekonomike Ing. Pavol August\u00edn, CSc., doc. Ing. Miroslav Liso\u0148, PhD. Autori v spracovanej \u0161t\u00fadii vedeck\u00fdm sk\u00faman\u00edm charakterizuj\u00fa kriminalitu p\u00e1chan\u00fa v ekonomike a faktory, ktor\u00e9 dominantn\u00fdm sp\u00f4sobom ovplyv\u0148uj\u00fa proces odha\u013eovania trestn\u00fdch \u010dinov tohto druhu kriminality. V z\u00e1vere\u010dnom sum\u00e1re definuje konkr\u00e9tne opatrenia, ktor\u00fdch realiz\u00e1ciou je mo\u017en\u00e9 dosiahnu\u0165 vy\u0161\u0161iu \u00fa\u010dinnos\u0165 [&hellip;]<\/p>\n","protected":false},"author":2,"featured_media":0,"parent":1630,"menu_order":0,"comment_status":"closed","ping_status":"closed","template":"","meta":{"footnotes":""},"class_list":["post-2983","page","type-page","status-publish","hentry"],"_links":{"self":[{"href":"https:\/\/veda.polac.cz\/index.php?rest_route=\/wp\/v2\/pages\/2983","targetHints":{"allow":["GET"]}}],"collection":[{"href":"https:\/\/veda.polac.cz\/index.php?rest_route=\/wp\/v2\/pages"}],"about":[{"href":"https:\/\/veda.polac.cz\/index.php?rest_route=\/wp\/v2\/types\/page"}],"author":[{"embeddable":true,"href":"https:\/\/veda.polac.cz\/index.php?rest_route=\/wp\/v2\/users\/2"}],"replies":[{"embeddable":true,"href":"https:\/\/veda.polac.cz\/index.php?rest_route=%2Fwp%2Fv2%2Fcomments&post=2983"}],"version-history":[{"count":2,"href":"https:\/\/veda.polac.cz\/index.php?rest_route=\/wp\/v2\/pages\/2983\/revisions"}],"predecessor-version":[{"id":3024,"href":"https:\/\/veda.polac.cz\/index.php?rest_route=\/wp\/v2\/pages\/2983\/revisions\/3024"}],"up":[{"embeddable":true,"href":"https:\/\/veda.polac.cz\/index.php?rest_route=\/wp\/v2\/pages\/1630"}],"wp:attachment":[{"href":"https:\/\/veda.polac.cz\/index.php?rest_route=%2Fwp%2Fv2%2Fmedia&parent=2983"}],"curies":[{"name":"wp","href":"https:\/\/api.w.org\/{rel}","templated":true}]}}