{"id":296,"date":"2018-09-08T13:07:11","date_gmt":"2018-09-08T13:07:11","guid":{"rendered":"http:\/\/veda.polac.cz\/?page_id=296"},"modified":"2018-11-02T22:35:24","modified_gmt":"2018-11-02T22:35:24","slug":"296-2","status":"publish","type":"page","link":"https:\/\/veda.polac.cz\/?page_id=296","title":{"rendered":""},"content":{"rendered":"<p style=\"text-align: center;\">Resum\u00e9 \u010dl\u00e1nku<\/p>\n<p><strong>Dobr\u00e1 spr\u00e1va a jej\u00ed vztah k \u0159\u00edzen\u00ed ve\u0159ejn\u00e9 spr\u00e1vy<\/strong><br \/>\n<em>JUDr. et. PhDr. Zden\u011bk Fiala, Ph.D., Policejn\u00ed akademie \u010cR v Praze,<\/em><br \/>\n<em>Fakulta bezpe\u010dnostn\u00edho managementu, katedra spr\u00e1vn\u00edho pr\u00e1va<\/em><\/p>\n<p>Autor p\u0159\u00edsp\u011bvku systematicky analyzuje minul\u00e9 a sou\u010dasn\u00e9 teorie \u0159\u00edzen\u00ed vztahuj\u00edc\u00ed se k tzv. dobr\u00e9 spr\u00e1v\u011b, resp. jejich jednotliv\u00e9 determinanty v konkr\u00e9tn\u00edch \u010dasov\u00fdch \u00fasec\u00edch spole\u010densk\u00e9ho a pr\u00e1vn\u00ed v\u00fdvoje. V t\u00e9to souvislosti p\u0159ibli\u017euje my\u0161lenky odborn\u00edk\u016f, kte\u0159\u00ed kritizovali koncept tradi\u010dn\u00edho modelu ve\u0159ejn\u00e9 spr\u00e1vy a zd\u016fraz\u0148ovali nutnost zav\u00e1d\u011bn\u00ed mana\u017eersk\u00fdch metod do ve\u0159ejn\u00e9 spr\u00e1vy zejm. v r\u00e1mci koncepce New Public Management a Good Governence. Na tomto z\u00e1klad\u011b autor usiluje nast\u00edn\u011bn\u00ed souvislost\u00ed mezi t\u011bmito koncepcemi a modernizac\u00ed ve\u0159ejn\u00e9 spr\u00e1vy.<br \/>\n<strong>Kl\u00ed\u010dov\u00e1 slova:<\/strong>\u00a0ve\u0159ejn\u00e1 spr\u00e1va, management, Public management, New public management, Public admnistration, Total Quality management, Public service, Good governance.<\/p>\n<p><a href=\"https:\/\/veda.polac.cz\/?page_id=94\">04\/2017<\/a><\/p>\n","protected":false},"excerpt":{"rendered":"<p>Resum\u00e9 \u010dl\u00e1nku Dobr\u00e1 spr\u00e1va a jej\u00ed vztah k \u0159\u00edzen\u00ed ve\u0159ejn\u00e9 spr\u00e1vy JUDr. et. PhDr. Zden\u011bk Fiala, Ph.D., Policejn\u00ed akademie \u010cR v Praze, Fakulta bezpe\u010dnostn\u00edho managementu, katedra spr\u00e1vn\u00edho pr\u00e1va Autor p\u0159\u00edsp\u011bvku systematicky analyzuje minul\u00e9 a sou\u010dasn\u00e9 teorie \u0159\u00edzen\u00ed vztahuj\u00edc\u00ed se k tzv. dobr\u00e9 spr\u00e1v\u011b, resp. jejich jednotliv\u00e9 determinanty v konkr\u00e9tn\u00edch \u010dasov\u00fdch \u00fasec\u00edch spole\u010densk\u00e9ho a pr\u00e1vn\u00ed v\u00fdvoje. [&hellip;]<\/p>\n","protected":false},"author":2,"featured_media":0,"parent":94,"menu_order":7,"comment_status":"closed","ping_status":"closed","template":"","meta":{"footnotes":""},"class_list":["post-296","page","type-page","status-publish","hentry"],"_links":{"self":[{"href":"https:\/\/veda.polac.cz\/index.php?rest_route=\/wp\/v2\/pages\/296","targetHints":{"allow":["GET"]}}],"collection":[{"href":"https:\/\/veda.polac.cz\/index.php?rest_route=\/wp\/v2\/pages"}],"about":[{"href":"https:\/\/veda.polac.cz\/index.php?rest_route=\/wp\/v2\/types\/page"}],"author":[{"embeddable":true,"href":"https:\/\/veda.polac.cz\/index.php?rest_route=\/wp\/v2\/users\/2"}],"replies":[{"embeddable":true,"href":"https:\/\/veda.polac.cz\/index.php?rest_route=%2Fwp%2Fv2%2Fcomments&post=296"}],"version-history":[{"count":4,"href":"https:\/\/veda.polac.cz\/index.php?rest_route=\/wp\/v2\/pages\/296\/revisions"}],"predecessor-version":[{"id":419,"href":"https:\/\/veda.polac.cz\/index.php?rest_route=\/wp\/v2\/pages\/296\/revisions\/419"}],"up":[{"embeddable":true,"href":"https:\/\/veda.polac.cz\/index.php?rest_route=\/wp\/v2\/pages\/94"}],"wp:attachment":[{"href":"https:\/\/veda.polac.cz\/index.php?rest_route=%2Fwp%2Fv2%2Fmedia&parent=296"}],"curies":[{"name":"wp","href":"https:\/\/api.w.org\/{rel}","templated":true}]}}