{"id":2959,"date":"2019-04-19T07:11:06","date_gmt":"2019-04-19T07:11:06","guid":{"rendered":"http:\/\/veda.polac.cz\/?page_id=2959"},"modified":"2019-04-19T07:18:03","modified_gmt":"2019-04-19T07:18:03","slug":"14-2","status":"publish","type":"page","link":"https:\/\/veda.polac.cz\/?page_id=2959","title":{"rendered":""},"content":{"rendered":"<p style=\"text-align: center;\">Resum\u00e9 \u010dl\u00e1nku<\/p>\n<p><b>N\u00e1jem bytu aneb jak se vyvarovat neplatnosti n\u00e1jemn\u00ed smlouvy?<br \/>\n<\/b><i>JUDr. Mgr. Jan Bajura<br \/>\n<\/i><\/p>\n<p>Autor se v\u00a0\u010dl\u00e1nku zab\u00fdv\u00e1 nej\u010dast\u011bj\u0161\u00edmi vadami, ke kter\u00fdm doch\u00e1z\u00ed v\u00a0pr\u016fb\u011bhu sjedn\u00e1v\u00e1n\u00ed smlouvy o n\u00e1jmu bytu a kter\u00e9 p\u016fsob\u00ed absolutn\u00ed \u010di relativn\u00ed neplatnost takov\u00e9 smlouvy. V\u00a0textu je p\u0159ihl\u00e9dnuto zejm\u00e9na k\u00a0aktu\u00e1ln\u00ed judikatu\u0159e Nejvy\u0161\u0161\u00edho soudu \u010cR.<br \/>\n<b>Kl\u00ed\u010dov\u00e1 slova:\u00a0<\/b>byt, n\u00e1jem bytu, n\u00e1jemn\u00ed smlouva, smlouva o n\u00e1jmu bytu, pronaj\u00edmatel, n\u00e1jemce.<\/p>\n<hr \/>\n<p><a href=\"https:\/\/veda.polac.cz\/?page_id=1633\">Zp\u011bt<\/a><\/p>\n","protected":false},"excerpt":{"rendered":"<p>Resum\u00e9 \u010dl\u00e1nku N\u00e1jem bytu aneb jak se vyvarovat neplatnosti n\u00e1jemn\u00ed smlouvy? JUDr. Mgr. Jan Bajura Autor se v\u00a0\u010dl\u00e1nku zab\u00fdv\u00e1 nej\u010dast\u011bj\u0161\u00edmi vadami, ke kter\u00fdm doch\u00e1z\u00ed v\u00a0pr\u016fb\u011bhu sjedn\u00e1v\u00e1n\u00ed smlouvy o n\u00e1jmu bytu a kter\u00e9 p\u016fsob\u00ed absolutn\u00ed \u010di relativn\u00ed neplatnost takov\u00e9 smlouvy. V\u00a0textu je p\u0159ihl\u00e9dnuto zejm\u00e9na k\u00a0aktu\u00e1ln\u00ed judikatu\u0159e Nejvy\u0161\u0161\u00edho soudu \u010cR. Kl\u00ed\u010dov\u00e1 slova:\u00a0byt, n\u00e1jem bytu, n\u00e1jemn\u00ed smlouva, smlouva [&hellip;]<\/p>\n","protected":false},"author":2,"featured_media":0,"parent":1633,"menu_order":0,"comment_status":"closed","ping_status":"closed","template":"","meta":{"footnotes":""},"class_list":["post-2959","page","type-page","status-publish","hentry"],"_links":{"self":[{"href":"https:\/\/veda.polac.cz\/index.php?rest_route=\/wp\/v2\/pages\/2959","targetHints":{"allow":["GET"]}}],"collection":[{"href":"https:\/\/veda.polac.cz\/index.php?rest_route=\/wp\/v2\/pages"}],"about":[{"href":"https:\/\/veda.polac.cz\/index.php?rest_route=\/wp\/v2\/types\/page"}],"author":[{"embeddable":true,"href":"https:\/\/veda.polac.cz\/index.php?rest_route=\/wp\/v2\/users\/2"}],"replies":[{"embeddable":true,"href":"https:\/\/veda.polac.cz\/index.php?rest_route=%2Fwp%2Fv2%2Fcomments&post=2959"}],"version-history":[{"count":2,"href":"https:\/\/veda.polac.cz\/index.php?rest_route=\/wp\/v2\/pages\/2959\/revisions"}],"predecessor-version":[{"id":2972,"href":"https:\/\/veda.polac.cz\/index.php?rest_route=\/wp\/v2\/pages\/2959\/revisions\/2972"}],"up":[{"embeddable":true,"href":"https:\/\/veda.polac.cz\/index.php?rest_route=\/wp\/v2\/pages\/1633"}],"wp:attachment":[{"href":"https:\/\/veda.polac.cz\/index.php?rest_route=%2Fwp%2Fv2%2Fmedia&parent=2959"}],"curies":[{"name":"wp","href":"https:\/\/api.w.org\/{rel}","templated":true}]}}