{"id":2957,"date":"2019-04-19T07:09:55","date_gmt":"2019-04-19T07:09:55","guid":{"rendered":"http:\/\/veda.polac.cz\/?page_id=2957"},"modified":"2019-04-19T07:17:56","modified_gmt":"2019-04-19T07:17:56","slug":"13-2","status":"publish","type":"page","link":"https:\/\/veda.polac.cz\/?page_id=2957","title":{"rendered":""},"content":{"rendered":"<p style=\"text-align: center;\">Resum\u00e9 \u010dl\u00e1nku<\/p>\n<p><b><span lang=\"EN-GB\">Legal Acting of the Entrepreneur Statutory Representatives<\/span><\/b><span lang=\"EN-GB\"><br \/>\n<\/span><i><span lang=\"EN-GB\">JUDr. Eva Kle\u010dkov\u00e1<br \/>\n<\/span><\/i><\/p>\n<p>P\u0159edkl\u00e1dan\u00e1 sta\u0165 je \u00favodn\u00edm zamy\u0161len\u00edm nad \u0159adou problematick\u00fdch ot\u00e1zek pr\u00e1vn\u00edho jedn\u00e1n\u00ed z\u00e1konn\u00fdch z\u00e1stupc\u016f podnikatele. Autorka se zam\u011b\u0159ila na n\u011bkter\u00e1 relevantn\u00ed rozhodnut\u00ed Nejvy\u0161\u0161\u00edho soudu \u010cR a j\u00edm p\u0159edkl\u00e1danou pr\u00e1vn\u00ed argumentaci. Zam\u00fd\u0161len\u00e9 pokra\u010dov\u00e1n\u00ed by m\u011blo b\u00fdt v\u011bnov\u00e1no podrobn\u00e9mu rozboru platn\u00e9 pr\u00e1vn\u00ed \u00fapravy a \u00favaze nad v\u00a0sou\u010dasn\u00e9 dob\u011b p\u0159ipravovanou pr\u00e1vn\u00ed \u00fapravou v\u00a0r\u00e1mci n\u00e1vrhu nov\u00e9ho ob\u010dansk\u00e9ho z\u00e1kon\u00edku.<br \/>\n<b>Kl\u00ed\u010dov\u00e1 slova:<\/b>\u00a0podnikatel, pr\u00e1vn\u00ed \u00fakon, z\u00e1konn\u00e9 zastoupen\u00ed, provoz podniku, organiza\u010dn\u00ed slo\u017eka podniku, od\u0161t\u011bpn\u00fd z\u00e1vod.<\/p>\n<hr \/>\n<p><a href=\"https:\/\/veda.polac.cz\/?page_id=1633\">Zp\u011bt<\/a><\/p>\n","protected":false},"excerpt":{"rendered":"<p>Resum\u00e9 \u010dl\u00e1nku Legal Acting of the Entrepreneur Statutory Representatives JUDr. Eva Kle\u010dkov\u00e1 P\u0159edkl\u00e1dan\u00e1 sta\u0165 je \u00favodn\u00edm zamy\u0161len\u00edm nad \u0159adou problematick\u00fdch ot\u00e1zek pr\u00e1vn\u00edho jedn\u00e1n\u00ed z\u00e1konn\u00fdch z\u00e1stupc\u016f podnikatele. Autorka se zam\u011b\u0159ila na n\u011bkter\u00e1 relevantn\u00ed rozhodnut\u00ed Nejvy\u0161\u0161\u00edho soudu \u010cR a j\u00edm p\u0159edkl\u00e1danou pr\u00e1vn\u00ed argumentaci. Zam\u00fd\u0161len\u00e9 pokra\u010dov\u00e1n\u00ed by m\u011blo b\u00fdt v\u011bnov\u00e1no podrobn\u00e9mu rozboru platn\u00e9 pr\u00e1vn\u00ed \u00fapravy a \u00favaze nad [&hellip;]<\/p>\n","protected":false},"author":2,"featured_media":0,"parent":1633,"menu_order":0,"comment_status":"closed","ping_status":"closed","template":"","meta":{"footnotes":""},"class_list":["post-2957","page","type-page","status-publish","hentry"],"_links":{"self":[{"href":"https:\/\/veda.polac.cz\/index.php?rest_route=\/wp\/v2\/pages\/2957","targetHints":{"allow":["GET"]}}],"collection":[{"href":"https:\/\/veda.polac.cz\/index.php?rest_route=\/wp\/v2\/pages"}],"about":[{"href":"https:\/\/veda.polac.cz\/index.php?rest_route=\/wp\/v2\/types\/page"}],"author":[{"embeddable":true,"href":"https:\/\/veda.polac.cz\/index.php?rest_route=\/wp\/v2\/users\/2"}],"replies":[{"embeddable":true,"href":"https:\/\/veda.polac.cz\/index.php?rest_route=%2Fwp%2Fv2%2Fcomments&post=2957"}],"version-history":[{"count":2,"href":"https:\/\/veda.polac.cz\/index.php?rest_route=\/wp\/v2\/pages\/2957\/revisions"}],"predecessor-version":[{"id":2971,"href":"https:\/\/veda.polac.cz\/index.php?rest_route=\/wp\/v2\/pages\/2957\/revisions\/2971"}],"up":[{"embeddable":true,"href":"https:\/\/veda.polac.cz\/index.php?rest_route=\/wp\/v2\/pages\/1633"}],"wp:attachment":[{"href":"https:\/\/veda.polac.cz\/index.php?rest_route=%2Fwp%2Fv2%2Fmedia&parent=2957"}],"curies":[{"name":"wp","href":"https:\/\/api.w.org\/{rel}","templated":true}]}}