{"id":2955,"date":"2019-04-19T07:09:02","date_gmt":"2019-04-19T07:09:02","guid":{"rendered":"http:\/\/veda.polac.cz\/?page_id=2955"},"modified":"2019-04-19T07:17:53","modified_gmt":"2019-04-19T07:17:53","slug":"12-2","status":"publish","type":"page","link":"https:\/\/veda.polac.cz\/?page_id=2955","title":{"rendered":""},"content":{"rendered":"<p style=\"text-align: center;\">Resum\u00e9 \u010dl\u00e1nku<\/p>\n<p><b>Sm\u00ed\u0161en\u00fd spr\u00e1vn\u00ed delikt a jeho pojmov\u00e9 vymezen\u00ed<br \/>\n<\/b><i>doc. JUDr. Eva Horzinkov\u00e1, Ph.D.<br \/>\n<\/i><\/p>\n<p>Uveden\u00fd \u010dl\u00e1nek se zab\u00fdv\u00e1 problematikou spr\u00e1vn\u00edho trest\u00e1n\u00ed na \u00faseku sm\u00ed\u0161en\u00fdch spr\u00e1vn\u00edch delikt\u016f. Autorka vymezuje jednotliv\u00e9 pojmov\u00e9 znaky sm\u00ed\u0161en\u00fdch spr\u00e1vn\u00edch delikt\u016f a poukazuje na zp\u016fsoby jejich projedn\u00e1v\u00e1n\u00ed. \u010cl\u00e1nek zd\u016fraz\u0148uje pot\u0159ebu projedn\u00e1v\u00e1n\u00ed uveden\u00fdch spr\u00e1vn\u00edch delikt\u016f prost\u0159ednictv\u00edm kvalifikovan\u00fdch a\u00a0odborn\u00fdch \u00fa\u0159edn\u00edk\u016f.<br \/>\n<b>Kl\u00ed\u010dov\u00e1 slova:<\/b>\u00a0ve\u0159ejn\u00e1 spr\u00e1va, st\u00e1tn\u00ed spr\u00e1va, sm\u00ed\u0161en\u00fd spr\u00e1vn\u00ed delikt, zavin\u011bn\u00ed, objektivn\u00ed odpov\u011bdnost, kodifikace, kvalifikovan\u00e1 \u010dinnost.<\/p>\n<hr \/>\n<p><a href=\"https:\/\/veda.polac.cz\/?page_id=1633\">Zp\u011bt<\/a><\/p>\n","protected":false},"excerpt":{"rendered":"<p>Resum\u00e9 \u010dl\u00e1nku Sm\u00ed\u0161en\u00fd spr\u00e1vn\u00ed delikt a jeho pojmov\u00e9 vymezen\u00ed doc. JUDr. Eva Horzinkov\u00e1, Ph.D. Uveden\u00fd \u010dl\u00e1nek se zab\u00fdv\u00e1 problematikou spr\u00e1vn\u00edho trest\u00e1n\u00ed na \u00faseku sm\u00ed\u0161en\u00fdch spr\u00e1vn\u00edch delikt\u016f. Autorka vymezuje jednotliv\u00e9 pojmov\u00e9 znaky sm\u00ed\u0161en\u00fdch spr\u00e1vn\u00edch delikt\u016f a poukazuje na zp\u016fsoby jejich projedn\u00e1v\u00e1n\u00ed. \u010cl\u00e1nek zd\u016fraz\u0148uje pot\u0159ebu projedn\u00e1v\u00e1n\u00ed uveden\u00fdch spr\u00e1vn\u00edch delikt\u016f prost\u0159ednictv\u00edm kvalifikovan\u00fdch a\u00a0odborn\u00fdch \u00fa\u0159edn\u00edk\u016f. Kl\u00ed\u010dov\u00e1 slova:\u00a0ve\u0159ejn\u00e1 spr\u00e1va, st\u00e1tn\u00ed [&hellip;]<\/p>\n","protected":false},"author":2,"featured_media":0,"parent":1633,"menu_order":0,"comment_status":"closed","ping_status":"closed","template":"","meta":{"footnotes":""},"class_list":["post-2955","page","type-page","status-publish","hentry"],"_links":{"self":[{"href":"https:\/\/veda.polac.cz\/index.php?rest_route=\/wp\/v2\/pages\/2955","targetHints":{"allow":["GET"]}}],"collection":[{"href":"https:\/\/veda.polac.cz\/index.php?rest_route=\/wp\/v2\/pages"}],"about":[{"href":"https:\/\/veda.polac.cz\/index.php?rest_route=\/wp\/v2\/types\/page"}],"author":[{"embeddable":true,"href":"https:\/\/veda.polac.cz\/index.php?rest_route=\/wp\/v2\/users\/2"}],"replies":[{"embeddable":true,"href":"https:\/\/veda.polac.cz\/index.php?rest_route=%2Fwp%2Fv2%2Fcomments&post=2955"}],"version-history":[{"count":2,"href":"https:\/\/veda.polac.cz\/index.php?rest_route=\/wp\/v2\/pages\/2955\/revisions"}],"predecessor-version":[{"id":2970,"href":"https:\/\/veda.polac.cz\/index.php?rest_route=\/wp\/v2\/pages\/2955\/revisions\/2970"}],"up":[{"embeddable":true,"href":"https:\/\/veda.polac.cz\/index.php?rest_route=\/wp\/v2\/pages\/1633"}],"wp:attachment":[{"href":"https:\/\/veda.polac.cz\/index.php?rest_route=%2Fwp%2Fv2%2Fmedia&parent=2955"}],"curies":[{"name":"wp","href":"https:\/\/api.w.org\/{rel}","templated":true}]}}