{"id":2953,"date":"2019-04-19T07:08:04","date_gmt":"2019-04-19T07:08:04","guid":{"rendered":"http:\/\/veda.polac.cz\/?page_id=2953"},"modified":"2019-04-19T07:17:50","modified_gmt":"2019-04-19T07:17:50","slug":"11-2","status":"publish","type":"page","link":"https:\/\/veda.polac.cz\/?page_id=2953","title":{"rendered":""},"content":{"rendered":"<p style=\"text-align: center;\">Resum\u00e9 \u010dl\u00e1nku<\/p>\n<p><b>Stav a perspektivy politiky Loty\u0161ska v\u00a0oblasti trestn\u011b v\u00fdkonn\u00e9ho pr\u00e1va<br \/>\na v\u00fdkonu trest\u016f<\/b><i><br \/>\ndoc. PhDr. Stanislav Ne\u010das, CSc.<br \/>\n<\/i><\/p>\n<p>V\u00fdvoj nov\u00e9 penitenci\u00e1rn\u00ed kultury v\u00a0loty\u0161sk\u00e9m trestn\u011b v\u00fdkonn\u00e9m syst\u00e9mu jde cestou rozvoje priorioty lidsk\u00fdch vztah\u016f nad prioritou s\u00edly a autoritativn\u00edch metod p\u016fsoben\u00ed. Sta\u0165 vych\u00e1z\u00ed z\u00a0v\u00a0Loty\u0161sku vydan\u00e9 publikace \u201eTrestn\u011b v\u00fdkonn\u00e9 pr\u00e1vo &#8211; stav a perspektivy\u201c a seznamuje \u010dten\u00e1\u0159e s\u00a0hlavn\u00edmi sm\u011bry rozvoje v\u00a0t\u00e9to oblasti po z\u00edsk\u00e1n\u00ed samostatnosti Loty\u0161ska.<br \/>\n<b>Kl\u00ed\u010dov\u00e1 slova:\u00a0<\/b>Trestn\u011b v\u00fdkonn\u00fd syst\u00e9m, trest odn\u011bt\u00ed svobody, alternativn\u00ed tresty, nucen\u00e9 pr\u00e1ce.<\/p>\n<hr \/>\n<p><a href=\"https:\/\/veda.polac.cz\/?page_id=1633\">Zp\u011bt<\/a><\/p>\n","protected":false},"excerpt":{"rendered":"<p>Resum\u00e9 \u010dl\u00e1nku Stav a perspektivy politiky Loty\u0161ska v\u00a0oblasti trestn\u011b v\u00fdkonn\u00e9ho pr\u00e1va a v\u00fdkonu trest\u016f doc. PhDr. Stanislav Ne\u010das, CSc. V\u00fdvoj nov\u00e9 penitenci\u00e1rn\u00ed kultury v\u00a0loty\u0161sk\u00e9m trestn\u011b v\u00fdkonn\u00e9m syst\u00e9mu jde cestou rozvoje priorioty lidsk\u00fdch vztah\u016f nad prioritou s\u00edly a autoritativn\u00edch metod p\u016fsoben\u00ed. Sta\u0165 vych\u00e1z\u00ed z\u00a0v\u00a0Loty\u0161sku vydan\u00e9 publikace \u201eTrestn\u011b v\u00fdkonn\u00e9 pr\u00e1vo &#8211; stav a perspektivy\u201c a seznamuje \u010dten\u00e1\u0159e [&hellip;]<\/p>\n","protected":false},"author":2,"featured_media":0,"parent":1633,"menu_order":0,"comment_status":"closed","ping_status":"closed","template":"","meta":{"footnotes":""},"class_list":["post-2953","page","type-page","status-publish","hentry"],"_links":{"self":[{"href":"https:\/\/veda.polac.cz\/index.php?rest_route=\/wp\/v2\/pages\/2953","targetHints":{"allow":["GET"]}}],"collection":[{"href":"https:\/\/veda.polac.cz\/index.php?rest_route=\/wp\/v2\/pages"}],"about":[{"href":"https:\/\/veda.polac.cz\/index.php?rest_route=\/wp\/v2\/types\/page"}],"author":[{"embeddable":true,"href":"https:\/\/veda.polac.cz\/index.php?rest_route=\/wp\/v2\/users\/2"}],"replies":[{"embeddable":true,"href":"https:\/\/veda.polac.cz\/index.php?rest_route=%2Fwp%2Fv2%2Fcomments&post=2953"}],"version-history":[{"count":2,"href":"https:\/\/veda.polac.cz\/index.php?rest_route=\/wp\/v2\/pages\/2953\/revisions"}],"predecessor-version":[{"id":2969,"href":"https:\/\/veda.polac.cz\/index.php?rest_route=\/wp\/v2\/pages\/2953\/revisions\/2969"}],"up":[{"embeddable":true,"href":"https:\/\/veda.polac.cz\/index.php?rest_route=\/wp\/v2\/pages\/1633"}],"wp:attachment":[{"href":"https:\/\/veda.polac.cz\/index.php?rest_route=%2Fwp%2Fv2%2Fmedia&parent=2953"}],"curies":[{"name":"wp","href":"https:\/\/api.w.org\/{rel}","templated":true}]}}