{"id":2951,"date":"2019-04-19T07:07:07","date_gmt":"2019-04-19T07:07:07","guid":{"rendered":"http:\/\/veda.polac.cz\/?page_id=2951"},"modified":"2019-04-19T07:17:47","modified_gmt":"2019-04-19T07:17:47","slug":"10-2","status":"publish","type":"page","link":"https:\/\/veda.polac.cz\/?page_id=2951","title":{"rendered":""},"content":{"rendered":"<p style=\"text-align: center;\">Resum\u00e9 \u010dl\u00e1nku<\/p>\n<p><b>Vliv uv\u011bzn\u011bn\u00ed na zm\u011bny motivace odsouzen\u00fdch &#8211; srovn\u00e1vac\u00ed studie<\/b><br \/>\n<i>PhDr. Slavomil Fischer, Ph.D., MUDr. Ilja \u017dukov, CSc., PhDr. Radek Pt\u00e1\u010dek, Ph.D.<br \/>\n<\/i><\/p>\n<p>V \u010dl\u00e1nku jsou prezentov\u00e1ny v\u00fdsledky dvou v\u00fdzkumn\u00fdch studi\u00ed zam\u011b\u0159en\u00fdch na anal\u00fdzu specifi\u010dnost\u00ed pot\u0159eb delikventn\u00ed subkultury a jejich prom\u011bnu v pr\u016fb\u011bhu uv\u011bzn\u011bn\u00ed. Specifi\u010dnost a odli\u0161nosti v oblasti pot\u0159eb byly zji\u0161\u0165ov\u00e1ny v prvn\u00edm p\u0159\u00edpad\u011b metodou obsahov\u00e9 anal\u00fdzy v\u011bze\u0148sk\u00e9 korespondence a d\u00e1le anal\u00fdzou obsahu asociac\u00ed, jako reakc\u00ed na soubor nedokon\u010den\u00fdch v\u011bt. Zji\u0161t\u011bn\u00ed a z\u00e1v\u011bry jsou vyu\u017eiteln\u00e9 v penitenci\u00e1rn\u00ed praxi.<br \/>\n<b>Kl\u00ed\u010dov\u00e1 slova<\/b>: delikvence, penitenci\u00e1rn\u00ed proces, prizonizace, pot\u0159eby, obsahov\u00e1 anal\u00fdza.<\/p>\n<hr \/>\n<p><a href=\"https:\/\/veda.polac.cz\/?page_id=1633\">Zp\u011bt<\/a><\/p>\n","protected":false},"excerpt":{"rendered":"<p>Resum\u00e9 \u010dl\u00e1nku Vliv uv\u011bzn\u011bn\u00ed na zm\u011bny motivace odsouzen\u00fdch &#8211; srovn\u00e1vac\u00ed studie PhDr. Slavomil Fischer, Ph.D., MUDr. Ilja \u017dukov, CSc., PhDr. Radek Pt\u00e1\u010dek, Ph.D. V \u010dl\u00e1nku jsou prezentov\u00e1ny v\u00fdsledky dvou v\u00fdzkumn\u00fdch studi\u00ed zam\u011b\u0159en\u00fdch na anal\u00fdzu specifi\u010dnost\u00ed pot\u0159eb delikventn\u00ed subkultury a jejich prom\u011bnu v pr\u016fb\u011bhu uv\u011bzn\u011bn\u00ed. Specifi\u010dnost a odli\u0161nosti v oblasti pot\u0159eb byly zji\u0161\u0165ov\u00e1ny v prvn\u00edm p\u0159\u00edpad\u011b [&hellip;]<\/p>\n","protected":false},"author":2,"featured_media":0,"parent":1633,"menu_order":0,"comment_status":"closed","ping_status":"closed","template":"","meta":{"footnotes":""},"class_list":["post-2951","page","type-page","status-publish","hentry"],"_links":{"self":[{"href":"https:\/\/veda.polac.cz\/index.php?rest_route=\/wp\/v2\/pages\/2951","targetHints":{"allow":["GET"]}}],"collection":[{"href":"https:\/\/veda.polac.cz\/index.php?rest_route=\/wp\/v2\/pages"}],"about":[{"href":"https:\/\/veda.polac.cz\/index.php?rest_route=\/wp\/v2\/types\/page"}],"author":[{"embeddable":true,"href":"https:\/\/veda.polac.cz\/index.php?rest_route=\/wp\/v2\/users\/2"}],"replies":[{"embeddable":true,"href":"https:\/\/veda.polac.cz\/index.php?rest_route=%2Fwp%2Fv2%2Fcomments&post=2951"}],"version-history":[{"count":2,"href":"https:\/\/veda.polac.cz\/index.php?rest_route=\/wp\/v2\/pages\/2951\/revisions"}],"predecessor-version":[{"id":2968,"href":"https:\/\/veda.polac.cz\/index.php?rest_route=\/wp\/v2\/pages\/2951\/revisions\/2968"}],"up":[{"embeddable":true,"href":"https:\/\/veda.polac.cz\/index.php?rest_route=\/wp\/v2\/pages\/1633"}],"wp:attachment":[{"href":"https:\/\/veda.polac.cz\/index.php?rest_route=%2Fwp%2Fv2%2Fmedia&parent=2951"}],"curies":[{"name":"wp","href":"https:\/\/api.w.org\/{rel}","templated":true}]}}