{"id":2949,"date":"2019-04-19T07:06:15","date_gmt":"2019-04-19T07:06:15","guid":{"rendered":"http:\/\/veda.polac.cz\/?page_id=2949"},"modified":"2019-04-19T07:18:32","modified_gmt":"2019-04-19T07:18:32","slug":"9-2","status":"publish","type":"page","link":"https:\/\/veda.polac.cz\/?page_id=2949","title":{"rendered":""},"content":{"rendered":"<p style=\"text-align: center;\">Resum\u00e9 \u010dl\u00e1nku<\/p>\n<p><b>Neobvykl\u00e9 chov\u00e1n\u00ed \u0159idi\u010de po kolizi s\u00a0chodcem<br \/>\n<\/b><i>Ing. Ale\u0161 V\u00e9mola, Ph.D.<br \/>\n<\/i><\/p>\n<p>B\u011b\u017en\u00e1 dopravn\u00ed nehoda se stala neobvyklou a\u00a0pokusem o vra\u017edu t\u00edm, jak se zachoval \u0159idi\u010d, kdy\u017e zjistil, \u017ee sice z\u00a0m\u00edsta nehody se mu poda\u0159ilo \u00fasp\u011b\u0161n\u011b ujet, ale sra\u017een\u00e9ho chodce si v\u00a0zavazadlov\u00e9m prostoru vozidla \u0160koda Octavia p\u0159ivezl a\u017e ke sv\u00e9mu domu. Pr\u00e1v\u011b to, jak se rozhodl \u0159idi\u010d nehodu utajit, a cynicky se zachoval k\u00a0jej\u00ed\u00a0ob\u011bti, rozhodlo o pr\u00e1vn\u00ed kvalifikaci cel\u00e9ho p\u0159\u00edpadu.<br \/>\n<b>Kl\u00ed\u010dov\u00e1 slova:\u00a0<\/b>dopravn\u00ed nehoda, zran\u011bn\u00fd chodec, zavazadlov\u00fd prostor, pr\u00e1vn\u00ed kvalifikace.<\/p>\n<hr \/>\n<p><a href=\"https:\/\/veda.polac.cz\/?page_id=1633\">Zp\u011bt<\/a><\/p>\n","protected":false},"excerpt":{"rendered":"<p>Resum\u00e9 \u010dl\u00e1nku Neobvykl\u00e9 chov\u00e1n\u00ed \u0159idi\u010de po kolizi s\u00a0chodcem Ing. Ale\u0161 V\u00e9mola, Ph.D. B\u011b\u017en\u00e1 dopravn\u00ed nehoda se stala neobvyklou a\u00a0pokusem o vra\u017edu t\u00edm, jak se zachoval \u0159idi\u010d, kdy\u017e zjistil, \u017ee sice z\u00a0m\u00edsta nehody se mu poda\u0159ilo \u00fasp\u011b\u0161n\u011b ujet, ale sra\u017een\u00e9ho chodce si v\u00a0zavazadlov\u00e9m prostoru vozidla \u0160koda Octavia p\u0159ivezl a\u017e ke sv\u00e9mu domu. Pr\u00e1v\u011b to, jak se [&hellip;]<\/p>\n","protected":false},"author":2,"featured_media":0,"parent":1633,"menu_order":0,"comment_status":"closed","ping_status":"closed","template":"","meta":{"footnotes":""},"class_list":["post-2949","page","type-page","status-publish","hentry"],"_links":{"self":[{"href":"https:\/\/veda.polac.cz\/index.php?rest_route=\/wp\/v2\/pages\/2949","targetHints":{"allow":["GET"]}}],"collection":[{"href":"https:\/\/veda.polac.cz\/index.php?rest_route=\/wp\/v2\/pages"}],"about":[{"href":"https:\/\/veda.polac.cz\/index.php?rest_route=\/wp\/v2\/types\/page"}],"author":[{"embeddable":true,"href":"https:\/\/veda.polac.cz\/index.php?rest_route=\/wp\/v2\/users\/2"}],"replies":[{"embeddable":true,"href":"https:\/\/veda.polac.cz\/index.php?rest_route=%2Fwp%2Fv2%2Fcomments&post=2949"}],"version-history":[{"count":2,"href":"https:\/\/veda.polac.cz\/index.php?rest_route=\/wp\/v2\/pages\/2949\/revisions"}],"predecessor-version":[{"id":2980,"href":"https:\/\/veda.polac.cz\/index.php?rest_route=\/wp\/v2\/pages\/2949\/revisions\/2980"}],"up":[{"embeddable":true,"href":"https:\/\/veda.polac.cz\/index.php?rest_route=\/wp\/v2\/pages\/1633"}],"wp:attachment":[{"href":"https:\/\/veda.polac.cz\/index.php?rest_route=%2Fwp%2Fv2%2Fmedia&parent=2949"}],"curies":[{"name":"wp","href":"https:\/\/api.w.org\/{rel}","templated":true}]}}