{"id":2945,"date":"2019-04-19T07:04:15","date_gmt":"2019-04-19T07:04:15","guid":{"rendered":"http:\/\/veda.polac.cz\/?page_id=2945"},"modified":"2019-04-19T07:18:27","modified_gmt":"2019-04-19T07:18:27","slug":"7-2","status":"publish","type":"page","link":"https:\/\/veda.polac.cz\/?page_id=2945","title":{"rendered":""},"content":{"rendered":"<p style=\"text-align: center;\">Resum\u00e9 \u010dl\u00e1nku<\/p>\n<p><b>Od\u010derp\u00e1v\u00e1n\u00ed\u00a0v\u00fdnos\u016f z\u00a0trestn\u00e9 \u010dinnosti z\u00a0pohledu policejn\u00edho org\u00e1nu,\u00a0st\u00e1tn\u00edho z\u00e1stupce a soudce<br \/>\n<\/b><i>Dr. J\u00e1n \u0160ug\u00e1r, CSc.<br \/>\n<\/i><\/p>\n<p>\u010cl\u00e1nek se zab\u00fdv\u00e1 vybran\u00fdmi probl\u00e9my od\u010derp\u00e1v\u00e1n\u00ed v\u00fdnos\u016f z\u00a0trestn\u00e9 \u010dinnosti. V\u00a0\u00favodu je nast\u00edn\u011bn\u00e1 anal\u00fdza st\u00e1vaj\u00edc\u00ed pr\u00e1vn\u00ed \u00fapravy od\u010derp\u00e1v\u00e1n\u00ed majetku poch\u00e1zej\u00edc\u00edho z\u00a0trestn\u00e9 \u010dinnosti. V\u00a0dal\u0161\u00ed \u010d\u00e1sti jsou prezentov\u00e1ny n\u00e1zory org\u00e1n\u016f \u010dinn\u00fdch v\u00a0trestn\u00edm \u0159\u00edzen\u00ed na uvedenou problematiku. Na z\u00e1v\u011br jsou uvedeny nej\u010dast\u011bj\u0161\u00ed bari\u00e9ry, kter\u00e9 br\u00e1n\u00ed \u00fa\u010dinn\u011bj\u0161\u00edmu od\u010derp\u00e1v\u00e1n\u00ed majetku poch\u00e1zej\u00edc\u00edho z\u00a0trestn\u00e9 \u010dinnosti.<br \/>\n<b>Kl\u00ed\u010dov\u00e1 slova:<\/b>\u00a0od\u010derp\u00e1v\u00e1n\u00ed v\u00fdnos\u016f, propadnut\u00ed v\u011bci, propadnut\u00ed majetku, bari\u00e9ry.<\/p>\n<hr \/>\n<p><a href=\"https:\/\/veda.polac.cz\/?page_id=1633\">Zp\u011bt<\/a><\/p>\n","protected":false},"excerpt":{"rendered":"<p>Resum\u00e9 \u010dl\u00e1nku Od\u010derp\u00e1v\u00e1n\u00ed\u00a0v\u00fdnos\u016f z\u00a0trestn\u00e9 \u010dinnosti z\u00a0pohledu policejn\u00edho org\u00e1nu,\u00a0st\u00e1tn\u00edho z\u00e1stupce a soudce Dr. J\u00e1n \u0160ug\u00e1r, CSc. \u010cl\u00e1nek se zab\u00fdv\u00e1 vybran\u00fdmi probl\u00e9my od\u010derp\u00e1v\u00e1n\u00ed v\u00fdnos\u016f z\u00a0trestn\u00e9 \u010dinnosti. V\u00a0\u00favodu je nast\u00edn\u011bn\u00e1 anal\u00fdza st\u00e1vaj\u00edc\u00ed pr\u00e1vn\u00ed \u00fapravy od\u010derp\u00e1v\u00e1n\u00ed majetku poch\u00e1zej\u00edc\u00edho z\u00a0trestn\u00e9 \u010dinnosti. V\u00a0dal\u0161\u00ed \u010d\u00e1sti jsou prezentov\u00e1ny n\u00e1zory org\u00e1n\u016f \u010dinn\u00fdch v\u00a0trestn\u00edm \u0159\u00edzen\u00ed na uvedenou problematiku. Na z\u00e1v\u011br jsou uvedeny nej\u010dast\u011bj\u0161\u00ed bari\u00e9ry, kter\u00e9 [&hellip;]<\/p>\n","protected":false},"author":2,"featured_media":0,"parent":1633,"menu_order":0,"comment_status":"closed","ping_status":"closed","template":"","meta":{"footnotes":""},"class_list":["post-2945","page","type-page","status-publish","hentry"],"_links":{"self":[{"href":"https:\/\/veda.polac.cz\/index.php?rest_route=\/wp\/v2\/pages\/2945","targetHints":{"allow":["GET"]}}],"collection":[{"href":"https:\/\/veda.polac.cz\/index.php?rest_route=\/wp\/v2\/pages"}],"about":[{"href":"https:\/\/veda.polac.cz\/index.php?rest_route=\/wp\/v2\/types\/page"}],"author":[{"embeddable":true,"href":"https:\/\/veda.polac.cz\/index.php?rest_route=\/wp\/v2\/users\/2"}],"replies":[{"embeddable":true,"href":"https:\/\/veda.polac.cz\/index.php?rest_route=%2Fwp%2Fv2%2Fcomments&post=2945"}],"version-history":[{"count":2,"href":"https:\/\/veda.polac.cz\/index.php?rest_route=\/wp\/v2\/pages\/2945\/revisions"}],"predecessor-version":[{"id":2978,"href":"https:\/\/veda.polac.cz\/index.php?rest_route=\/wp\/v2\/pages\/2945\/revisions\/2978"}],"up":[{"embeddable":true,"href":"https:\/\/veda.polac.cz\/index.php?rest_route=\/wp\/v2\/pages\/1633"}],"wp:attachment":[{"href":"https:\/\/veda.polac.cz\/index.php?rest_route=%2Fwp%2Fv2%2Fmedia&parent=2945"}],"curies":[{"name":"wp","href":"https:\/\/api.w.org\/{rel}","templated":true}]}}