{"id":2939,"date":"2019-04-19T07:00:02","date_gmt":"2019-04-19T07:00:02","guid":{"rendered":"http:\/\/veda.polac.cz\/?page_id=2939"},"modified":"2019-04-19T07:18:22","modified_gmt":"2019-04-19T07:18:22","slug":"6-2","status":"publish","type":"page","link":"https:\/\/veda.polac.cz\/?page_id=2939","title":{"rendered":""},"content":{"rendered":"<p style=\"text-align: center;\">Resum\u00e9 \u010dl\u00e1nku<\/p>\n<p><b>Indoktrinace a rekrutace islamist\u016f v kyberprostoru<br \/>\n<\/b><i>Dr. Ji\u0159\u00ed Hodn\u00fd, Ph.D.<br \/>\n<\/i><\/p>\n<p>Autor stati nasti\u0148uje n\u011bkter\u00e9 zp\u016fsoby a metody, jimi\u017e islamist\u00e9 v\u00a0prost\u0159ed\u00ed internetu indoktrinuj\u00ed, radikalizuj\u00ed a rekrutuj\u00ed sv\u00e9 stoupence a sympatizanty. K tomuto \u00fa\u010delu vyu\u017e\u00edvaj\u00ed v\u0161echny dostupn\u00e9 internetov\u00e9 komunika\u010dn\u00ed n\u00e1stroje, jako jsou speci\u00e1ln\u00ed webov\u00e9 str\u00e1nky, online f\u00f3ra, chat, instant messaging a elektronick\u00e1 po\u0161ta. Jejich prost\u0159ednictv\u00edm pak islamist\u00e9 \u0161\u00ed\u0159\u00ed d\u017eih\u00e1distickou literaturu, zvukov\u00e9 nahr\u00e1vky, videoklipy, hudbu, po\u010d\u00edta\u010dov\u00e9 hry apod.<br \/>\n<b>Kl\u00ed\u010dov\u00e1 slova:<\/b>\u00a0Isl\u00e1msk\u00fd terorismus, d\u017eih\u00e1d, indoktrinace, rekrutace, kyberprostor.<\/p>\n<hr \/>\n<p><a href=\"https:\/\/veda.polac.cz\/?page_id=1633\">Zp\u011bt<\/a><\/p>\n","protected":false},"excerpt":{"rendered":"<p>Resum\u00e9 \u010dl\u00e1nku Indoktrinace a rekrutace islamist\u016f v kyberprostoru Dr. Ji\u0159\u00ed Hodn\u00fd, Ph.D. Autor stati nasti\u0148uje n\u011bkter\u00e9 zp\u016fsoby a metody, jimi\u017e islamist\u00e9 v\u00a0prost\u0159ed\u00ed internetu indoktrinuj\u00ed, radikalizuj\u00ed a rekrutuj\u00ed sv\u00e9 stoupence a sympatizanty. K tomuto \u00fa\u010delu vyu\u017e\u00edvaj\u00ed v\u0161echny dostupn\u00e9 internetov\u00e9 komunika\u010dn\u00ed n\u00e1stroje, jako jsou speci\u00e1ln\u00ed webov\u00e9 str\u00e1nky, online f\u00f3ra, chat, instant messaging a elektronick\u00e1 po\u0161ta. Jejich prost\u0159ednictv\u00edm [&hellip;]<\/p>\n","protected":false},"author":2,"featured_media":0,"parent":1633,"menu_order":0,"comment_status":"closed","ping_status":"closed","template":"","meta":{"footnotes":""},"class_list":["post-2939","page","type-page","status-publish","hentry"],"_links":{"self":[{"href":"https:\/\/veda.polac.cz\/index.php?rest_route=\/wp\/v2\/pages\/2939","targetHints":{"allow":["GET"]}}],"collection":[{"href":"https:\/\/veda.polac.cz\/index.php?rest_route=\/wp\/v2\/pages"}],"about":[{"href":"https:\/\/veda.polac.cz\/index.php?rest_route=\/wp\/v2\/types\/page"}],"author":[{"embeddable":true,"href":"https:\/\/veda.polac.cz\/index.php?rest_route=\/wp\/v2\/users\/2"}],"replies":[{"embeddable":true,"href":"https:\/\/veda.polac.cz\/index.php?rest_route=%2Fwp%2Fv2%2Fcomments&post=2939"}],"version-history":[{"count":2,"href":"https:\/\/veda.polac.cz\/index.php?rest_route=\/wp\/v2\/pages\/2939\/revisions"}],"predecessor-version":[{"id":2977,"href":"https:\/\/veda.polac.cz\/index.php?rest_route=\/wp\/v2\/pages\/2939\/revisions\/2977"}],"up":[{"embeddable":true,"href":"https:\/\/veda.polac.cz\/index.php?rest_route=\/wp\/v2\/pages\/1633"}],"wp:attachment":[{"href":"https:\/\/veda.polac.cz\/index.php?rest_route=%2Fwp%2Fv2%2Fmedia&parent=2939"}],"curies":[{"name":"wp","href":"https:\/\/api.w.org\/{rel}","templated":true}]}}