{"id":2937,"date":"2019-04-19T06:59:03","date_gmt":"2019-04-19T06:59:03","guid":{"rendered":"http:\/\/veda.polac.cz\/?page_id=2937"},"modified":"2019-04-19T07:18:20","modified_gmt":"2019-04-19T07:18:20","slug":"5-2","status":"publish","type":"page","link":"https:\/\/veda.polac.cz\/?page_id=2937","title":{"rendered":""},"content":{"rendered":"<p style=\"text-align: center;\">Resum\u00e9 \u010dl\u00e1nku<\/p>\n<p><b>P\u0159edstavuje \u010dlov\u011bk hrozbu pro informa\u010dn\u00ed syst\u00e9m?<br \/>\n<\/b><i>Ing. Jan Drtil<br \/>\n<\/i><\/p>\n<p>\u010cl\u00e1nek se zab\u00fdv\u00e1 charakteristikou vybran\u00fdch komponent anal\u00fdzy rizik informa\u010dn\u00edho syst\u00e9mu, s\u00a0c\u00edlem charakterizovat hrozbu p\u0159edstavovanou \u010dlov\u011bkem. Podle dostupn\u00fdch studi\u00ed charakterizuje vnit\u0159n\u00ed a vn\u011bj\u0161\u00ed \u00fato\u010dn\u00edky, jejich motivaci a c\u00edle. V\u00a0p\u0159\u00edpad\u011b intern\u00edch \u00fatok\u016f shrnuje jejich v\u00fdznamn\u00e9 charakteristiky, \u010d\u00edm\u017e d\u00e1v\u00e1 \u010dten\u00e1\u0159i mo\u017enost jim na z\u00e1klad\u011b t\u00e9to znalosti p\u0159edej\u00edt.<br \/>\n<b>Kl\u00ed\u010dov\u00e1 slova:<\/b>\u00a0vnit\u0159n\u00ed \u00fato\u010dn\u00edk, vn\u011bj\u0161\u00ed \u00fato\u010dn\u00edk, informa\u010dn\u00ed syst\u00e9m, dostupnost, integrita, d\u016fv\u011brnost, informace, data.<\/p>\n<hr \/>\n<p><a href=\"https:\/\/veda.polac.cz\/?page_id=1633\">Zp\u011bt<\/a><\/p>\n","protected":false},"excerpt":{"rendered":"<p>Resum\u00e9 \u010dl\u00e1nku P\u0159edstavuje \u010dlov\u011bk hrozbu pro informa\u010dn\u00ed syst\u00e9m? Ing. Jan Drtil \u010cl\u00e1nek se zab\u00fdv\u00e1 charakteristikou vybran\u00fdch komponent anal\u00fdzy rizik informa\u010dn\u00edho syst\u00e9mu, s\u00a0c\u00edlem charakterizovat hrozbu p\u0159edstavovanou \u010dlov\u011bkem. Podle dostupn\u00fdch studi\u00ed charakterizuje vnit\u0159n\u00ed a vn\u011bj\u0161\u00ed \u00fato\u010dn\u00edky, jejich motivaci a c\u00edle. V\u00a0p\u0159\u00edpad\u011b intern\u00edch \u00fatok\u016f shrnuje jejich v\u00fdznamn\u00e9 charakteristiky, \u010d\u00edm\u017e d\u00e1v\u00e1 \u010dten\u00e1\u0159i mo\u017enost jim na z\u00e1klad\u011b t\u00e9to znalosti p\u0159edej\u00edt. [&hellip;]<\/p>\n","protected":false},"author":2,"featured_media":0,"parent":1633,"menu_order":0,"comment_status":"closed","ping_status":"closed","template":"","meta":{"footnotes":""},"class_list":["post-2937","page","type-page","status-publish","hentry"],"_links":{"self":[{"href":"https:\/\/veda.polac.cz\/index.php?rest_route=\/wp\/v2\/pages\/2937","targetHints":{"allow":["GET"]}}],"collection":[{"href":"https:\/\/veda.polac.cz\/index.php?rest_route=\/wp\/v2\/pages"}],"about":[{"href":"https:\/\/veda.polac.cz\/index.php?rest_route=\/wp\/v2\/types\/page"}],"author":[{"embeddable":true,"href":"https:\/\/veda.polac.cz\/index.php?rest_route=\/wp\/v2\/users\/2"}],"replies":[{"embeddable":true,"href":"https:\/\/veda.polac.cz\/index.php?rest_route=%2Fwp%2Fv2%2Fcomments&post=2937"}],"version-history":[{"count":2,"href":"https:\/\/veda.polac.cz\/index.php?rest_route=\/wp\/v2\/pages\/2937\/revisions"}],"predecessor-version":[{"id":2976,"href":"https:\/\/veda.polac.cz\/index.php?rest_route=\/wp\/v2\/pages\/2937\/revisions\/2976"}],"up":[{"embeddable":true,"href":"https:\/\/veda.polac.cz\/index.php?rest_route=\/wp\/v2\/pages\/1633"}],"wp:attachment":[{"href":"https:\/\/veda.polac.cz\/index.php?rest_route=%2Fwp%2Fv2%2Fmedia&parent=2937"}],"curies":[{"name":"wp","href":"https:\/\/api.w.org\/{rel}","templated":true}]}}