{"id":2935,"date":"2019-04-19T06:57:39","date_gmt":"2019-04-19T06:57:39","guid":{"rendered":"http:\/\/veda.polac.cz\/?page_id=2935"},"modified":"2019-04-19T07:18:17","modified_gmt":"2019-04-19T07:18:17","slug":"4-2","status":"publish","type":"page","link":"https:\/\/veda.polac.cz\/?page_id=2935","title":{"rendered":""},"content":{"rendered":"<p style=\"text-align: center;\">Resum\u00e9 \u010dl\u00e1nku<\/p>\n<p><b>Informa\u010dn\u00ed bezpe\u010dnost a pr\u00e1vo na svobodn\u00fd p\u0159\u00edstup k\u00a0informac\u00edm<br \/>\n<\/b><a name=\"OLE_LINK4\"><\/a><a name=\"OLE_LINK3\"><\/a><i>JUDr. \u0160t\u011bp\u00e1n Kalam\u00e1r,\u00a0<\/i><i>doc. RNDr. Josef Po\u017e\u00e1r, CSc.<br \/>\n<\/i><\/p>\n<p>C\u00edlem tohoto p\u0159\u00edsp\u011bvku je pouk\u00e1zat na problematiku p\u0159edev\u0161\u00edm \u00fastavn\u00edho zakotven\u00ed pr\u00e1va na informace a ochrany informac\u00ed z pohledu sou\u010dasn\u00e9 platn\u00e9 legislativn\u00ed \u00fapravy tohoto fenom\u00e9nu, jak\u00fdm je informa\u010dn\u00ed bezpe\u010dnost.<br \/>\n<b>Kl\u00ed\u010dov\u00e1 slova:<\/b>\u00a0Informace, pr\u00e1vo na informace, informa\u010dn\u00ed bezpe\u010dnost, ochrana informac\u00ed.<\/p>\n<hr \/>\n<p><a href=\"https:\/\/veda.polac.cz\/?page_id=1633\">Zp\u011bt<\/a><\/p>\n","protected":false},"excerpt":{"rendered":"<p>Resum\u00e9 \u010dl\u00e1nku Informa\u010dn\u00ed bezpe\u010dnost a pr\u00e1vo na svobodn\u00fd p\u0159\u00edstup k\u00a0informac\u00edm JUDr. \u0160t\u011bp\u00e1n Kalam\u00e1r,\u00a0doc. RNDr. Josef Po\u017e\u00e1r, CSc. C\u00edlem tohoto p\u0159\u00edsp\u011bvku je pouk\u00e1zat na problematiku p\u0159edev\u0161\u00edm \u00fastavn\u00edho zakotven\u00ed pr\u00e1va na informace a ochrany informac\u00ed z pohledu sou\u010dasn\u00e9 platn\u00e9 legislativn\u00ed \u00fapravy tohoto fenom\u00e9nu, jak\u00fdm je informa\u010dn\u00ed bezpe\u010dnost. Kl\u00ed\u010dov\u00e1 slova:\u00a0Informace, pr\u00e1vo na informace, informa\u010dn\u00ed bezpe\u010dnost, ochrana informac\u00ed. Zp\u011bt<\/p>\n","protected":false},"author":2,"featured_media":0,"parent":1633,"menu_order":0,"comment_status":"closed","ping_status":"closed","template":"","meta":{"footnotes":""},"class_list":["post-2935","page","type-page","status-publish","hentry"],"_links":{"self":[{"href":"https:\/\/veda.polac.cz\/index.php?rest_route=\/wp\/v2\/pages\/2935","targetHints":{"allow":["GET"]}}],"collection":[{"href":"https:\/\/veda.polac.cz\/index.php?rest_route=\/wp\/v2\/pages"}],"about":[{"href":"https:\/\/veda.polac.cz\/index.php?rest_route=\/wp\/v2\/types\/page"}],"author":[{"embeddable":true,"href":"https:\/\/veda.polac.cz\/index.php?rest_route=\/wp\/v2\/users\/2"}],"replies":[{"embeddable":true,"href":"https:\/\/veda.polac.cz\/index.php?rest_route=%2Fwp%2Fv2%2Fcomments&post=2935"}],"version-history":[{"count":2,"href":"https:\/\/veda.polac.cz\/index.php?rest_route=\/wp\/v2\/pages\/2935\/revisions"}],"predecessor-version":[{"id":2975,"href":"https:\/\/veda.polac.cz\/index.php?rest_route=\/wp\/v2\/pages\/2935\/revisions\/2975"}],"up":[{"embeddable":true,"href":"https:\/\/veda.polac.cz\/index.php?rest_route=\/wp\/v2\/pages\/1633"}],"wp:attachment":[{"href":"https:\/\/veda.polac.cz\/index.php?rest_route=%2Fwp%2Fv2%2Fmedia&parent=2935"}],"curies":[{"name":"wp","href":"https:\/\/api.w.org\/{rel}","templated":true}]}}