{"id":2933,"date":"2019-04-19T06:55:30","date_gmt":"2019-04-19T06:55:30","guid":{"rendered":"http:\/\/veda.polac.cz\/?page_id=2933"},"modified":"2019-04-19T07:18:09","modified_gmt":"2019-04-19T07:18:09","slug":"3-2","status":"publish","type":"page","link":"https:\/\/veda.polac.cz\/?page_id=2933","title":{"rendered":""},"content":{"rendered":"<p style=\"text-align: center;\">Resum\u00e9 \u010dl\u00e1nku<\/p>\n<p><b>Hodnocen\u00ed efektivnosti ve\u0159ejn\u00fdch projekt\u016f s\u00a0ohledem na bezpe\u010dnostn\u00ed slo\u017eky<br \/>\n<\/b><i>Mgr. Franti\u0161ek H\u0159eb\u00edk, doc. Ing. PhDr. Karel \u0160r\u00e9dl, CSc.<\/i><span lang=\"EN-GB\"><br \/>\n<\/span><\/p>\n<p>V podm\u00ednk\u00e1ch vz\u00e1cnosti se lid\u00e9 rozhoduj\u00ed,<b>\u00a0<\/b>jak\u00e9 v\u00fdrobn\u00ed zdroje pou\u017e\u00edt, jak\u00fdmi v\u00fdrobky uspokojit sv\u00e9 pot\u0159eby, aby dos\u00e1hli ze vz\u00e1cn\u00fdch zdroj\u016f co nejv\u011bt\u0161\u00ed u\u017eitek. Efektivnost bezpe\u010dnostn\u00ed \u010dinnosti je mo\u017en\u00e9 v\u00a0nejobecn\u011bj\u0161\u00ed rovin\u011b vymezit jako vztah mezi \u00fa\u010dinky bezpe\u010dnostn\u00ed \u010dinnosti (tj. bezpe\u010dnost\u00ed ob\u010dana) a prost\u0159edky a \u00fasil\u00edm, spojen\u00fdmi s\u00a0jej\u00edm dosa\u017een\u00edm, formovan\u00fd s\u00a0ohledem na rozsah a strukturu pot\u0159eb spole\u010dnosti. K\u00a0tomu jsou u\u017e\u00edv\u00e1ny n\u00e1kladov\u011b v\u00fdstupov\u00e9 metody p\u0159i hodnocen\u00ed ekonomick\u00e9 efektivnosti ve\u0159ejn\u00fdch v\u00fddajov\u00fdch program\u016f bezpe\u010dnostn\u00edch slo\u017eek.<br \/>\nKl\u00ed\u010dov\u00e1 slova:<b>\u00a0bezpe\u010dnostn\u00ed slo\u017eky, efektivnost, n\u00e1klady, u\u017eitek, vzd\u011bl\u00e1n\u00ed.\u00a0<\/b><\/p>\n<hr \/>\n<p><a href=\"https:\/\/veda.polac.cz\/?page_id=1633\">Zp\u011bt<\/a><\/p>\n","protected":false},"excerpt":{"rendered":"<p>Resum\u00e9 \u010dl\u00e1nku Hodnocen\u00ed efektivnosti ve\u0159ejn\u00fdch projekt\u016f s\u00a0ohledem na bezpe\u010dnostn\u00ed slo\u017eky Mgr. Franti\u0161ek H\u0159eb\u00edk, doc. Ing. PhDr. Karel \u0160r\u00e9dl, CSc. V podm\u00ednk\u00e1ch vz\u00e1cnosti se lid\u00e9 rozhoduj\u00ed,\u00a0jak\u00e9 v\u00fdrobn\u00ed zdroje pou\u017e\u00edt, jak\u00fdmi v\u00fdrobky uspokojit sv\u00e9 pot\u0159eby, aby dos\u00e1hli ze vz\u00e1cn\u00fdch zdroj\u016f co nejv\u011bt\u0161\u00ed u\u017eitek. Efektivnost bezpe\u010dnostn\u00ed \u010dinnosti je mo\u017en\u00e9 v\u00a0nejobecn\u011bj\u0161\u00ed rovin\u011b vymezit jako vztah mezi \u00fa\u010dinky bezpe\u010dnostn\u00ed \u010dinnosti [&hellip;]<\/p>\n","protected":false},"author":2,"featured_media":0,"parent":1633,"menu_order":0,"comment_status":"closed","ping_status":"closed","template":"","meta":{"footnotes":""},"class_list":["post-2933","page","type-page","status-publish","hentry"],"_links":{"self":[{"href":"https:\/\/veda.polac.cz\/index.php?rest_route=\/wp\/v2\/pages\/2933","targetHints":{"allow":["GET"]}}],"collection":[{"href":"https:\/\/veda.polac.cz\/index.php?rest_route=\/wp\/v2\/pages"}],"about":[{"href":"https:\/\/veda.polac.cz\/index.php?rest_route=\/wp\/v2\/types\/page"}],"author":[{"embeddable":true,"href":"https:\/\/veda.polac.cz\/index.php?rest_route=\/wp\/v2\/users\/2"}],"replies":[{"embeddable":true,"href":"https:\/\/veda.polac.cz\/index.php?rest_route=%2Fwp%2Fv2%2Fcomments&post=2933"}],"version-history":[{"count":2,"href":"https:\/\/veda.polac.cz\/index.php?rest_route=\/wp\/v2\/pages\/2933\/revisions"}],"predecessor-version":[{"id":2974,"href":"https:\/\/veda.polac.cz\/index.php?rest_route=\/wp\/v2\/pages\/2933\/revisions\/2974"}],"up":[{"embeddable":true,"href":"https:\/\/veda.polac.cz\/index.php?rest_route=\/wp\/v2\/pages\/1633"}],"wp:attachment":[{"href":"https:\/\/veda.polac.cz\/index.php?rest_route=%2Fwp%2Fv2%2Fmedia&parent=2933"}],"curies":[{"name":"wp","href":"https:\/\/api.w.org\/{rel}","templated":true}]}}