{"id":2930,"date":"2019-04-19T06:53:36","date_gmt":"2019-04-19T06:53:36","guid":{"rendered":"http:\/\/veda.polac.cz\/?page_id=2930"},"modified":"2019-04-19T07:18:05","modified_gmt":"2019-04-19T07:18:05","slug":"2-2","status":"publish","type":"page","link":"https:\/\/veda.polac.cz\/?page_id=2930","title":{"rendered":""},"content":{"rendered":"<p style=\"text-align: center;\">Resum\u00e9 \u010dl\u00e1nku<\/p>\n<p><b>Kriminalita d\u011bt\u00ed a ml\u00e1de\u017ee &#8211; p\u0159\u00ed\u010diny a v\u00fdchodiska<br \/>\n<\/b><i>doc. PhDr. Zden\u011bk Rozum, CSc.<br \/>\n<\/i><\/p>\n<p>\u010cl\u00e1nek sv\u00fdm obsahov\u00fdm zam\u011b\u0159en\u00edm informuje \u010dten\u00e1\u0159e o aktu\u00e1ln\u00edm celo-spole\u010densk\u00e9m probl\u00e9mu d\u011btsk\u00e9 delikvence. S oporou o nejnov\u011bj\u0161\u00ed odborn\u00e9 poznatky pedagogick\u00e9 a psychologick\u00e9 v\u011bdy rozkr\u00fdv\u00e1 p\u0159\u00ed\u010diny vzniku asoci\u00e1ln\u00edch forem chov\u00e1n\u00ed a jedn\u00e1n\u00ed \u010d\u00e1sti na\u0161\u00ed mlad\u00e9 populace. Autor, vych\u00e1zeje z\u00a0t\u011bchto p\u0159\u00ed\u010din, doporu\u010duje preventivn\u00ed p\u0159\u00edstupy, kter\u00e9 by eliminovaly \u010detnost ne\u017e\u00e1douc\u00edch projev\u016f v\u00a0chov\u00e1n\u00ed d\u011bt\u00ed a mladistv\u00fdch. Ve sn\u00ed\u017een\u00ed kriminality d\u011bt\u00ed a ml\u00e1de\u017ee spat\u0159uje autor v\u00fdchodisko ve sn\u00ed\u017een\u00ed kriminality ve spole\u010dnosti v\u016fbec.<br \/>\n<b>Kl\u00ed\u010dov\u00e1 slova:<\/b>\u00a0v\u00fdchova v\u00a0rodin\u011b, d\u011bdi\u010dnost, v\u00fdchovn\u00fd vliv \u0161koly, spolupr\u00e1ce \u0161koly a\u00a0rodiny, tr\u00e1ven\u00ed voln\u00e9ho \u010dasu.<\/p>\n<hr \/>\n<p><a href=\"https:\/\/veda.polac.cz\/?page_id=1633\">Zp\u011bt<\/a><\/p>\n","protected":false},"excerpt":{"rendered":"<p>Resum\u00e9 \u010dl\u00e1nku Kriminalita d\u011bt\u00ed a ml\u00e1de\u017ee &#8211; p\u0159\u00ed\u010diny a v\u00fdchodiska doc. PhDr. Zden\u011bk Rozum, CSc. \u010cl\u00e1nek sv\u00fdm obsahov\u00fdm zam\u011b\u0159en\u00edm informuje \u010dten\u00e1\u0159e o aktu\u00e1ln\u00edm celo-spole\u010densk\u00e9m probl\u00e9mu d\u011btsk\u00e9 delikvence. S oporou o nejnov\u011bj\u0161\u00ed odborn\u00e9 poznatky pedagogick\u00e9 a psychologick\u00e9 v\u011bdy rozkr\u00fdv\u00e1 p\u0159\u00ed\u010diny vzniku asoci\u00e1ln\u00edch forem chov\u00e1n\u00ed a jedn\u00e1n\u00ed \u010d\u00e1sti na\u0161\u00ed mlad\u00e9 populace. Autor, vych\u00e1zeje z\u00a0t\u011bchto p\u0159\u00ed\u010din, doporu\u010duje preventivn\u00ed [&hellip;]<\/p>\n","protected":false},"author":2,"featured_media":0,"parent":1633,"menu_order":0,"comment_status":"closed","ping_status":"closed","template":"","meta":{"footnotes":""},"class_list":["post-2930","page","type-page","status-publish","hentry"],"_links":{"self":[{"href":"https:\/\/veda.polac.cz\/index.php?rest_route=\/wp\/v2\/pages\/2930","targetHints":{"allow":["GET"]}}],"collection":[{"href":"https:\/\/veda.polac.cz\/index.php?rest_route=\/wp\/v2\/pages"}],"about":[{"href":"https:\/\/veda.polac.cz\/index.php?rest_route=\/wp\/v2\/types\/page"}],"author":[{"embeddable":true,"href":"https:\/\/veda.polac.cz\/index.php?rest_route=\/wp\/v2\/users\/2"}],"replies":[{"embeddable":true,"href":"https:\/\/veda.polac.cz\/index.php?rest_route=%2Fwp%2Fv2%2Fcomments&post=2930"}],"version-history":[{"count":2,"href":"https:\/\/veda.polac.cz\/index.php?rest_route=\/wp\/v2\/pages\/2930\/revisions"}],"predecessor-version":[{"id":2973,"href":"https:\/\/veda.polac.cz\/index.php?rest_route=\/wp\/v2\/pages\/2930\/revisions\/2973"}],"up":[{"embeddable":true,"href":"https:\/\/veda.polac.cz\/index.php?rest_route=\/wp\/v2\/pages\/1633"}],"wp:attachment":[{"href":"https:\/\/veda.polac.cz\/index.php?rest_route=%2Fwp%2Fv2%2Fmedia&parent=2930"}],"curies":[{"name":"wp","href":"https:\/\/api.w.org\/{rel}","templated":true}]}}