{"id":2928,"date":"2019-04-19T06:52:36","date_gmt":"2019-04-19T06:52:36","guid":{"rendered":"http:\/\/veda.polac.cz\/?page_id=2928"},"modified":"2019-04-19T07:17:44","modified_gmt":"2019-04-19T07:17:44","slug":"1-2","status":"publish","type":"page","link":"https:\/\/veda.polac.cz\/?page_id=2928","title":{"rendered":""},"content":{"rendered":"<p style=\"text-align: center;\">Resum\u00e9 \u010dl\u00e1nku<\/p>\n<p><b>Kriminalistika a forenzn\u00ed discipl\u00edny &#8211; aktu\u00e1ln\u00ed ot\u00e1zky<\/b><br \/>\n<i>prof. PhDr. Ji\u0159\u00ed Straus, DrSc.<br \/>\n<\/i><\/p>\n<p>V p\u0159\u00edsp\u011bvku je pojedn\u00e1no o kriminalistice a forenzn\u00edch v\u011bd\u00e1ch v\u00a0sou\u010dasn\u00e9 etap\u011b v\u00fdvoje. Autor stru\u010dn\u011b pojedn\u00e1v\u00e1 o aktu\u00e1ln\u00edch ot\u00e1zk\u00e1ch dal\u0161\u00edho rozvoje forenzn\u00edch discipl\u00edn a p\u0159edm\u011btu a syst\u00e9mu kriminalistiky. Syst\u00e9m kriminalistiky je pod\u00e1n v\u00a0historick\u00e9m p\u0159ehledu a autor uv\u00e1d\u00ed, \u017ee jednotliv\u00e9 \u010d\u00e1sti kriminalistick\u00e9 v\u011bdy jsou nerovnom\u011brn\u011b rozv\u00edjeny. Uv\u00e1d\u00ed pohled na p\u0159\u00edrodov\u011bdn\u00e9 a technick\u00e9 aspekty kriminalistiky a uv\u00e1d\u00ed jejich vztah k\u00a0p\u0159edm\u011btu kriminalistiky. D\u00edl\u010d\u00ed \u010d\u00e1sti kriminalistiky komparuje i s\u00a0pohledem zahrani\u010dn\u00edch autor\u016f. Rozvoj kriminalistick\u00e9 v\u011bdy, je z\u00e1visl\u00fd nejen na rozvoji aplikovan\u00e9ho, empirick\u00e9ho v\u00fdzkumu, ale je nutn\u00e9 teoreticky rozv\u00edjet z\u00e1kladn\u00ed kriminalistick\u00e9 kategorie a metodologii kriminalistiky.<br \/>\n<b>Kl\u00ed\u010dov\u00e1 slova:<\/b>\u00a0kriminalistika, forenzn\u00ed discipl\u00edny, kriminalistick\u00e1 v\u011bda, kriminalisticko-technick\u00e9 metody, forenzn\u00ed biomechanika, syst\u00e9m kriminalistiky.<\/p>\n<hr \/>\n<p><a href=\"https:\/\/veda.polac.cz\/?page_id=1633\">Zp\u011bt<\/a><\/p>\n","protected":false},"excerpt":{"rendered":"<p>Resum\u00e9 \u010dl\u00e1nku Kriminalistika a forenzn\u00ed discipl\u00edny &#8211; aktu\u00e1ln\u00ed ot\u00e1zky prof. PhDr. Ji\u0159\u00ed Straus, DrSc. V p\u0159\u00edsp\u011bvku je pojedn\u00e1no o kriminalistice a forenzn\u00edch v\u011bd\u00e1ch v\u00a0sou\u010dasn\u00e9 etap\u011b v\u00fdvoje. Autor stru\u010dn\u011b pojedn\u00e1v\u00e1 o aktu\u00e1ln\u00edch ot\u00e1zk\u00e1ch dal\u0161\u00edho rozvoje forenzn\u00edch discipl\u00edn a p\u0159edm\u011btu a syst\u00e9mu kriminalistiky. Syst\u00e9m kriminalistiky je pod\u00e1n v\u00a0historick\u00e9m p\u0159ehledu a autor uv\u00e1d\u00ed, \u017ee jednotliv\u00e9 \u010d\u00e1sti kriminalistick\u00e9 v\u011bdy [&hellip;]<\/p>\n","protected":false},"author":2,"featured_media":0,"parent":1633,"menu_order":0,"comment_status":"closed","ping_status":"closed","template":"","meta":{"footnotes":""},"class_list":["post-2928","page","type-page","status-publish","hentry"],"_links":{"self":[{"href":"https:\/\/veda.polac.cz\/index.php?rest_route=\/wp\/v2\/pages\/2928","targetHints":{"allow":["GET"]}}],"collection":[{"href":"https:\/\/veda.polac.cz\/index.php?rest_route=\/wp\/v2\/pages"}],"about":[{"href":"https:\/\/veda.polac.cz\/index.php?rest_route=\/wp\/v2\/types\/page"}],"author":[{"embeddable":true,"href":"https:\/\/veda.polac.cz\/index.php?rest_route=\/wp\/v2\/users\/2"}],"replies":[{"embeddable":true,"href":"https:\/\/veda.polac.cz\/index.php?rest_route=%2Fwp%2Fv2%2Fcomments&post=2928"}],"version-history":[{"count":2,"href":"https:\/\/veda.polac.cz\/index.php?rest_route=\/wp\/v2\/pages\/2928\/revisions"}],"predecessor-version":[{"id":2967,"href":"https:\/\/veda.polac.cz\/index.php?rest_route=\/wp\/v2\/pages\/2928\/revisions\/2967"}],"up":[{"embeddable":true,"href":"https:\/\/veda.polac.cz\/index.php?rest_route=\/wp\/v2\/pages\/1633"}],"wp:attachment":[{"href":"https:\/\/veda.polac.cz\/index.php?rest_route=%2Fwp%2Fv2%2Fmedia&parent=2928"}],"curies":[{"name":"wp","href":"https:\/\/api.w.org\/{rel}","templated":true}]}}