{"id":292,"date":"2018-09-08T13:04:52","date_gmt":"2018-09-08T13:04:52","guid":{"rendered":"http:\/\/veda.polac.cz\/?page_id=292"},"modified":"2018-11-02T22:37:46","modified_gmt":"2018-11-02T22:37:46","slug":"292-2","status":"publish","type":"page","link":"https:\/\/veda.polac.cz\/?page_id=292","title":{"rendered":""},"content":{"rendered":"<p style=\"text-align: center;\">Resum\u00e9 \u010dl\u00e1nku<\/p>\n<p><strong>Vn\u00edm\u00e1n\u00ed relevance bezpe\u010dnostn\u00edch hrozeb<\/strong><br \/>\n<em>Mgr. Lenka Jakubcov\u00e1, prof. Ing. Bed\u0159ich \u0160est\u00e1k, DrSc., Policejn\u00ed akademie \u010cR v Praze, Fakulta bezpe\u010dnostn\u00edho managementu, katedra krizov\u00e9ho \u0159\u00edzen\u00ed<\/em><br \/>\n<em>Dr. Zden\u011bk Kova\u0159\u00edk, CSc., Policejn\u00ed akademie \u010cR v Praze, odd\u011blen\u00ed v\u011bdy a v\u00fdzkumu<\/em><\/p>\n<p>P\u0159edlo\u017een\u00fd \u010dl\u00e1nek se zaob\u00edr\u00e1 vybran\u00fdmi determinantami, kter\u00e9 ovliv\u0148uj\u00ed vn\u00edm\u00e1n\u00ed relevance bezpe\u010dnostn\u00edch hrozeb pro \u010ceskou republiku. V\u00fdsledky anal\u00fdzy vych\u00e1zej\u00ed z empirick\u00e9ho v\u00fdzkumu, jeho\u017e se z\u00fa\u010dastnilo celkem 127 respondent\u016f s r\u016fznou profesn\u00ed orientac\u00ed v bezpe\u010dnostn\u00ed oblasti. Zji\u0161t\u011bn\u00ed exaktn\u011b prokazateln\u00e9ho vlivu profesn\u00ed orientace bylo uskute\u010dn\u011bno porovn\u00e1n\u00edm v\u011bcn\u011b v\u00fdznamn\u00fdch efekt\u016f vlivu profesn\u00ed orientace na jednotliv\u00e1 faktorov\u00e1 sk\u00f3re p\u011bti spole\u010dn\u00fdch faktor\u016f (v podob\u011b T-sk\u00f3re) dle indexu Jacoba Cohena, s doln\u00ed hranic\u00ed indexu d ?\u00a0 0,5.<br \/>\n<strong>Kl\u00ed\u010dov\u00e1 slova:<\/strong>\u00a0Bezpe\u010dnostn\u00ed hrozby, faktorov\u00e1 sk\u00f3re, v\u011bcn\u00e1 v\u00fdznamnost, indexy v\u011bcn\u00e9 v\u00fdznamnosti, Cohenovo d.<\/p>\n<p><a href=\"https:\/\/veda.polac.cz\/?page_id=94\">04\/2017<\/a><\/p>\n","protected":false},"excerpt":{"rendered":"<p>Resum\u00e9 \u010dl\u00e1nku Vn\u00edm\u00e1n\u00ed relevance bezpe\u010dnostn\u00edch hrozeb Mgr. Lenka Jakubcov\u00e1, prof. Ing. Bed\u0159ich \u0160est\u00e1k, DrSc., Policejn\u00ed akademie \u010cR v Praze, Fakulta bezpe\u010dnostn\u00edho managementu, katedra krizov\u00e9ho \u0159\u00edzen\u00ed Dr. Zden\u011bk Kova\u0159\u00edk, CSc., Policejn\u00ed akademie \u010cR v Praze, odd\u011blen\u00ed v\u011bdy a v\u00fdzkumu P\u0159edlo\u017een\u00fd \u010dl\u00e1nek se zaob\u00edr\u00e1 vybran\u00fdmi determinantami, kter\u00e9 ovliv\u0148uj\u00ed vn\u00edm\u00e1n\u00ed relevance bezpe\u010dnostn\u00edch hrozeb pro \u010ceskou republiku. V\u00fdsledky anal\u00fdzy [&hellip;]<\/p>\n","protected":false},"author":2,"featured_media":0,"parent":94,"menu_order":5,"comment_status":"closed","ping_status":"closed","template":"","meta":{"footnotes":""},"class_list":["post-292","page","type-page","status-publish","hentry"],"_links":{"self":[{"href":"https:\/\/veda.polac.cz\/index.php?rest_route=\/wp\/v2\/pages\/292","targetHints":{"allow":["GET"]}}],"collection":[{"href":"https:\/\/veda.polac.cz\/index.php?rest_route=\/wp\/v2\/pages"}],"about":[{"href":"https:\/\/veda.polac.cz\/index.php?rest_route=\/wp\/v2\/types\/page"}],"author":[{"embeddable":true,"href":"https:\/\/veda.polac.cz\/index.php?rest_route=\/wp\/v2\/users\/2"}],"replies":[{"embeddable":true,"href":"https:\/\/veda.polac.cz\/index.php?rest_route=%2Fwp%2Fv2%2Fcomments&post=292"}],"version-history":[{"count":4,"href":"https:\/\/veda.polac.cz\/index.php?rest_route=\/wp\/v2\/pages\/292\/revisions"}],"predecessor-version":[{"id":417,"href":"https:\/\/veda.polac.cz\/index.php?rest_route=\/wp\/v2\/pages\/292\/revisions\/417"}],"up":[{"embeddable":true,"href":"https:\/\/veda.polac.cz\/index.php?rest_route=\/wp\/v2\/pages\/94"}],"wp:attachment":[{"href":"https:\/\/veda.polac.cz\/index.php?rest_route=%2Fwp%2Fv2%2Fmedia&parent=292"}],"curies":[{"name":"wp","href":"https:\/\/api.w.org\/{rel}","templated":true}]}}