{"id":2912,"date":"2019-04-19T06:46:31","date_gmt":"2019-04-19T06:46:31","guid":{"rendered":"http:\/\/veda.polac.cz\/?page_id=2912"},"modified":"2019-04-19T06:48:32","modified_gmt":"2019-04-19T06:48:32","slug":"11-2","status":"publish","type":"page","link":"https:\/\/veda.polac.cz\/?page_id=2912","title":{"rendered":""},"content":{"rendered":"<p style=\"text-align: center;\">Resum\u00e9 \u010dl\u00e1nku<\/p>\n<p style=\"font-weight: 400;\"><strong>N\u011bkolik pozn\u00e1mek k\u00a0\u00faloze Policie \u010cesk\u00e9 republiky p\u0159i hromadn\u00fdch<br \/>\nnaru\u0161en\u00edch ve\u0159ejn\u00e9ho po\u0159\u00e1dku<\/strong><br \/>\n<em>doc. JUDr. Anton\u00edn Fil\u00e1k, CSc., Mgr. Zden\u011bk Chmela<\/em><\/p>\n<p style=\"font-weight: 400;\">Auto\u0159i se ve sv\u00e9m \u010dl\u00e1nku zab\u00fdvaj\u00ed problematikou postaven\u00ed a \u00falohy Policie \u010cesk\u00e9 republiky p\u0159i hromadn\u00fdch naru\u0161en\u00edch ve\u0159ejn\u00e9ho po\u0159\u00e1dku. V\u00a0\u00favodn\u00ed \u010d\u00e1sti poukazuj\u00ed na vazbu zkouman\u00e9 problematiky na zn\u011bn\u00ed \u00dastavy a Listiny z\u00e1kladn\u00edch pr\u00e1v a svobod. Akcent je polo\u017een na anal\u00fdzu z\u00e1k. \u010d. 84\/1990 Sb., o pr\u00e1vu shroma\u017e\u010fovac\u00edm a zm\u011bny, kter\u00e9 nast\u00e1vaj\u00ed k\u00a01.\u00a01.\u00a02009 schv\u00e1len\u00edm z\u00e1k. \u010d. 274\/2008 Sb., kter\u00fdm se m\u011bn\u00ed n\u011bkter\u00e9 z\u00e1kony v\u00a0souvislosti s\u00a0p\u0159ijet\u00edm z\u00e1kona o Policii \u010cesk\u00e9 republiky. Mimo z\u00e1konnou pr\u00e1vn\u00ed \u00fapravu v\u011bnuj\u00ed tak\u00e9 pozornost n\u011bkter\u00fdm intern\u00edm normativn\u00edm instrukc\u00edm, kter\u00e9 danou oblast v\u00a0sou\u010dasn\u00e9 dob\u011b upravuj\u00ed.<br \/>\n<strong>Kl\u00ed\u010dov\u00e1 slova:\u00a0<\/strong>hromadn\u00e9 naru\u0161en\u00ed ve\u0159ejn\u00e9ho po\u0159\u00e1dku,<strong>\u00a0<\/strong>ve\u0159ejn\u00fd po\u0159\u00e1dek, shrom\u00e1\u017ed\u011bn\u00ed, shroma\u017e\u010fovac\u00ed pr\u00e1vo.<\/p>\n<hr \/>\n<p><a href=\"https:\/\/veda.polac.cz\/?page_id=1636\">Zp\u011bt<\/a><\/p>\n","protected":false},"excerpt":{"rendered":"<p>Resum\u00e9 \u010dl\u00e1nku N\u011bkolik pozn\u00e1mek k\u00a0\u00faloze Policie \u010cesk\u00e9 republiky p\u0159i hromadn\u00fdch naru\u0161en\u00edch ve\u0159ejn\u00e9ho po\u0159\u00e1dku doc. JUDr. Anton\u00edn Fil\u00e1k, CSc., Mgr. Zden\u011bk Chmela Auto\u0159i se ve sv\u00e9m \u010dl\u00e1nku zab\u00fdvaj\u00ed problematikou postaven\u00ed a \u00falohy Policie \u010cesk\u00e9 republiky p\u0159i hromadn\u00fdch naru\u0161en\u00edch ve\u0159ejn\u00e9ho po\u0159\u00e1dku. V\u00a0\u00favodn\u00ed \u010d\u00e1sti poukazuj\u00ed na vazbu zkouman\u00e9 problematiky na zn\u011bn\u00ed \u00dastavy a Listiny z\u00e1kladn\u00edch pr\u00e1v a svobod. [&hellip;]<\/p>\n","protected":false},"author":2,"featured_media":0,"parent":1636,"menu_order":0,"comment_status":"closed","ping_status":"closed","template":"","meta":{"footnotes":""},"class_list":["post-2912","page","type-page","status-publish","hentry"],"_links":{"self":[{"href":"https:\/\/veda.polac.cz\/index.php?rest_route=\/wp\/v2\/pages\/2912","targetHints":{"allow":["GET"]}}],"collection":[{"href":"https:\/\/veda.polac.cz\/index.php?rest_route=\/wp\/v2\/pages"}],"about":[{"href":"https:\/\/veda.polac.cz\/index.php?rest_route=\/wp\/v2\/types\/page"}],"author":[{"embeddable":true,"href":"https:\/\/veda.polac.cz\/index.php?rest_route=\/wp\/v2\/users\/2"}],"replies":[{"embeddable":true,"href":"https:\/\/veda.polac.cz\/index.php?rest_route=%2Fwp%2Fv2%2Fcomments&post=2912"}],"version-history":[{"count":2,"href":"https:\/\/veda.polac.cz\/index.php?rest_route=\/wp\/v2\/pages\/2912\/revisions"}],"predecessor-version":[{"id":2917,"href":"https:\/\/veda.polac.cz\/index.php?rest_route=\/wp\/v2\/pages\/2912\/revisions\/2917"}],"up":[{"embeddable":true,"href":"https:\/\/veda.polac.cz\/index.php?rest_route=\/wp\/v2\/pages\/1636"}],"wp:attachment":[{"href":"https:\/\/veda.polac.cz\/index.php?rest_route=%2Fwp%2Fv2%2Fmedia&parent=2912"}],"curies":[{"name":"wp","href":"https:\/\/api.w.org\/{rel}","templated":true}]}}