{"id":2905,"date":"2019-04-19T06:42:07","date_gmt":"2019-04-19T06:42:07","guid":{"rendered":"http:\/\/veda.polac.cz\/?page_id=2905"},"modified":"2019-04-19T06:48:29","modified_gmt":"2019-04-19T06:48:29","slug":"10-2","status":"publish","type":"page","link":"https:\/\/veda.polac.cz\/?page_id=2905","title":{"rendered":""},"content":{"rendered":"<p style=\"text-align: center;\">Resum\u00e9 \u010dl\u00e1nku<\/p>\n<p><b>Drogov\u00e1 kriminalita vietnamsk\u00e9ho organizovan\u00e9ho zlo\u010dinu v\u00a0\u010cesk\u00e9 republice<\/b><br \/>\n<em>Bc. Tom\u00e1\u0161 Vl\u010dek<\/em><\/p>\n<p>Text analyzuje stav drogov\u00e9 kriminality vietnamsk\u00e9ho organizovan\u00e9ho zlo\u010dinu v\u00a0are\u00e1lu \u010cesk\u00e9 republiky. Rozsah vietnamsk\u00fdch neleg\u00e1ln\u00edch aktivit se v\u00a0posledn\u00edch letech rapidn\u011b roz\u0161i\u0159uje a z\u00e1rove\u0148 standardizuje a drogy se st\u00e1vaj\u00ed jejich kl\u00ed\u010dovou sou\u010d\u00e1st\u00ed.<br \/>\n<b>Kl\u00ed\u010dov\u00e1 slova<\/b>: organizovan\u00fd zlo\u010din, vietnamsk\u00fd organizovan\u00fd zlo\u010din, drogy, \u010cesk\u00e1 republika.<\/p>\n<hr \/>\n<p><a href=\"https:\/\/veda.polac.cz\/?page_id=1636\">Zp\u011bt<\/a><\/p>\n","protected":false},"excerpt":{"rendered":"<p>Resum\u00e9 \u010dl\u00e1nku Drogov\u00e1 kriminalita vietnamsk\u00e9ho organizovan\u00e9ho zlo\u010dinu v\u00a0\u010cesk\u00e9 republice Bc. Tom\u00e1\u0161 Vl\u010dek Text analyzuje stav drogov\u00e9 kriminality vietnamsk\u00e9ho organizovan\u00e9ho zlo\u010dinu v\u00a0are\u00e1lu \u010cesk\u00e9 republiky. Rozsah vietnamsk\u00fdch neleg\u00e1ln\u00edch aktivit se v\u00a0posledn\u00edch letech rapidn\u011b roz\u0161i\u0159uje a z\u00e1rove\u0148 standardizuje a drogy se st\u00e1vaj\u00ed jejich kl\u00ed\u010dovou sou\u010d\u00e1st\u00ed. Kl\u00ed\u010dov\u00e1 slova: organizovan\u00fd zlo\u010din, vietnamsk\u00fd organizovan\u00fd zlo\u010din, drogy, \u010cesk\u00e1 republika. Zp\u011bt<\/p>\n","protected":false},"author":2,"featured_media":0,"parent":1636,"menu_order":0,"comment_status":"closed","ping_status":"closed","template":"","meta":{"footnotes":""},"class_list":["post-2905","page","type-page","status-publish","hentry"],"_links":{"self":[{"href":"https:\/\/veda.polac.cz\/index.php?rest_route=\/wp\/v2\/pages\/2905","targetHints":{"allow":["GET"]}}],"collection":[{"href":"https:\/\/veda.polac.cz\/index.php?rest_route=\/wp\/v2\/pages"}],"about":[{"href":"https:\/\/veda.polac.cz\/index.php?rest_route=\/wp\/v2\/types\/page"}],"author":[{"embeddable":true,"href":"https:\/\/veda.polac.cz\/index.php?rest_route=\/wp\/v2\/users\/2"}],"replies":[{"embeddable":true,"href":"https:\/\/veda.polac.cz\/index.php?rest_route=%2Fwp%2Fv2%2Fcomments&post=2905"}],"version-history":[{"count":2,"href":"https:\/\/veda.polac.cz\/index.php?rest_route=\/wp\/v2\/pages\/2905\/revisions"}],"predecessor-version":[{"id":2916,"href":"https:\/\/veda.polac.cz\/index.php?rest_route=\/wp\/v2\/pages\/2905\/revisions\/2916"}],"up":[{"embeddable":true,"href":"https:\/\/veda.polac.cz\/index.php?rest_route=\/wp\/v2\/pages\/1636"}],"wp:attachment":[{"href":"https:\/\/veda.polac.cz\/index.php?rest_route=%2Fwp%2Fv2%2Fmedia&parent=2905"}],"curies":[{"name":"wp","href":"https:\/\/api.w.org\/{rel}","templated":true}]}}