{"id":2901,"date":"2019-04-19T06:40:56","date_gmt":"2019-04-19T06:40:56","guid":{"rendered":"http:\/\/veda.polac.cz\/?page_id=2901"},"modified":"2019-04-19T06:49:13","modified_gmt":"2019-04-19T06:49:13","slug":"9-2","status":"publish","type":"page","link":"https:\/\/veda.polac.cz\/?page_id=2901","title":{"rendered":""},"content":{"rendered":"<p style=\"text-align: center;\">Resum\u00e9 \u010dl\u00e1nku<\/p>\n<p><b>Zvl\u00e1\u0161tnosti viktimizace v p\u0159\u00edpadech poh\u0159e\u0161ov\u00e1n\u00ed d\u00edt\u011bte<\/b><br \/>\n<em>doc. PhDr. Ludmila \u010c\u00edrtkov\u00e1, CSc<\/em><\/p>\n<p>\u010cl\u00e1nek se zab\u00fdv\u00e1 t\u00e9matikou ztracen\u00fdch a poh\u0159e\u0161ovan\u00fdch d\u011bt\u00ed. Je roz\u010dlen\u011bn na t\u0159i \u010d\u00e1sti. V\u00a0prvn\u00ed \u010d\u00e1sti autorka uv\u00e1d\u00ed p\u0159ehled situac\u00ed spojen\u00fdch se zmizen\u00edm a\u00a0poh\u0159e\u0161ov\u00e1n\u00edm d\u00edt\u011bte. V\u00a0druh\u00e9 \u010d\u00e1sti charakterizuje podstatu traumatu rodi\u010d\u016f, kte\u0159\u00ed poh\u0159e\u0161uj\u00ed d\u00edt\u011b. Ve t\u0159et\u00ed \u010d\u00e1sti popisuje dynamiku pro\u017e\u00edv\u00e1n\u00ed rodi\u010d\u016f, kte\u0159\u00ed se vyrovn\u00e1vaj\u00ed se zmizen\u00edm a dlouhodobou nep\u0159\u00edtomnost\u00ed d\u00edt\u011bte.<br \/>\n<b>Kl\u00ed\u010dov\u00e1 slova<\/b>: poh\u0159e\u0161ovan\u00ed d\u00edt\u011bte, viktimizace, trauma rodi\u010d\u016f, vyrovn\u00e1v\u00e1n\u00ed se se ztr\u00e1tou d\u00edt\u011bte.<\/p>\n<hr \/>\n<p><a href=\"https:\/\/veda.polac.cz\/?page_id=1636\">Zp\u011bt<\/a><\/p>\n","protected":false},"excerpt":{"rendered":"<p>Resum\u00e9 \u010dl\u00e1nku Zvl\u00e1\u0161tnosti viktimizace v p\u0159\u00edpadech poh\u0159e\u0161ov\u00e1n\u00ed d\u00edt\u011bte doc. PhDr. Ludmila \u010c\u00edrtkov\u00e1, CSc \u010cl\u00e1nek se zab\u00fdv\u00e1 t\u00e9matikou ztracen\u00fdch a poh\u0159e\u0161ovan\u00fdch d\u011bt\u00ed. Je roz\u010dlen\u011bn na t\u0159i \u010d\u00e1sti. V\u00a0prvn\u00ed \u010d\u00e1sti autorka uv\u00e1d\u00ed p\u0159ehled situac\u00ed spojen\u00fdch se zmizen\u00edm a\u00a0poh\u0159e\u0161ov\u00e1n\u00edm d\u00edt\u011bte. V\u00a0druh\u00e9 \u010d\u00e1sti charakterizuje podstatu traumatu rodi\u010d\u016f, kte\u0159\u00ed poh\u0159e\u0161uj\u00ed d\u00edt\u011b. Ve t\u0159et\u00ed \u010d\u00e1sti popisuje dynamiku pro\u017e\u00edv\u00e1n\u00ed rodi\u010d\u016f, kte\u0159\u00ed se [&hellip;]<\/p>\n","protected":false},"author":2,"featured_media":0,"parent":1636,"menu_order":0,"comment_status":"closed","ping_status":"closed","template":"","meta":{"footnotes":""},"class_list":["post-2901","page","type-page","status-publish","hentry"],"_links":{"self":[{"href":"https:\/\/veda.polac.cz\/index.php?rest_route=\/wp\/v2\/pages\/2901","targetHints":{"allow":["GET"]}}],"collection":[{"href":"https:\/\/veda.polac.cz\/index.php?rest_route=\/wp\/v2\/pages"}],"about":[{"href":"https:\/\/veda.polac.cz\/index.php?rest_route=\/wp\/v2\/types\/page"}],"author":[{"embeddable":true,"href":"https:\/\/veda.polac.cz\/index.php?rest_route=\/wp\/v2\/users\/2"}],"replies":[{"embeddable":true,"href":"https:\/\/veda.polac.cz\/index.php?rest_route=%2Fwp%2Fv2%2Fcomments&post=2901"}],"version-history":[{"count":2,"href":"https:\/\/veda.polac.cz\/index.php?rest_route=\/wp\/v2\/pages\/2901\/revisions"}],"predecessor-version":[{"id":2925,"href":"https:\/\/veda.polac.cz\/index.php?rest_route=\/wp\/v2\/pages\/2901\/revisions\/2925"}],"up":[{"embeddable":true,"href":"https:\/\/veda.polac.cz\/index.php?rest_route=\/wp\/v2\/pages\/1636"}],"wp:attachment":[{"href":"https:\/\/veda.polac.cz\/index.php?rest_route=%2Fwp%2Fv2%2Fmedia&parent=2901"}],"curies":[{"name":"wp","href":"https:\/\/api.w.org\/{rel}","templated":true}]}}