{"id":2899,"date":"2019-04-19T06:38:52","date_gmt":"2019-04-19T06:38:52","guid":{"rendered":"http:\/\/veda.polac.cz\/?page_id=2899"},"modified":"2019-04-19T06:48:49","modified_gmt":"2019-04-19T06:48:49","slug":"8-2","status":"publish","type":"page","link":"https:\/\/veda.polac.cz\/?page_id=2899","title":{"rendered":""},"content":{"rendered":"<p style=\"text-align: center;\">Resum\u00e9 \u010dl\u00e1nku<\/p>\n<p><b>Mo\u017enosti vyu\u017eit\u00ed anal\u00fdzy z\u00e1znamu ch\u016fze pro identifikaci osob podle individu\u00e1ln\u00edch funk\u010dn\u00edch a\u00a0dynamick\u00fdch charakteristick\u00fdch znak\u016f<br \/>\n<\/b><em>prof. JUDr. Ing. Viktor Porada, DrSc., doc. RNDr. Miroslav Janura, CSc.,<\/em><br \/>\n<em>Mgr. Zden\u011bk Svoboda, Ph.D.<\/em><\/p>\n<p>Metodika identifikace osob pomoc\u00ed videoz\u00e1znam\u016f se zam\u011b\u0159en\u00edm na variabilitu parametr\u016f ch\u016fze pohybov\u00fdch vzor\u016f \u010dlov\u011bka je mo\u017en\u00e1 na z\u00e1klad\u011b\u00a0 p\u0159\u00edstup\u016f, kter\u00e9 bylo nutno v\u00a0p\u0159edstihu vytvo\u0159it a zvl\u00e1dnout. C\u00edlem tohoto sd\u011blen\u00ed je posouzen\u00ed vliv\u016f, kter\u00e9 se pod\u00edl\u00ed na zp\u016fsobu proveden\u00ed ch\u016fze \u010dlov\u011bka a\u00a0ur\u010den\u00ed parametr\u016f v\u00a0procesu vyhodnocen\u00ed z\u00e1znamu pohybu a zpracov\u00e1n\u00ed dat, kter\u00e9 mohou v\u00e9st ke zkreslen\u00ed z\u00edskan\u00fdch hodnot p\u0159ed\u00e1van\u00fdch do praxe.<br \/>\n<strong>Kl\u00ed\u010dov\u00e1 slova:<\/strong>\u00a0metodika identifikace osob, rychlost ch\u016fze, kinematick\u00e1 anal\u00fdza ch\u016fze, lokomoce.<\/p>\n<hr \/>\n<p><a href=\"https:\/\/veda.polac.cz\/?page_id=1636\">Zp\u011bt<\/a><\/p>\n","protected":false},"excerpt":{"rendered":"<p>Resum\u00e9 \u010dl\u00e1nku Mo\u017enosti vyu\u017eit\u00ed anal\u00fdzy z\u00e1znamu ch\u016fze pro identifikaci osob podle individu\u00e1ln\u00edch funk\u010dn\u00edch a\u00a0dynamick\u00fdch charakteristick\u00fdch znak\u016f prof. JUDr. Ing. Viktor Porada, DrSc., doc. RNDr. Miroslav Janura, CSc., Mgr. Zden\u011bk Svoboda, Ph.D. Metodika identifikace osob pomoc\u00ed videoz\u00e1znam\u016f se zam\u011b\u0159en\u00edm na variabilitu parametr\u016f ch\u016fze pohybov\u00fdch vzor\u016f \u010dlov\u011bka je mo\u017en\u00e1 na z\u00e1klad\u011b\u00a0 p\u0159\u00edstup\u016f, kter\u00e9 bylo nutno v\u00a0p\u0159edstihu vytvo\u0159it [&hellip;]<\/p>\n","protected":false},"author":2,"featured_media":0,"parent":1636,"menu_order":0,"comment_status":"closed","ping_status":"closed","template":"","meta":{"footnotes":""},"class_list":["post-2899","page","type-page","status-publish","hentry"],"_links":{"self":[{"href":"https:\/\/veda.polac.cz\/index.php?rest_route=\/wp\/v2\/pages\/2899","targetHints":{"allow":["GET"]}}],"collection":[{"href":"https:\/\/veda.polac.cz\/index.php?rest_route=\/wp\/v2\/pages"}],"about":[{"href":"https:\/\/veda.polac.cz\/index.php?rest_route=\/wp\/v2\/types\/page"}],"author":[{"embeddable":true,"href":"https:\/\/veda.polac.cz\/index.php?rest_route=\/wp\/v2\/users\/2"}],"replies":[{"embeddable":true,"href":"https:\/\/veda.polac.cz\/index.php?rest_route=%2Fwp%2Fv2%2Fcomments&post=2899"}],"version-history":[{"count":2,"href":"https:\/\/veda.polac.cz\/index.php?rest_route=\/wp\/v2\/pages\/2899\/revisions"}],"predecessor-version":[{"id":2924,"href":"https:\/\/veda.polac.cz\/index.php?rest_route=\/wp\/v2\/pages\/2899\/revisions\/2924"}],"up":[{"embeddable":true,"href":"https:\/\/veda.polac.cz\/index.php?rest_route=\/wp\/v2\/pages\/1636"}],"wp:attachment":[{"href":"https:\/\/veda.polac.cz\/index.php?rest_route=%2Fwp%2Fv2%2Fmedia&parent=2899"}],"curies":[{"name":"wp","href":"https:\/\/api.w.org\/{rel}","templated":true}]}}