{"id":2893,"date":"2019-04-19T06:33:51","date_gmt":"2019-04-19T06:33:51","guid":{"rendered":"http:\/\/veda.polac.cz\/?page_id=2893"},"modified":"2019-04-19T06:48:47","modified_gmt":"2019-04-19T06:48:47","slug":"7-2","status":"publish","type":"page","link":"https:\/\/veda.polac.cz\/?page_id=2893","title":{"rendered":""},"content":{"rendered":"<p style=\"text-align: center;\">Resum\u00e9 \u010dl\u00e1nku<\/p>\n<p><b>Vyu\u017eit\u00ed dynamick\u00e9ho z\u00e1znamu z kamerov\u00e9ho syst\u00e9mu p\u0159i identifikaci osob<br \/>\n<\/b><em>Ing. Ji\u0159\u00ed Jon\u00e1k, Ph.D,\u00a0\u00a0prof. PhDr. Ji\u0159\u00ed Straus, DrSc.<\/em><\/p>\n<p>\u010cl\u00e1nek seznamuje s\u00a0n\u011bkter\u00fdmi mo\u017enostmi vyu\u017eit\u00ed z\u00e1znam\u016f z\u00a0bezpe\u010dnostn\u00edch kamer pro forenzn\u00ed pot\u0159eby. Zaj\u00edmav\u00fd je zp\u016fsob vyu\u017eit\u00ed kamerov\u00e9ho z\u00e1znamu, o\u00a0kter\u00e9m se p\u0159edpokl\u00e1dalo, \u017ee bude pro vy\u0161et\u0159ov\u00e1n\u00ed a soudn\u00ed \u0159\u00edzen\u00ed neupot\u0159ebiteln\u00fd.<br \/>\n<b>Kl\u00ed\u010dov\u00e1 slova:\u00a0<\/b>kamerov\u00fd z\u00e1znam, vkop\u00edrov\u00e1n\u00ed obr\u00e1zk\u016f do sebe, v\u00fdpo\u010det v\u00fd\u0161ky postavy, porovn\u00e1n\u00ed v\u00fd\u0161ky postav.<\/p>\n<hr \/>\n<p><a href=\"https:\/\/veda.polac.cz\/?page_id=1636\">Zp\u011bt<\/a><\/p>\n","protected":false},"excerpt":{"rendered":"<p>Resum\u00e9 \u010dl\u00e1nku Vyu\u017eit\u00ed dynamick\u00e9ho z\u00e1znamu z kamerov\u00e9ho syst\u00e9mu p\u0159i identifikaci osob Ing. Ji\u0159\u00ed Jon\u00e1k, Ph.D,\u00a0\u00a0prof. PhDr. Ji\u0159\u00ed Straus, DrSc. \u010cl\u00e1nek seznamuje s\u00a0n\u011bkter\u00fdmi mo\u017enostmi vyu\u017eit\u00ed z\u00e1znam\u016f z\u00a0bezpe\u010dnostn\u00edch kamer pro forenzn\u00ed pot\u0159eby. Zaj\u00edmav\u00fd je zp\u016fsob vyu\u017eit\u00ed kamerov\u00e9ho z\u00e1znamu, o\u00a0kter\u00e9m se p\u0159edpokl\u00e1dalo, \u017ee bude pro vy\u0161et\u0159ov\u00e1n\u00ed a soudn\u00ed \u0159\u00edzen\u00ed neupot\u0159ebiteln\u00fd. Kl\u00ed\u010dov\u00e1 slova:\u00a0kamerov\u00fd z\u00e1znam, vkop\u00edrov\u00e1n\u00ed obr\u00e1zk\u016f do sebe, v\u00fdpo\u010det [&hellip;]<\/p>\n","protected":false},"author":2,"featured_media":0,"parent":1636,"menu_order":0,"comment_status":"closed","ping_status":"closed","template":"","meta":{"footnotes":""},"class_list":["post-2893","page","type-page","status-publish","hentry"],"_links":{"self":[{"href":"https:\/\/veda.polac.cz\/index.php?rest_route=\/wp\/v2\/pages\/2893","targetHints":{"allow":["GET"]}}],"collection":[{"href":"https:\/\/veda.polac.cz\/index.php?rest_route=\/wp\/v2\/pages"}],"about":[{"href":"https:\/\/veda.polac.cz\/index.php?rest_route=\/wp\/v2\/types\/page"}],"author":[{"embeddable":true,"href":"https:\/\/veda.polac.cz\/index.php?rest_route=\/wp\/v2\/users\/2"}],"replies":[{"embeddable":true,"href":"https:\/\/veda.polac.cz\/index.php?rest_route=%2Fwp%2Fv2%2Fcomments&post=2893"}],"version-history":[{"count":2,"href":"https:\/\/veda.polac.cz\/index.php?rest_route=\/wp\/v2\/pages\/2893\/revisions"}],"predecessor-version":[{"id":2923,"href":"https:\/\/veda.polac.cz\/index.php?rest_route=\/wp\/v2\/pages\/2893\/revisions\/2923"}],"up":[{"embeddable":true,"href":"https:\/\/veda.polac.cz\/index.php?rest_route=\/wp\/v2\/pages\/1636"}],"wp:attachment":[{"href":"https:\/\/veda.polac.cz\/index.php?rest_route=%2Fwp%2Fv2%2Fmedia&parent=2893"}],"curies":[{"name":"wp","href":"https:\/\/api.w.org\/{rel}","templated":true}]}}