{"id":2889,"date":"2019-04-19T06:31:08","date_gmt":"2019-04-19T06:31:08","guid":{"rendered":"http:\/\/veda.polac.cz\/?page_id=2889"},"modified":"2019-04-19T06:48:42","modified_gmt":"2019-04-19T06:48:42","slug":"5-2","status":"publish","type":"page","link":"https:\/\/veda.polac.cz\/?page_id=2889","title":{"rendered":""},"content":{"rendered":"<p style=\"text-align: center;\">Resum\u00e9 \u010dl\u00e1nku<\/p>\n<p><b>Predmet dokazovania legaliz\u00e1cie pr\u00edjmov z\u00a0trestnej \u010dinnosti \u2013 s\u00fa\u010dasnos\u0165 a\u00a0smerovanie<\/b><br \/>\n<em>doc. JUDr. Mgr. Jana Viktoryov\u00e1, PhD., JUDr. J\u00e1n Palarec, JUDr. Jaroslav Blatnick\u00fd<\/em><\/p>\n<p>Autori sa v\u00a0pr\u00edspevku venuj\u00fa problematike predmetu dokazovania legaliz\u00e1cie pr\u00edjmov poch\u00e1dzaj\u00facich z\u00a0trestnej \u010dinnosti poukazuj\u00fac na s\u00fa\u010dasn\u00fd v\u00fdvoj a\u00a0nastolen\u00e9 trendy. V\u00a0\u00favodnej \u010dasti pr\u00edspevku vykon\u00e1vaj\u00fa rozbor predmetu a\u00a0rozsahu dokazo-vania vo v\u0161eobecnosti, pri\u010dom n\u00e1sledne v\u0161eobecne platn\u00e9 poznatky aplikuj\u00fa na pr\u00ed-pady dokazovania legaliz\u00e1cie pr\u00edjmov poch\u00e1dzaj\u00facich z\u00a0trestnej \u010dinnosti. Osobitn\u00fa pozornos\u0165 zameriavaj\u00fa na okolnosti princ\u00edpu istoty dokazovania ako defini\u010dn\u00e9ho znaku pr\u00e1vneho \u0161t\u00e1tu a in\u0161tit\u00fatu \u0165archy d\u00f4kazn\u00e9ho bremena spo\u010d\u00edvaj\u00faceho v\u00a0dosta-to\u010dnom preuk\u00e1zan\u00ed okolnost\u00ed predmetu dokazovania, d\u00f4le\u017eit\u00fdch pre rozhodnutie vo veci samej. V\u00a0z\u00e1vere\u010dnej \u010dasti pr\u00edspevku poukazuj\u00fa na legislat\u00edvnu rovinu rie\u0161enej problematiky, najm\u00e4 vo vz\u0165ahu k schv\u00e1leniu<em>\u00a0n<\/em><span class=\"modrytext1\">ov\u00e9ho z\u00e1kona \u010d. 297\/2008 Z. z. o\u00a0ochrane pred legaliz\u00e1ciou pr\u00edjmov z\u00a0trestnej \u010dinnosti a\u00a0financovan\u00edm terorizmu a\u00a0o\u00a0zmene a\u00a0doplnen\u00ed niektor\u00fdch z\u00e1konov, ktor\u00fdm boli s\u00a0\u00fa\u010dinnos\u0165ou od 1. septembra 2008 prijat\u00e9\u00a0<\/span><em>nov\u00e9, \u00fa\u010dinnej\u0161ie opatrenia proti legaliz\u00e1cii pr\u00edjmov poch\u00e1dzaj\u00facich z\u00a0trestnej \u010dinnosti.<\/em><br \/>\n<b>K\u013e\u00fa\u010dov\u00e9 slov\u00e1:\u00a0<\/b>d\u00f4kazn\u00e9 bremeno, istota dokazovania, neobvykl\u00e1 obchodn\u00e1 ope-r\u00e1cia, predmet a\u00a0rozsah dokazovania, predv\u00eddate\u013enos\u0165 pr\u00e1va, trestn\u00fd \u010din legaliz\u00e1cie pr\u00edjmu z\u00a0trestnej \u010dinnosti.<\/p>\n<hr \/>\n<p><a href=\"https:\/\/veda.polac.cz\/?page_id=1636\">Zp\u011bt<\/a><\/p>\n","protected":false},"excerpt":{"rendered":"<p>Resum\u00e9 \u010dl\u00e1nku Predmet dokazovania legaliz\u00e1cie pr\u00edjmov z\u00a0trestnej \u010dinnosti \u2013 s\u00fa\u010dasnos\u0165 a\u00a0smerovanie doc. JUDr. Mgr. Jana Viktoryov\u00e1, PhD., JUDr. J\u00e1n Palarec, JUDr. Jaroslav Blatnick\u00fd Autori sa v\u00a0pr\u00edspevku venuj\u00fa problematike predmetu dokazovania legaliz\u00e1cie pr\u00edjmov poch\u00e1dzaj\u00facich z\u00a0trestnej \u010dinnosti poukazuj\u00fac na s\u00fa\u010dasn\u00fd v\u00fdvoj a\u00a0nastolen\u00e9 trendy. V\u00a0\u00favodnej \u010dasti pr\u00edspevku vykon\u00e1vaj\u00fa rozbor predmetu a\u00a0rozsahu dokazo-vania vo v\u0161eobecnosti, pri\u010dom n\u00e1sledne v\u0161eobecne platn\u00e9 [&hellip;]<\/p>\n","protected":false},"author":2,"featured_media":0,"parent":1636,"menu_order":0,"comment_status":"closed","ping_status":"closed","template":"","meta":{"footnotes":""},"class_list":["post-2889","page","type-page","status-publish","hentry"],"_links":{"self":[{"href":"https:\/\/veda.polac.cz\/index.php?rest_route=\/wp\/v2\/pages\/2889","targetHints":{"allow":["GET"]}}],"collection":[{"href":"https:\/\/veda.polac.cz\/index.php?rest_route=\/wp\/v2\/pages"}],"about":[{"href":"https:\/\/veda.polac.cz\/index.php?rest_route=\/wp\/v2\/types\/page"}],"author":[{"embeddable":true,"href":"https:\/\/veda.polac.cz\/index.php?rest_route=\/wp\/v2\/users\/2"}],"replies":[{"embeddable":true,"href":"https:\/\/veda.polac.cz\/index.php?rest_route=%2Fwp%2Fv2%2Fcomments&post=2889"}],"version-history":[{"count":2,"href":"https:\/\/veda.polac.cz\/index.php?rest_route=\/wp\/v2\/pages\/2889\/revisions"}],"predecessor-version":[{"id":2921,"href":"https:\/\/veda.polac.cz\/index.php?rest_route=\/wp\/v2\/pages\/2889\/revisions\/2921"}],"up":[{"embeddable":true,"href":"https:\/\/veda.polac.cz\/index.php?rest_route=\/wp\/v2\/pages\/1636"}],"wp:attachment":[{"href":"https:\/\/veda.polac.cz\/index.php?rest_route=%2Fwp%2Fv2%2Fmedia&parent=2889"}],"curies":[{"name":"wp","href":"https:\/\/api.w.org\/{rel}","templated":true}]}}